{"id":1932,"date":"2025-06-28T11:58:19","date_gmt":"2025-06-28T09:58:19","guid":{"rendered":"https:\/\/uj.adatbank.ro\/lexikon\/termek\/balasffy-gabor-balasfi-gabor-balasffi-gabor-balasfy-gabor\/"},"modified":"2025-06-28T11:58:19","modified_gmt":"2025-06-28T09:58:19","slug":"balasffy-gabor-balasfi-gabor-balasffi-gabor-balasfy-gabor","status":"publish","type":"product","link":"https:\/\/uj.adatbank.ro\/lexikon\/termek\/balasffy-gabor-balasfi-gabor-balasffi-gabor-balasfy-gabor\/","title":{"rendered":"BAL\u00c1SFFY G\u00e1bor, Bal\u00e1sfi G\u00e1bor, Bal\u00e1sffi G\u00e1bor, Bal\u00e1sfy G\u00e1bor"},"content":{"rendered":"<p>? \u2020\u00a0? : f\u00f6ldes\u00far. \u2013 Maroscsap\u00f3 lak\u00f3ss\u00e1ga katolikus, majd ref. lett \u00e9s az \u0151 idej\u00e9ben unit. vall\u00e1s\u00fav\u00e1 v\u00e1lt (1575). <br \/><strong>Irod.:<\/strong> L\u00e9sty\u00e1n \u2013 templomok 2.<\/br><\/p>\n","protected":false},"excerpt":{"rendered":"<p>? \u2020\u00a0? : f\u00f6ldes\u00far. \u2013 Maroscsap\u00f3 lak\u00f3ss\u00e1ga katolikus, majd ref. lett \u00e9s az \u0151 idej\u00e9ben unit. vall\u00e1s\u00fav\u00e1 v\u00e1lt (1575). Irod.: L\u00e9sty\u00e1n \u2013 templomok 2.<\/p>\n","protected":false},"featured_media":0,"comment_status":"open","ping_status":"closed","template":"","meta":[],"product_brand":[],"product_cat":[137],"product_tag":[],"class_list":{"0":"post-1932","1":"product","2":"type-product","3":"status-publish","5":"product_cat-maros-megyei-eletrajzi-lexikon","7":"first","8":"instock","9":"shipping-taxable","10":"product-type-simple"},"_links":{"self":[{"href":"https:\/\/uj.adatbank.ro\/lexikon\/wp-json\/wp\/v2\/product\/1932","targetHints":{"allow":["GET"]}}],"collection":[{"href":"https:\/\/uj.adatbank.ro\/lexikon\/wp-json\/wp\/v2\/product"}],"about":[{"href":"https:\/\/uj.adatbank.ro\/lexikon\/wp-json\/wp\/v2\/types\/product"}],"replies":[{"embeddable":true,"href":"https:\/\/uj.adatbank.ro\/lexikon\/wp-json\/wp\/v2\/comments?post=1932"}],"wp:attachment":[{"href":"https:\/\/uj.adatbank.ro\/lexikon\/wp-json\/wp\/v2\/media?parent=1932"}],"wp:term":[{"taxonomy":"product_brand","embeddable":true,"href":"https:\/\/uj.adatbank.ro\/lexikon\/wp-json\/wp\/v2\/product_brand?post=1932"},{"taxonomy":"product_cat","embeddable":true,"href":"https:\/\/uj.adatbank.ro\/lexikon\/wp-json\/wp\/v2\/product_cat?post=1932"},{"taxonomy":"product_tag","embeddable":true,"href":"https:\/\/uj.adatbank.ro\/lexikon\/wp-json\/wp\/v2\/product_tag?post=1932"}],"curies":[{"name":"wp","href":"https:\/\/api.w.org\/{rel}","templated":true}]}}