{"id":1934,"date":"2025-06-28T11:58:24","date_gmt":"2025-06-28T09:58:24","guid":{"rendered":"https:\/\/uj.adatbank.ro\/lexikon\/termek\/balasffy-zsigmond-balasfi-zsigmond-balasffi-zsigmond\/"},"modified":"2025-06-28T11:58:24","modified_gmt":"2025-06-28T09:58:24","slug":"balasffy-zsigmond-balasfi-zsigmond-balasffi-zsigmond","status":"publish","type":"product","link":"https:\/\/uj.adatbank.ro\/lexikon\/termek\/balasffy-zsigmond-balasfi-zsigmond-balasffi-zsigmond\/","title":{"rendered":"BAL\u00c1SFFY Zsigmond, Bal\u00e1sfi Zsigmond, Bal\u00e1sffi Zsigmond"},"content":{"rendered":"<p>? \u2020 ? : nemes. \u2013 K\u00fck\u00fcll\u0151 vm.-i nemes, a Szebenbe menek\u00fclt nemess\u00e9g a cs\u00e1sz\u00e1rhoz k\u00fcldte seg\u00edts\u00e9g\u00e9rt. Gener\u00e1lis perceptor (1708-09). <br \/><strong>Irod.:<\/strong> Wessel\u00e9nyi Istv\u00e1n<\/br><\/p>\n","protected":false},"excerpt":{"rendered":"<p>? \u2020 ? : nemes. \u2013 K\u00fck\u00fcll\u0151 vm.-i nemes, a Szebenbe menek\u00fclt nemess\u00e9g a cs\u00e1sz\u00e1rhoz k\u00fcldte seg\u00edts\u00e9g\u00e9rt. Gener\u00e1lis perceptor (1708-09). Irod.: Wessel\u00e9nyi Istv\u00e1n<\/p>\n","protected":false},"featured_media":0,"comment_status":"open","ping_status":"closed","template":"","meta":[],"product_brand":[],"product_cat":[137],"product_tag":[],"class_list":{"0":"post-1934","1":"product","2":"type-product","3":"status-publish","5":"product_cat-maros-megyei-eletrajzi-lexikon","7":"first","8":"instock","9":"shipping-taxable","10":"product-type-simple"},"_links":{"self":[{"href":"https:\/\/uj.adatbank.ro\/lexikon\/wp-json\/wp\/v2\/product\/1934","targetHints":{"allow":["GET"]}}],"collection":[{"href":"https:\/\/uj.adatbank.ro\/lexikon\/wp-json\/wp\/v2\/product"}],"about":[{"href":"https:\/\/uj.adatbank.ro\/lexikon\/wp-json\/wp\/v2\/types\/product"}],"replies":[{"embeddable":true,"href":"https:\/\/uj.adatbank.ro\/lexikon\/wp-json\/wp\/v2\/comments?post=1934"}],"wp:attachment":[{"href":"https:\/\/uj.adatbank.ro\/lexikon\/wp-json\/wp\/v2\/media?parent=1934"}],"wp:term":[{"taxonomy":"product_brand","embeddable":true,"href":"https:\/\/uj.adatbank.ro\/lexikon\/wp-json\/wp\/v2\/product_brand?post=1934"},{"taxonomy":"product_cat","embeddable":true,"href":"https:\/\/uj.adatbank.ro\/lexikon\/wp-json\/wp\/v2\/product_cat?post=1934"},{"taxonomy":"product_tag","embeddable":true,"href":"https:\/\/uj.adatbank.ro\/lexikon\/wp-json\/wp\/v2\/product_tag?post=1934"}],"curies":[{"name":"wp","href":"https:\/\/api.w.org\/{rel}","templated":true}]}}