{"id":1935,"date":"2025-06-28T11:58:25","date_gmt":"2025-06-28T09:58:25","guid":{"rendered":"https:\/\/uj.adatbank.ro\/lexikon\/termek\/balasi-andras-balasi-endre-balazs-andras\/"},"modified":"2025-06-28T11:58:25","modified_gmt":"2025-06-28T09:58:25","slug":"balasi-andras-balasi-endre-balazs-andras","status":"publish","type":"product","link":"https:\/\/uj.adatbank.ro\/lexikon\/termek\/balasi-andras-balasi-endre-balazs-andras\/","title":{"rendered":"BAL\u00c1SI Andr\u00e1s, Bal\u00e1si Endre, Bal\u00e1zs Andr\u00e1s"},"content":{"rendered":"<p>Sz\u00e9kelyudvarhely, 1888. jan. 10., \u2020 Sz\u00e9kelyudvarhely, 1974. aug. 2.: r. k. pap. \u2013 A gimn.-ot sz\u00fcl\u0151v\u00e1ros\u00e1ban, teol\u00f3gi\u00e1t Gyulafeh\u00e9rv\u00e1ron v\u00e9gezte, ahol papp\u00e1 szentelt\u00e9k (1917. j\u00fan. 30.). H\u00e1zineve\u0151k\u00e9nt kezdte tev\u00e9kenys\u00e9g\u00e9t, majd k\u00e1pl\u00e1n Bar\u00f3ton (1918\u2013), Sz\u00e9kelyudvarhelyen (1920\u2013). Lelkip\u00e9sztor Magyarfenesen (1922\u2013), k\u00e1pl\u00e1n Kv.-on (1924\u2013), lelkip\u00e1sztor \u00d3radn\u00e1n (1927), D\u00e9sakn\u00e1n (1928\u2013), Parajdon (1932), Homor\u00f3dkar\u00e1csonyfalv\u00e1n (1933\u2013), Sz\u00e9kelyk\u00e1lon (1936\u2013), Egrest\u0151n (1937\u201352). \u2013 <strong>F. m.:<\/strong> Bal\u00e1zs Andr\u00e1s: Besz\u00e9lget\u00e9s egy t\u00f6rekv\u0151vel (Odorheiu, 1925). <br \/><strong>Irod.:<\/strong> Ferenczi S\u00e1ndor 2009; Maros-k\u00fck\u00fcll\u0151i f\u0151esp.<\/br><\/p>\n","protected":false},"excerpt":{"rendered":"<p>Sz\u00e9kelyudvarhely, 1888. jan. 10., \u2020 Sz\u00e9kelyudvarhely, 1974. aug. 2.: r. k. pap. \u2013 A gimn.-ot sz\u00fcl\u0151v\u00e1ros\u00e1ban, teol\u00f3gi\u00e1t Gyulafeh\u00e9rv\u00e1ron v\u00e9gezte, ahol papp\u00e1 szentelt\u00e9k (1917. j\u00fan. 30.). H\u00e1zineve\u0151k\u00e9nt kezdte tev\u00e9kenys\u00e9g\u00e9t, majd k\u00e1pl\u00e1n Bar\u00f3ton (1918\u2013), Sz\u00e9kelyudvarhelyen (1920\u2013). Lelkip\u00e9sztor Magyarfenesen (1922\u2013), k\u00e1pl\u00e1n Kv.-on (1924\u2013), lelkip\u00e1sztor \u00d3radn\u00e1n (1927), D\u00e9sakn\u00e1n (1928\u2013), Parajdon (1932), Homor\u00f3dkar\u00e1csonyfalv\u00e1n (1933\u2013), Sz\u00e9kelyk\u00e1lon (1936\u2013), Egrest\u0151n (1937\u201352). \u2013 F. [&hellip;]<\/p>\n","protected":false},"featured_media":0,"comment_status":"open","ping_status":"closed","template":"","meta":[],"product_brand":[],"product_cat":[137],"product_tag":[],"class_list":{"0":"post-1935","1":"product","2":"type-product","3":"status-publish","5":"product_cat-maros-megyei-eletrajzi-lexikon","7":"first","8":"instock","9":"shipping-taxable","10":"product-type-simple"},"_links":{"self":[{"href":"https:\/\/uj.adatbank.ro\/lexikon\/wp-json\/wp\/v2\/product\/1935","targetHints":{"allow":["GET"]}}],"collection":[{"href":"https:\/\/uj.adatbank.ro\/lexikon\/wp-json\/wp\/v2\/product"}],"about":[{"href":"https:\/\/uj.adatbank.ro\/lexikon\/wp-json\/wp\/v2\/types\/product"}],"replies":[{"embeddable":true,"href":"https:\/\/uj.adatbank.ro\/lexikon\/wp-json\/wp\/v2\/comments?post=1935"}],"wp:attachment":[{"href":"https:\/\/uj.adatbank.ro\/lexikon\/wp-json\/wp\/v2\/media?parent=1935"}],"wp:term":[{"taxonomy":"product_brand","embeddable":true,"href":"https:\/\/uj.adatbank.ro\/lexikon\/wp-json\/wp\/v2\/product_brand?post=1935"},{"taxonomy":"product_cat","embeddable":true,"href":"https:\/\/uj.adatbank.ro\/lexikon\/wp-json\/wp\/v2\/product_cat?post=1935"},{"taxonomy":"product_tag","embeddable":true,"href":"https:\/\/uj.adatbank.ro\/lexikon\/wp-json\/wp\/v2\/product_tag?post=1935"}],"curies":[{"name":"wp","href":"https:\/\/api.w.org\/{rel}","templated":true}]}}