{"id":1943,"date":"2025-06-28T11:58:45","date_gmt":"2025-06-28T09:58:45","guid":{"rendered":"https:\/\/uj.adatbank.ro\/lexikon\/termek\/balassi-mihaly\/"},"modified":"2025-06-28T11:58:45","modified_gmt":"2025-06-28T09:58:45","slug":"balassi-mihaly","status":"publish","type":"product","link":"https:\/\/uj.adatbank.ro\/lexikon\/termek\/balassi-mihaly\/","title":{"rendered":"BALASSI Mih\u00e1ly"},"content":{"rendered":"<p>? \u2020 ? : kapit\u00e1ny. \u2013 Marossz\u00e9ki f\u0151kapit\u00e1ny, Bethlen G\u00e1bor egyik diplomat\u00e1ja. <br \/><strong>Irod.:<\/strong> Marossz\u00e9ki kr\u00f3nik\u00e1k 1<\/br><\/p>\n","protected":false},"excerpt":{"rendered":"<p>? \u2020 ? : kapit\u00e1ny. \u2013 Marossz\u00e9ki f\u0151kapit\u00e1ny, Bethlen G\u00e1bor egyik diplomat\u00e1ja. Irod.: Marossz\u00e9ki kr\u00f3nik\u00e1k 1<\/p>\n","protected":false},"featured_media":0,"comment_status":"open","ping_status":"closed","template":"","meta":[],"product_brand":[],"product_cat":[137],"product_tag":[],"class_list":{"0":"post-1943","1":"product","2":"type-product","3":"status-publish","5":"product_cat-maros-megyei-eletrajzi-lexikon","7":"first","8":"instock","9":"shipping-taxable","10":"product-type-simple"},"_links":{"self":[{"href":"https:\/\/uj.adatbank.ro\/lexikon\/wp-json\/wp\/v2\/product\/1943","targetHints":{"allow":["GET"]}}],"collection":[{"href":"https:\/\/uj.adatbank.ro\/lexikon\/wp-json\/wp\/v2\/product"}],"about":[{"href":"https:\/\/uj.adatbank.ro\/lexikon\/wp-json\/wp\/v2\/types\/product"}],"replies":[{"embeddable":true,"href":"https:\/\/uj.adatbank.ro\/lexikon\/wp-json\/wp\/v2\/comments?post=1943"}],"wp:attachment":[{"href":"https:\/\/uj.adatbank.ro\/lexikon\/wp-json\/wp\/v2\/media?parent=1943"}],"wp:term":[{"taxonomy":"product_brand","embeddable":true,"href":"https:\/\/uj.adatbank.ro\/lexikon\/wp-json\/wp\/v2\/product_brand?post=1943"},{"taxonomy":"product_cat","embeddable":true,"href":"https:\/\/uj.adatbank.ro\/lexikon\/wp-json\/wp\/v2\/product_cat?post=1943"},{"taxonomy":"product_tag","embeddable":true,"href":"https:\/\/uj.adatbank.ro\/lexikon\/wp-json\/wp\/v2\/product_tag?post=1943"}],"curies":[{"name":"wp","href":"https:\/\/api.w.org\/{rel}","templated":true}]}}