{"id":1945,"date":"2025-06-28T11:58:48","date_gmt":"2025-06-28T09:58:48","guid":{"rendered":"https:\/\/uj.adatbank.ro\/lexikon\/termek\/balassy-ferenc-rigmanyi\/"},"modified":"2025-06-28T11:58:48","modified_gmt":"2025-06-28T09:58:48","slug":"balassy-ferenc-rigmanyi","status":"publish","type":"product","link":"https:\/\/uj.adatbank.ro\/lexikon\/termek\/balassy-ferenc-rigmanyi\/","title":{"rendered":"BAL\u00c1SSY Ferenc, rigm\u00e1nyi"},"content":{"rendered":"<p>? \u2020 ? : nemes. \u2013 B\u00e1thori Zsigmondt\u00f3l kapott adom\u00e1nylevelet (1583. j\u00fan. 11.). <br \/><strong>Irod.:<\/strong> P\u00e1lmay<\/br><\/p>\n","protected":false},"excerpt":{"rendered":"<p>? \u2020 ? : nemes. \u2013 B\u00e1thori Zsigmondt\u00f3l kapott adom\u00e1nylevelet (1583. j\u00fan. 11.). Irod.: P\u00e1lmay<\/p>\n","protected":false},"featured_media":0,"comment_status":"open","ping_status":"closed","template":"","meta":[],"product_brand":[],"product_cat":[137],"product_tag":[],"class_list":{"0":"post-1945","1":"product","2":"type-product","3":"status-publish","5":"product_cat-maros-megyei-eletrajzi-lexikon","7":"first","8":"instock","9":"shipping-taxable","10":"product-type-simple"},"_links":{"self":[{"href":"https:\/\/uj.adatbank.ro\/lexikon\/wp-json\/wp\/v2\/product\/1945","targetHints":{"allow":["GET"]}}],"collection":[{"href":"https:\/\/uj.adatbank.ro\/lexikon\/wp-json\/wp\/v2\/product"}],"about":[{"href":"https:\/\/uj.adatbank.ro\/lexikon\/wp-json\/wp\/v2\/types\/product"}],"replies":[{"embeddable":true,"href":"https:\/\/uj.adatbank.ro\/lexikon\/wp-json\/wp\/v2\/comments?post=1945"}],"wp:attachment":[{"href":"https:\/\/uj.adatbank.ro\/lexikon\/wp-json\/wp\/v2\/media?parent=1945"}],"wp:term":[{"taxonomy":"product_brand","embeddable":true,"href":"https:\/\/uj.adatbank.ro\/lexikon\/wp-json\/wp\/v2\/product_brand?post=1945"},{"taxonomy":"product_cat","embeddable":true,"href":"https:\/\/uj.adatbank.ro\/lexikon\/wp-json\/wp\/v2\/product_cat?post=1945"},{"taxonomy":"product_tag","embeddable":true,"href":"https:\/\/uj.adatbank.ro\/lexikon\/wp-json\/wp\/v2\/product_tag?post=1945"}],"curies":[{"name":"wp","href":"https:\/\/api.w.org\/{rel}","templated":true}]}}