{"id":1951,"date":"2025-06-28T11:59:00","date_gmt":"2025-06-28T09:59:00","guid":{"rendered":"https:\/\/uj.adatbank.ro\/lexikon\/termek\/balassy-mihaly\/"},"modified":"2025-06-28T11:59:00","modified_gmt":"2025-06-28T09:59:00","slug":"balassy-mihaly","status":"publish","type":"product","link":"https:\/\/uj.adatbank.ro\/lexikon\/termek\/balassy-mihaly\/","title":{"rendered":"BALASSY Mih\u00e1ly"},"content":{"rendered":"<p>? \u2020\u00a0? : f\u0151kapit\u00e1ny, birtokos. \u2013 Szentannai birtokos nemes. Marossz\u00e9k f\u0151kapit\u00e1nya (1610). Mv. v\u00e1rost\u00f3l megvette a szentannaiakt\u00f3l sz\u00e1rmaz\u00f3 birtokokat (1614 el\u0151tt). Ezt Bethlen G\u00e1bor-f\u00e9le \u00f6ssze\u00edr\u00e1sb\u00f3l tudjuk (1614). <br \/><strong>Irod.:<\/strong> Id\u0151t\u00e1r 1; P\u00e1l-Antal 2003; P\u00e1l-Antal 2009; \u00daIL<\/br><\/p>\n","protected":false},"excerpt":{"rendered":"<p>? \u2020\u00a0? : f\u0151kapit\u00e1ny, birtokos. \u2013 Szentannai birtokos nemes. Marossz\u00e9k f\u0151kapit\u00e1nya (1610). Mv. v\u00e1rost\u00f3l megvette a szentannaiakt\u00f3l sz\u00e1rmaz\u00f3 birtokokat (1614 el\u0151tt). Ezt Bethlen G\u00e1bor-f\u00e9le \u00f6ssze\u00edr\u00e1sb\u00f3l tudjuk (1614). Irod.: Id\u0151t\u00e1r 1; P\u00e1l-Antal 2003; P\u00e1l-Antal 2009; \u00daIL<\/p>\n","protected":false},"featured_media":0,"comment_status":"open","ping_status":"closed","template":"","meta":[],"product_brand":[],"product_cat":[137],"product_tag":[],"class_list":{"0":"post-1951","1":"product","2":"type-product","3":"status-publish","5":"product_cat-maros-megyei-eletrajzi-lexikon","7":"first","8":"instock","9":"shipping-taxable","10":"product-type-simple"},"_links":{"self":[{"href":"https:\/\/uj.adatbank.ro\/lexikon\/wp-json\/wp\/v2\/product\/1951","targetHints":{"allow":["GET"]}}],"collection":[{"href":"https:\/\/uj.adatbank.ro\/lexikon\/wp-json\/wp\/v2\/product"}],"about":[{"href":"https:\/\/uj.adatbank.ro\/lexikon\/wp-json\/wp\/v2\/types\/product"}],"replies":[{"embeddable":true,"href":"https:\/\/uj.adatbank.ro\/lexikon\/wp-json\/wp\/v2\/comments?post=1951"}],"wp:attachment":[{"href":"https:\/\/uj.adatbank.ro\/lexikon\/wp-json\/wp\/v2\/media?parent=1951"}],"wp:term":[{"taxonomy":"product_brand","embeddable":true,"href":"https:\/\/uj.adatbank.ro\/lexikon\/wp-json\/wp\/v2\/product_brand?post=1951"},{"taxonomy":"product_cat","embeddable":true,"href":"https:\/\/uj.adatbank.ro\/lexikon\/wp-json\/wp\/v2\/product_cat?post=1951"},{"taxonomy":"product_tag","embeddable":true,"href":"https:\/\/uj.adatbank.ro\/lexikon\/wp-json\/wp\/v2\/product_tag?post=1951"}],"curies":[{"name":"wp","href":"https:\/\/api.w.org\/{rel}","templated":true}]}}