{"id":1952,"date":"2025-06-28T11:59:02","date_gmt":"2025-06-28T09:59:02","guid":{"rendered":"https:\/\/uj.adatbank.ro\/lexikon\/termek\/balassy-rezso-balazsy-rezso\/"},"modified":"2025-06-28T11:59:02","modified_gmt":"2025-06-28T09:59:02","slug":"balassy-rezso-balazsy-rezso","status":"publish","type":"product","link":"https:\/\/uj.adatbank.ro\/lexikon\/termek\/balassy-rezso-balazsy-rezso\/","title":{"rendered":"BAL\u00c1SSY Rezs\u0151, Bal\u00e1zsy Rezs\u0151"},"content":{"rendered":"<p>? \u2020\u00a0? : tisztvisel\u0151. \u2013 Feles\u00e9ge: Pepelovics Erzs\u00e9bet. Fi\u00fak: Rezs\u0151. \u2013 Sz\u00e9kelyudvarhelyr\u0151l ker\u00fclt Mv.-re. A v\u00e1rosh\u00e1za gazdas\u00e1gi hivatalnoka, tb. f\u0151sz\u00e1mvev\u0151. A MSE tik\u00e1ra (1909\u2013). Az MSE vezet\u0151s\u00e9gi tagja, titk\u00e1ra (1913. \u2013), r\u00f6vid ideig. 25 vagon b\u00faz\u00e1t \u00e9s kukoric\u00e1t szerzett a v\u00e1ros sz\u00e1m\u00e1ra a Reg\u00e1tb\u00f3l (1920). V\u00e1rosi helyettes sz\u00e1mvev\u0151v\u00e9 nevezt\u00e9k ki (1921). <br \/><strong>Irod.:<\/strong> Id\u0151t\u00e1r 3; Illy\u00e9s<\/br><\/p>\n","protected":false},"excerpt":{"rendered":"<p>? \u2020\u00a0? : tisztvisel\u0151. \u2013 Feles\u00e9ge: Pepelovics Erzs\u00e9bet. Fi\u00fak: Rezs\u0151. \u2013 Sz\u00e9kelyudvarhelyr\u0151l ker\u00fclt Mv.-re. A v\u00e1rosh\u00e1za gazdas\u00e1gi hivatalnoka, tb. f\u0151sz\u00e1mvev\u0151. A MSE tik\u00e1ra (1909\u2013). Az MSE vezet\u0151s\u00e9gi tagja, titk\u00e1ra (1913. \u2013), r\u00f6vid ideig. 25 vagon b\u00faz\u00e1t \u00e9s kukoric\u00e1t szerzett a v\u00e1ros sz\u00e1m\u00e1ra a Reg\u00e1tb\u00f3l (1920). V\u00e1rosi helyettes sz\u00e1mvev\u0151v\u00e9 nevezt\u00e9k ki (1921). Irod.: Id\u0151t\u00e1r 3; Illy\u00e9s<\/p>\n","protected":false},"featured_media":0,"comment_status":"open","ping_status":"closed","template":"","meta":[],"product_brand":[],"product_cat":[137],"product_tag":[],"class_list":{"0":"post-1952","1":"product","2":"type-product","3":"status-publish","5":"product_cat-maros-megyei-eletrajzi-lexikon","7":"first","8":"instock","9":"shipping-taxable","10":"product-type-simple"},"_links":{"self":[{"href":"https:\/\/uj.adatbank.ro\/lexikon\/wp-json\/wp\/v2\/product\/1952","targetHints":{"allow":["GET"]}}],"collection":[{"href":"https:\/\/uj.adatbank.ro\/lexikon\/wp-json\/wp\/v2\/product"}],"about":[{"href":"https:\/\/uj.adatbank.ro\/lexikon\/wp-json\/wp\/v2\/types\/product"}],"replies":[{"embeddable":true,"href":"https:\/\/uj.adatbank.ro\/lexikon\/wp-json\/wp\/v2\/comments?post=1952"}],"wp:attachment":[{"href":"https:\/\/uj.adatbank.ro\/lexikon\/wp-json\/wp\/v2\/media?parent=1952"}],"wp:term":[{"taxonomy":"product_brand","embeddable":true,"href":"https:\/\/uj.adatbank.ro\/lexikon\/wp-json\/wp\/v2\/product_brand?post=1952"},{"taxonomy":"product_cat","embeddable":true,"href":"https:\/\/uj.adatbank.ro\/lexikon\/wp-json\/wp\/v2\/product_cat?post=1952"},{"taxonomy":"product_tag","embeddable":true,"href":"https:\/\/uj.adatbank.ro\/lexikon\/wp-json\/wp\/v2\/product_tag?post=1952"}],"curies":[{"name":"wp","href":"https:\/\/api.w.org\/{rel}","templated":true}]}}