{"id":19538,"date":"2025-07-22T18:15:46","date_gmt":"2025-07-22T16:15:46","guid":{"rendered":"https:\/\/uj.adatbank.ro\/lexikon\/termek\/saal-samuel\/"},"modified":"2025-07-22T18:15:46","modified_gmt":"2025-07-22T16:15:46","slug":"saal-samuel","status":"publish","type":"product","link":"https:\/\/uj.adatbank.ro\/lexikon\/termek\/saal-samuel\/","title":{"rendered":"SAAL Samuel"},"content":{"rendered":"<p>B\u00e1tos? \u2020?: lelk\u00e9sz, tan\u00e1r: lelk\u00e9sz. \u2013 Tanult T\u00fcbingenben a teol\u00f3gi\u00e1n (1746). Tan\u00e1r volt Beszterc\u00e9n (1751\u201359). <br \/><strong>Irod.:<\/strong> Szab\u00f3\u2013Sz\u00f6gi.<\/br><\/p>\n","protected":false},"excerpt":{"rendered":"<p>B\u00e1tos? \u2020?: lelk\u00e9sz, tan\u00e1r: lelk\u00e9sz. \u2013 Tanult T\u00fcbingenben a teol\u00f3gi\u00e1n (1746). Tan\u00e1r volt Beszterc\u00e9n (1751\u201359). Irod.: Szab\u00f3\u2013Sz\u00f6gi.<\/p>\n","protected":false},"featured_media":0,"comment_status":"open","ping_status":"closed","template":"","meta":[],"product_brand":[],"product_cat":[137],"product_tag":[],"class_list":{"0":"post-19538","1":"product","2":"type-product","3":"status-publish","5":"product_cat-maros-megyei-eletrajzi-lexikon","7":"first","8":"instock","9":"shipping-taxable","10":"product-type-simple"},"_links":{"self":[{"href":"https:\/\/uj.adatbank.ro\/lexikon\/wp-json\/wp\/v2\/product\/19538","targetHints":{"allow":["GET"]}}],"collection":[{"href":"https:\/\/uj.adatbank.ro\/lexikon\/wp-json\/wp\/v2\/product"}],"about":[{"href":"https:\/\/uj.adatbank.ro\/lexikon\/wp-json\/wp\/v2\/types\/product"}],"replies":[{"embeddable":true,"href":"https:\/\/uj.adatbank.ro\/lexikon\/wp-json\/wp\/v2\/comments?post=19538"}],"wp:attachment":[{"href":"https:\/\/uj.adatbank.ro\/lexikon\/wp-json\/wp\/v2\/media?parent=19538"}],"wp:term":[{"taxonomy":"product_brand","embeddable":true,"href":"https:\/\/uj.adatbank.ro\/lexikon\/wp-json\/wp\/v2\/product_brand?post=19538"},{"taxonomy":"product_cat","embeddable":true,"href":"https:\/\/uj.adatbank.ro\/lexikon\/wp-json\/wp\/v2\/product_cat?post=19538"},{"taxonomy":"product_tag","embeddable":true,"href":"https:\/\/uj.adatbank.ro\/lexikon\/wp-json\/wp\/v2\/product_tag?post=19538"}],"curies":[{"name":"wp","href":"https:\/\/api.w.org\/{rel}","templated":true}]}}