{"id":19539,"date":"2025-07-22T18:15:47","date_gmt":"2025-07-22T16:15:47","guid":{"rendered":"https:\/\/uj.adatbank.ro\/lexikon\/termek\/sabadeanu-vasile-%c2%a7\/"},"modified":"2025-07-22T18:15:47","modified_gmt":"2025-07-22T16:15:47","slug":"sabadeanu-vasile-%c2%a7","status":"publish","type":"product","link":"https:\/\/uj.adatbank.ro\/lexikon\/termek\/sabadeanu-vasile-%c2%a7\/","title":{"rendered":"S\u0102B\u0102DEANU, Vasile, \u00a7"},"content":{"rendered":"<p>Mez\u0151szabad, 1903. \u00e1pr. 7., \u2020 Mv., 1995. okt. 20.: szemorvos, egyetemi tan\u00e1r. \u2013 Tanult sz\u00fcl\u0151faluj\u00e1ban \u00e9s a mv.-i R. K. Gimn\u00e1ziumban (1913\u201321), az orvosi egyetemet Kv.-on v\u00e9gezte (1921\u201326); doktor\u00e1lt. Orvosi p\u00e1ly\u00e1j\u00e1t Kv.-on kezdte a Szem\u00e9szeti Klinik\u00e1n, gyakornok, majd tan\u00e1rseg\u00e9d. Mv.-en szakorvos egy ker\u00fcleti rendel\u0151ben (1932\u201340), majd az Eg\u00e9szs\u00e9gbiztos\u00edt\u00f3 igazgat\u00f3ja (1935\u2013); mag\u00e1nrendel\u0151je volt (1934\u201358); Mv. v\u00e1ros alpolg\u00e1rmestere (1937\u201338). Giule\u015fti-en \u00e9s Br\u0103il\u00e1n dolgozott mint f\u0151orvos (1940\u201345). A h\u00e1bor\u00fa alatt katonaorvos hadik\u00f3rh\u00e1zakban (1944\u201345), hazat\u00e9rte ut\u00e1n szem\u00e9sz f\u0151orvos lett Mv.-en (1945\u201348), elkezdte a szem\u00e9szeti betegell\u00e1t\u00e1st egy 30 \u00e1gyas klinikai teremben. Professzor a Szem\u00e9szeti Tansz\u00e9ken (1945\u201373); a K\u00f6zeg\u00e9szs\u00e9g\u00fcgyi Tansz\u00e9k d\u00e9k\u00e1nja (1949. aug. 1. \u2013 1950. szept. 30.); a Szem\u00e9szeti Klinika igazgat\u00f3ja \u00e9s megb\u00edzottk\u00e9nt a Gy\u00f3gyszer\u00e9szeti Kar hivatalos \u00e1tiratait is al\u00e1\u00edrta (1945\u201373). Nyugd\u00edjba vonul\u00e1sa ut\u00e1n konzult\u00e1ns prof. Az orvostudom\u00e1nyok doktora (1964), a Rom\u00e1n Orvosi Akad\u00e9mia tagja. A magyarul is j\u00f3l besz\u00e9l\u0151 egyetemi prof. el\u0151szeretettel foglalkozott az ifj\u00fas\u00e1g nevel\u00e9s\u00e9vel, k\u00e9pz\u00e9s\u00e9vel, ir\u00e1ny\u00edt\u00e1sa alatt t\u00f6bb mint 30 szakorvos \u00e9s f\u0151orvos szerzett szakk\u00e9pes\u00edt\u00e9st. Tudom\u00e1nyos \u00e9rdekl\u0151d\u00e9se f\u0151leg a cheratoconjunctivitis epidemica, a corneea degener\u00e1ci\u00f3 \u00e9s a k\u00f6nnyutak k\u00f3ros elv\u00e1ltoz\u00e1sainak tanulm\u00e1nyoz\u00e1s\u00e1ra terjedt ki. R\u00e9sztvev\u0151je volt hazai szem\u00e9szeti rendezv\u00e9nyeknek. T\u00f6bb k\u00f6zlem\u00e9nye jelent meg hazai \u00e9s nemzetk\u00f6zi foly\u00f3iratokban. Az Oftalmologie c. szaklap szerkeszt\u0151bizotts\u00e1g\u00e1nak tagja. Sz\u00e1mos nemzetk\u00f6zi kongresszuson vett r\u00e9szt. Tank\u00f6nyveket \u00edrt, szerkeszt\u00e9s\u00e9ben a szem\u00e9szeti klinika munkak\u00f6z\u00f6ss\u00e9ge egyetemi jegyzetet adott ki magyar nyelven, \u00e9s sz\u00e1mos tudom\u00e1nyos dolgozatot k\u00f6z\u00f6lt szakfoly\u00f3iratokban, pl. a Clujul Medicalban. A Rom\u00e1n Tudom\u00e1nyos Akad. rendes tagja. T\u00f6bb \u00e1llami elismer\u00e9st, kit\u00fcntet\u00e9st kapott. Hal\u00e1la ut\u00e1n sz\u00fcl\u0151faluja iskol\u00e1ja felvette a nev\u00e9t, eml\u00e9k\u00e9re az \u00e9p\u00fclet fal\u00e1n m\u00e1rv\u00e1nyt\u00e1bl\u00e1t helyeztek el. \u2013 <strong>F. m.<\/strong>: Szem\u00e9szeti jegyzet. (Mv., 1951.); Szem\u00e9szet. (Mv., 1954, 1957); <strong>t\u00e1rssz.:<\/strong> Oftalmologie (Buc., 1958, 1964, 1971.). <br \/><strong>Irod.:<\/strong> C.l. (1995. okt. 25.); Dezs\u0151 Istv\u00e1n; Fodor Ferenc 2000; Genersich; Gy\u00e1rf\u00e1s L 2013; IMF; Koch M\u00e1ria: P\u00e1rbesz\u00e9d egy \u00e9letp\u00e1lya kapcs\u00e1n (V. Z., 1978. m\u00e1rc. 19.); MOGYE; Mv. t\u00f6rt. 2.; [Nekrol\u00f3g] (N\u00fa., 1995. okt. 21.); Pers. mure\u015fene; P\u00e9ter; P\u00e9terffy \u00c1. \u2013 P.P.; Pop Tofolean\u2013F\u00fcl\u00f6p; Sepsisz\u00e9ki; Todea; Viharban.<\/br><\/p>\n","protected":false},"excerpt":{"rendered":"<p>Mez\u0151szabad, 1903. \u00e1pr. 7., \u2020 Mv., 1995. okt. 20.: szemorvos, egyetemi tan\u00e1r. \u2013 Tanult sz\u00fcl\u0151faluj\u00e1ban \u00e9s a mv.-i R. K. Gimn\u00e1ziumban (1913\u201321), az orvosi egyetemet Kv.-on v\u00e9gezte (1921\u201326); doktor\u00e1lt. Orvosi p\u00e1ly\u00e1j\u00e1t Kv.-on kezdte a Szem\u00e9szeti Klinik\u00e1n, gyakornok, majd tan\u00e1rseg\u00e9d. Mv.-en szakorvos egy ker\u00fcleti rendel\u0151ben (1932\u201340), majd az Eg\u00e9szs\u00e9gbiztos\u00edt\u00f3 igazgat\u00f3ja (1935\u2013); mag\u00e1nrendel\u0151je volt (1934\u201358); Mv. v\u00e1ros [&hellip;]<\/p>\n","protected":false},"featured_media":0,"comment_status":"open","ping_status":"closed","template":"","meta":[],"product_brand":[],"product_cat":[137],"product_tag":[],"class_list":{"0":"post-19539","1":"product","2":"type-product","3":"status-publish","5":"product_cat-maros-megyei-eletrajzi-lexikon","7":"first","8":"instock","9":"shipping-taxable","10":"product-type-simple"},"_links":{"self":[{"href":"https:\/\/uj.adatbank.ro\/lexikon\/wp-json\/wp\/v2\/product\/19539","targetHints":{"allow":["GET"]}}],"collection":[{"href":"https:\/\/uj.adatbank.ro\/lexikon\/wp-json\/wp\/v2\/product"}],"about":[{"href":"https:\/\/uj.adatbank.ro\/lexikon\/wp-json\/wp\/v2\/types\/product"}],"replies":[{"embeddable":true,"href":"https:\/\/uj.adatbank.ro\/lexikon\/wp-json\/wp\/v2\/comments?post=19539"}],"wp:attachment":[{"href":"https:\/\/uj.adatbank.ro\/lexikon\/wp-json\/wp\/v2\/media?parent=19539"}],"wp:term":[{"taxonomy":"product_brand","embeddable":true,"href":"https:\/\/uj.adatbank.ro\/lexikon\/wp-json\/wp\/v2\/product_brand?post=19539"},{"taxonomy":"product_cat","embeddable":true,"href":"https:\/\/uj.adatbank.ro\/lexikon\/wp-json\/wp\/v2\/product_cat?post=19539"},{"taxonomy":"product_tag","embeddable":true,"href":"https:\/\/uj.adatbank.ro\/lexikon\/wp-json\/wp\/v2\/product_tag?post=19539"}],"curies":[{"name":"wp","href":"https:\/\/api.w.org\/{rel}","templated":true}]}}