{"id":19540,"date":"2025-07-22T18:15:49","date_gmt":"2025-07-22T16:15:49","guid":{"rendered":"https:\/\/uj.adatbank.ro\/lexikon\/termek\/sabathiel-richard\/"},"modified":"2025-07-22T18:15:49","modified_gmt":"2025-07-22T16:15:49","slug":"sabathiel-richard","status":"publish","type":"product","link":"https:\/\/uj.adatbank.ro\/lexikon\/termek\/sabathiel-richard\/","title":{"rendered":"SABATHIEL Rich\u00e1rd"},"content":{"rendered":"<p>? \u2020?: m\u00e9rn\u00f6k, dr. \u2013 Mv.-en a vasbeton szerkezeteket tervezte a dr. Bern\u00e1dy Gy\u00f6rgy idej\u00e9n kezdem\u00e9nyezett v\u00edzier\u0151m\u0171 l\u00e9tes\u00edt\u00e9s\u00e9n\u00e9l, az \u00faj g\u00e1t \u00e9s a hozz\u00e1 tartoz\u00f3 l\u00e9tes\u00edtm\u00e9nyek tervez\u00e9s\u00e9vel a bp.-i Lenarduzzi c\u00e9get b\u00edzt\u00e1k meg (1912), amelynek tervez\u0151 m\u00e9rn\u00f6ke volt. <br \/><strong>Irod.:<\/strong> Kelemen \u00c1rp\u00e1d: A Turbina (N\u00fa. \u00e9vk. 2009).<\/br><\/p>\n","protected":false},"excerpt":{"rendered":"<p>? \u2020?: m\u00e9rn\u00f6k, dr. \u2013 Mv.-en a vasbeton szerkezeteket tervezte a dr. Bern\u00e1dy Gy\u00f6rgy idej\u00e9n kezdem\u00e9nyezett v\u00edzier\u0151m\u0171 l\u00e9tes\u00edt\u00e9s\u00e9n\u00e9l, az \u00faj g\u00e1t \u00e9s a hozz\u00e1 tartoz\u00f3 l\u00e9tes\u00edtm\u00e9nyek tervez\u00e9s\u00e9vel a bp.-i Lenarduzzi c\u00e9get b\u00edzt\u00e1k meg (1912), amelynek tervez\u0151 m\u00e9rn\u00f6ke volt. Irod.: Kelemen \u00c1rp\u00e1d: A Turbina (N\u00fa. \u00e9vk. 2009).<\/p>\n","protected":false},"featured_media":0,"comment_status":"open","ping_status":"closed","template":"","meta":[],"product_brand":[],"product_cat":[137],"product_tag":[],"class_list":{"0":"post-19540","1":"product","2":"type-product","3":"status-publish","5":"product_cat-maros-megyei-eletrajzi-lexikon","7":"first","8":"instock","9":"shipping-taxable","10":"product-type-simple"},"_links":{"self":[{"href":"https:\/\/uj.adatbank.ro\/lexikon\/wp-json\/wp\/v2\/product\/19540","targetHints":{"allow":["GET"]}}],"collection":[{"href":"https:\/\/uj.adatbank.ro\/lexikon\/wp-json\/wp\/v2\/product"}],"about":[{"href":"https:\/\/uj.adatbank.ro\/lexikon\/wp-json\/wp\/v2\/types\/product"}],"replies":[{"embeddable":true,"href":"https:\/\/uj.adatbank.ro\/lexikon\/wp-json\/wp\/v2\/comments?post=19540"}],"wp:attachment":[{"href":"https:\/\/uj.adatbank.ro\/lexikon\/wp-json\/wp\/v2\/media?parent=19540"}],"wp:term":[{"taxonomy":"product_brand","embeddable":true,"href":"https:\/\/uj.adatbank.ro\/lexikon\/wp-json\/wp\/v2\/product_brand?post=19540"},{"taxonomy":"product_cat","embeddable":true,"href":"https:\/\/uj.adatbank.ro\/lexikon\/wp-json\/wp\/v2\/product_cat?post=19540"},{"taxonomy":"product_tag","embeddable":true,"href":"https:\/\/uj.adatbank.ro\/lexikon\/wp-json\/wp\/v2\/product_tag?post=19540"}],"curies":[{"name":"wp","href":"https:\/\/api.w.org\/{rel}","templated":true}]}}