{"id":19541,"date":"2025-07-22T18:15:51","date_gmt":"2025-07-22T16:15:51","guid":{"rendered":"https:\/\/uj.adatbank.ro\/lexikon\/termek\/sabau-alexandru-%c2%a7\/"},"modified":"2025-07-22T18:15:51","modified_gmt":"2025-07-22T16:15:51","slug":"sabau-alexandru-%c2%a7","status":"publish","type":"product","link":"https:\/\/uj.adatbank.ro\/lexikon\/termek\/sabau-alexandru-%c2%a7\/","title":{"rendered":"SAB\u0102U, Alexandru, \u00a7"},"content":{"rendered":"<p>Mez\u0151szak\u00e1l, 1919. aug. 27.\u2020 Mv.?: tan\u00e1r, lelk\u00e9sz. \u2013 Elemi iskol\u00e1t a sz\u00fcl\u0151faluban, k\u00f6z\u00e9piskol\u00e1t a Petru Maior Gim.-ban Sz\u00e1szr\u00e9genben, Dr.C. Angelescu Tan\u00edt\u00f3k\u00e9pz\u0151-ben Mv.-en v\u00e9gzett, ahol tan\u00edt\u00f3i okl.-t szerzett (1934\u201338), majd k\u00fcl\u00f6nb\u00f6zeti vizsg\u00e1val le\u00e9retts\u00e9gizett (1946). Bal\u00e1zsfalv\u00e1n teol\u00f3gi\u00e1t v\u00e9gzett (1947), l\u00e1togat\u00e1s n\u00e9lk\u00fcl Kv.-on mat.-fizikatan\u00e1ri okl.-t szerzett (1953\u201357). Miut\u00e1n volt tisztvisel\u0151, pedag\u00f3gus, tan\u00edt\u00f3, k\u00f6nyvel\u0151 \u00e9s titk\u00e1r kinevezt\u00e9k mat.-fizikatan\u00e1rnak Mv.-en a Papiu Ilarian L\u00edc.-ba (1958. szept. 1 \u2013 nyugd\u00edjaz\u00e1s\u00e1ig). Vezette a mv.-i Tan\u00e1rk\u00e9pz\u0151 F\u0151iskola tanul\u00f3inak a ped.-i gyakorlat\u00e1t (1961\u201371), titk\u00e1ra volt a Maros Megyei Ped.-i Kabinettnek (1964\u201370), felel\u0151s vezet\u0151je volt a matektan\u00e1rok megyei ped.-i k\u00f6r\u00e9nek, ahol el\u0151ad\u00e1sokat, tud.-os dolgozatokat mutatott be. Kezdem\u00e9nyez\u0151je \u00e9s gyakran vezet\u0151je volt a tanul\u00f3k kultur\u00e1lis tev\u00e9kenys\u00e9g\u00e9nek. A helyi lapok \u00e9s foly\u00f3iratok munkat\u00e1rsa volt, ahol szakcikkeket \u00e9s k\u00f6z\u00e9rdek\u0171 tudos\u00edt\u00e1sokat jelentetett meg. A securitate figyeltette tev\u00e9kenys\u00e9g\u00e9t (1960 k.\u2013). <br \/><strong>Irod.:<\/strong> Bartos 2012; Dasc\u0103li mure\u015feni, 5.; Dasc\u0103lii Papiului.<\/br><\/p>\n","protected":false},"excerpt":{"rendered":"<p>Mez\u0151szak\u00e1l, 1919. aug. 27.\u2020 Mv.?: tan\u00e1r, lelk\u00e9sz. \u2013 Elemi iskol\u00e1t a sz\u00fcl\u0151faluban, k\u00f6z\u00e9piskol\u00e1t a Petru Maior Gim.-ban Sz\u00e1szr\u00e9genben, Dr.C. Angelescu Tan\u00edt\u00f3k\u00e9pz\u0151-ben Mv.-en v\u00e9gzett, ahol tan\u00edt\u00f3i okl.-t szerzett (1934\u201338), majd k\u00fcl\u00f6nb\u00f6zeti vizsg\u00e1val le\u00e9retts\u00e9gizett (1946). Bal\u00e1zsfalv\u00e1n teol\u00f3gi\u00e1t v\u00e9gzett (1947), l\u00e1togat\u00e1s n\u00e9lk\u00fcl Kv.-on mat.-fizikatan\u00e1ri okl.-t szerzett (1953\u201357). Miut\u00e1n volt tisztvisel\u0151, pedag\u00f3gus, tan\u00edt\u00f3, k\u00f6nyvel\u0151 \u00e9s titk\u00e1r kinevezt\u00e9k mat.-fizikatan\u00e1rnak Mv.-en [&hellip;]<\/p>\n","protected":false},"featured_media":0,"comment_status":"open","ping_status":"closed","template":"","meta":[],"product_brand":[],"product_cat":[137],"product_tag":[],"class_list":{"0":"post-19541","1":"product","2":"type-product","3":"status-publish","5":"product_cat-maros-megyei-eletrajzi-lexikon","7":"first","8":"instock","9":"shipping-taxable","10":"product-type-simple"},"_links":{"self":[{"href":"https:\/\/uj.adatbank.ro\/lexikon\/wp-json\/wp\/v2\/product\/19541","targetHints":{"allow":["GET"]}}],"collection":[{"href":"https:\/\/uj.adatbank.ro\/lexikon\/wp-json\/wp\/v2\/product"}],"about":[{"href":"https:\/\/uj.adatbank.ro\/lexikon\/wp-json\/wp\/v2\/types\/product"}],"replies":[{"embeddable":true,"href":"https:\/\/uj.adatbank.ro\/lexikon\/wp-json\/wp\/v2\/comments?post=19541"}],"wp:attachment":[{"href":"https:\/\/uj.adatbank.ro\/lexikon\/wp-json\/wp\/v2\/media?parent=19541"}],"wp:term":[{"taxonomy":"product_brand","embeddable":true,"href":"https:\/\/uj.adatbank.ro\/lexikon\/wp-json\/wp\/v2\/product_brand?post=19541"},{"taxonomy":"product_cat","embeddable":true,"href":"https:\/\/uj.adatbank.ro\/lexikon\/wp-json\/wp\/v2\/product_cat?post=19541"},{"taxonomy":"product_tag","embeddable":true,"href":"https:\/\/uj.adatbank.ro\/lexikon\/wp-json\/wp\/v2\/product_tag?post=19541"}],"curies":[{"name":"wp","href":"https:\/\/api.w.org\/{rel}","templated":true}]}}