{"id":19542,"date":"2025-07-22T18:15:53","date_gmt":"2025-07-22T16:15:53","guid":{"rendered":"https:\/\/uj.adatbank.ro\/lexikon\/termek\/sabau-emil\/"},"modified":"2025-07-22T18:15:53","modified_gmt":"2025-07-22T16:15:53","slug":"sabau-emil","status":"publish","type":"product","link":"https:\/\/uj.adatbank.ro\/lexikon\/termek\/sabau-emil\/","title":{"rendered":"SAB\u0102U, Emil"},"content":{"rendered":"<p>Mez\u0151gerebenes, 1903. \u2020 Mv.?: jog\u00e1sz. Irodaf\u0151n\u00f6k volt a Mv.-i Polg\u00e1rmesteri Hivatalban (1940. aug. 30.-ig). <br \/><strong>Irod.:<\/strong> Suciu.<\/br><\/p>\n","protected":false},"excerpt":{"rendered":"<p>Mez\u0151gerebenes, 1903. \u2020 Mv.?: jog\u00e1sz. Irodaf\u0151n\u00f6k volt a Mv.-i Polg\u00e1rmesteri Hivatalban (1940. aug. 30.-ig). Irod.: Suciu.<\/p>\n","protected":false},"featured_media":0,"comment_status":"open","ping_status":"closed","template":"","meta":[],"product_brand":[],"product_cat":[137],"product_tag":[],"class_list":{"0":"post-19542","1":"product","2":"type-product","3":"status-publish","5":"product_cat-maros-megyei-eletrajzi-lexikon","7":"first","8":"instock","9":"shipping-taxable","10":"product-type-simple"},"_links":{"self":[{"href":"https:\/\/uj.adatbank.ro\/lexikon\/wp-json\/wp\/v2\/product\/19542","targetHints":{"allow":["GET"]}}],"collection":[{"href":"https:\/\/uj.adatbank.ro\/lexikon\/wp-json\/wp\/v2\/product"}],"about":[{"href":"https:\/\/uj.adatbank.ro\/lexikon\/wp-json\/wp\/v2\/types\/product"}],"replies":[{"embeddable":true,"href":"https:\/\/uj.adatbank.ro\/lexikon\/wp-json\/wp\/v2\/comments?post=19542"}],"wp:attachment":[{"href":"https:\/\/uj.adatbank.ro\/lexikon\/wp-json\/wp\/v2\/media?parent=19542"}],"wp:term":[{"taxonomy":"product_brand","embeddable":true,"href":"https:\/\/uj.adatbank.ro\/lexikon\/wp-json\/wp\/v2\/product_brand?post=19542"},{"taxonomy":"product_cat","embeddable":true,"href":"https:\/\/uj.adatbank.ro\/lexikon\/wp-json\/wp\/v2\/product_cat?post=19542"},{"taxonomy":"product_tag","embeddable":true,"href":"https:\/\/uj.adatbank.ro\/lexikon\/wp-json\/wp\/v2\/product_tag?post=19542"}],"curies":[{"name":"wp","href":"https:\/\/api.w.org\/{rel}","templated":true}]}}