{"id":19548,"date":"2025-07-22T18:16:05","date_gmt":"2025-07-22T16:16:05","guid":{"rendered":"https:\/\/uj.adatbank.ro\/lexikon\/termek\/sabau-petru\/"},"modified":"2025-07-22T18:16:05","modified_gmt":"2025-07-22T16:16:05","slug":"sabau-petru","status":"publish","type":"product","link":"https:\/\/uj.adatbank.ro\/lexikon\/termek\/sabau-petru\/","title":{"rendered":"SAB\u0102U, Petru"},"content":{"rendered":"<p>? \u2020?: g. kat. pap. \u2013 Sz\u00e9naf\u0171ben szolg\u00e1lt. Mivel azzal v\u00e1dolt\u00e1k, h. Ioan Groza papnak levelet juttatott el Avram Iancut\u00f3l, amelyben embereket toborzott a n\u00e9pi hadseregbe, Kv.-on t\u00f6rv\u00e9ny el\u00e9 \u00e1ll\u00edtott\u00e1k, de bizony\u00edt\u00e9kok hi\u00e1ny\u00e1ban felmentett\u00e9k (1848. okt. ). <br \/><strong>Irod.:<\/strong> \u015eincan 2006.<\/br><\/p>\n","protected":false},"excerpt":{"rendered":"<p>? \u2020?: g. kat. pap. \u2013 Sz\u00e9naf\u0171ben szolg\u00e1lt. Mivel azzal v\u00e1dolt\u00e1k, h. Ioan Groza papnak levelet juttatott el Avram Iancut\u00f3l, amelyben embereket toborzott a n\u00e9pi hadseregbe, Kv.-on t\u00f6rv\u00e9ny el\u00e9 \u00e1ll\u00edtott\u00e1k, de bizony\u00edt\u00e9kok hi\u00e1ny\u00e1ban felmentett\u00e9k (1848. okt. ). Irod.: \u015eincan 2006.<\/p>\n","protected":false},"featured_media":0,"comment_status":"open","ping_status":"closed","template":"","meta":[],"product_brand":[],"product_cat":[137],"product_tag":[],"class_list":{"0":"post-19548","1":"product","2":"type-product","3":"status-publish","5":"product_cat-maros-megyei-eletrajzi-lexikon","7":"first","8":"instock","9":"shipping-taxable","10":"product-type-simple"},"_links":{"self":[{"href":"https:\/\/uj.adatbank.ro\/lexikon\/wp-json\/wp\/v2\/product\/19548","targetHints":{"allow":["GET"]}}],"collection":[{"href":"https:\/\/uj.adatbank.ro\/lexikon\/wp-json\/wp\/v2\/product"}],"about":[{"href":"https:\/\/uj.adatbank.ro\/lexikon\/wp-json\/wp\/v2\/types\/product"}],"replies":[{"embeddable":true,"href":"https:\/\/uj.adatbank.ro\/lexikon\/wp-json\/wp\/v2\/comments?post=19548"}],"wp:attachment":[{"href":"https:\/\/uj.adatbank.ro\/lexikon\/wp-json\/wp\/v2\/media?parent=19548"}],"wp:term":[{"taxonomy":"product_brand","embeddable":true,"href":"https:\/\/uj.adatbank.ro\/lexikon\/wp-json\/wp\/v2\/product_brand?post=19548"},{"taxonomy":"product_cat","embeddable":true,"href":"https:\/\/uj.adatbank.ro\/lexikon\/wp-json\/wp\/v2\/product_cat?post=19548"},{"taxonomy":"product_tag","embeddable":true,"href":"https:\/\/uj.adatbank.ro\/lexikon\/wp-json\/wp\/v2\/product_tag?post=19548"}],"curies":[{"name":"wp","href":"https:\/\/api.w.org\/{rel}","templated":true}]}}