{"id":19551,"date":"2025-07-22T18:16:11","date_gmt":"2025-07-22T16:16:11","guid":{"rendered":"https:\/\/uj.adatbank.ro\/lexikon\/termek\/sabau-zaharie\/"},"modified":"2025-07-22T18:16:11","modified_gmt":"2025-07-22T16:16:11","slug":"sabau-zaharie","status":"publish","type":"product","link":"https:\/\/uj.adatbank.ro\/lexikon\/termek\/sabau-zaharie\/","title":{"rendered":"SAB\u0102U Zaharie"},"content":{"rendered":"<p>Mez\u0151szokol, 1921. szept. 7. \u2020?: m\u0171b\u00fatorasztalos. \u2013 Elemi isk. a sz\u00fcl\u0151faluban v\u00e9gezte, majd Buk.-ben inaskodott Dudman \u015etefan asztalosn\u00e1l (1940\u201341), azut\u00e1n Anton Staveckn\u00e9l (1941\u201343), v\u00e9g\u00fcl Toma Diaconuln\u00e1l (1946\u20131948). Hazat\u00e9rt \u00e9s a r\u00e9geni I.P.I.L.cs\u00f3nak r\u00e9szleg\u00e9n helyezkedett el (1949. szept.\u2013), ahonnan \u2013 annak megalakul\u00e1sakor \u2013 \u00e1thelyezt\u00e9k a L\u00e9ghaj\u00f3 \u00c9p\u00edt\u0151 R\u00e9szlegre asztalosk\u00e9nt (1950. m\u00e1rc.\u2013), azut\u00e1n mesterk\u00e9nt (1951\u2013), majd f\u0151mesterk\u00e9nt (1956\u2013), ir\u00e1ny\u00edtotta a h\u00e1rom asztalosm\u0171helyt, ahol a vitorl\u00e1z\u00f3rep\u00fcl\u0151g\u00e9peket gy\u00e1rtott\u00e1k (Fogarasi L\u00e1szl\u00f3val egy\u00fctt). Kiv\u00e1l\u00f3 tev\u00e9kenys\u00e9g\u00e9\u00e9rt a RNK \u00c1llami D\u00edj\u00e1val t\u00fcntett\u00e9k ki (1954). <br \/><strong>Irod.:<\/strong> Bartos\u2013Bitto\u2013Magyary.<\/br><\/p>\n","protected":false},"excerpt":{"rendered":"<p>Mez\u0151szokol, 1921. szept. 7. \u2020?: m\u0171b\u00fatorasztalos. \u2013 Elemi isk. a sz\u00fcl\u0151faluban v\u00e9gezte, majd Buk.-ben inaskodott Dudman \u015etefan asztalosn\u00e1l (1940\u201341), azut\u00e1n Anton Staveckn\u00e9l (1941\u201343), v\u00e9g\u00fcl Toma Diaconuln\u00e1l (1946\u20131948). Hazat\u00e9rt \u00e9s a r\u00e9geni I.P.I.L.cs\u00f3nak r\u00e9szleg\u00e9n helyezkedett el (1949. szept.\u2013), ahonnan \u2013 annak megalakul\u00e1sakor \u2013 \u00e1thelyezt\u00e9k a L\u00e9ghaj\u00f3 \u00c9p\u00edt\u0151 R\u00e9szlegre asztalosk\u00e9nt (1950. m\u00e1rc.\u2013), azut\u00e1n mesterk\u00e9nt (1951\u2013), majd f\u0151mesterk\u00e9nt [&hellip;]<\/p>\n","protected":false},"featured_media":0,"comment_status":"open","ping_status":"closed","template":"","meta":[],"product_brand":[],"product_cat":[137],"product_tag":[],"class_list":{"0":"post-19551","1":"product","2":"type-product","3":"status-publish","5":"product_cat-maros-megyei-eletrajzi-lexikon","7":"first","8":"instock","9":"shipping-taxable","10":"product-type-simple"},"_links":{"self":[{"href":"https:\/\/uj.adatbank.ro\/lexikon\/wp-json\/wp\/v2\/product\/19551","targetHints":{"allow":["GET"]}}],"collection":[{"href":"https:\/\/uj.adatbank.ro\/lexikon\/wp-json\/wp\/v2\/product"}],"about":[{"href":"https:\/\/uj.adatbank.ro\/lexikon\/wp-json\/wp\/v2\/types\/product"}],"replies":[{"embeddable":true,"href":"https:\/\/uj.adatbank.ro\/lexikon\/wp-json\/wp\/v2\/comments?post=19551"}],"wp:attachment":[{"href":"https:\/\/uj.adatbank.ro\/lexikon\/wp-json\/wp\/v2\/media?parent=19551"}],"wp:term":[{"taxonomy":"product_brand","embeddable":true,"href":"https:\/\/uj.adatbank.ro\/lexikon\/wp-json\/wp\/v2\/product_brand?post=19551"},{"taxonomy":"product_cat","embeddable":true,"href":"https:\/\/uj.adatbank.ro\/lexikon\/wp-json\/wp\/v2\/product_cat?post=19551"},{"taxonomy":"product_tag","embeddable":true,"href":"https:\/\/uj.adatbank.ro\/lexikon\/wp-json\/wp\/v2\/product_tag?post=19551"}],"curies":[{"name":"wp","href":"https:\/\/api.w.org\/{rel}","templated":true}]}}