{"id":19553,"date":"2025-07-22T18:16:14","date_gmt":"2025-07-22T16:16:14","guid":{"rendered":"https:\/\/uj.adatbank.ro\/lexikon\/termek\/sachs-von-harteneck-johann-hartenecksachs-von\/"},"modified":"2025-07-22T18:16:14","modified_gmt":"2025-07-22T16:16:14","slug":"sachs-von-harteneck-johann-hartenecksachs-von","status":"publish","type":"product","link":"https:\/\/uj.adatbank.ro\/lexikon\/termek\/sachs-von-harteneck-johann-hartenecksachs-von\/","title":{"rendered":"SACHS VON HARTENECK, Johann, Harteneck,Sachs von"},"content":{"rendered":"<p>Eperjes, 1664., \u2020\u00a0Nagyszeben, 1703. dec. 5.: politikus. Az erd\u00e9lyi sz\u00e1sz nemzet p\u00e1rtharcainak r\u00e9szese (1691\u20131703). <br \/><strong>Irod.:<\/strong> F\u00fcl\u00f6p\u2013Ferencz; Zieglauer Ferdinand von: Harteneck, Graf der s\u00e4chsischen Nation und die Siebenb\u00fcrgischen Parteik\u00e4mpfe seiner Zeit 1691\u20131703 (Hermannstadt, 1869).<\/br><\/p>\n","protected":false},"excerpt":{"rendered":"<p>Eperjes, 1664., \u2020\u00a0Nagyszeben, 1703. dec. 5.: politikus. Az erd\u00e9lyi sz\u00e1sz nemzet p\u00e1rtharcainak r\u00e9szese (1691\u20131703). Irod.: F\u00fcl\u00f6p\u2013Ferencz; Zieglauer Ferdinand von: Harteneck, Graf der s\u00e4chsischen Nation und die Siebenb\u00fcrgischen Parteik\u00e4mpfe seiner Zeit 1691\u20131703 (Hermannstadt, 1869).<\/p>\n","protected":false},"featured_media":0,"comment_status":"open","ping_status":"closed","template":"","meta":[],"product_brand":[],"product_cat":[137],"product_tag":[],"class_list":{"0":"post-19553","1":"product","2":"type-product","3":"status-publish","5":"product_cat-maros-megyei-eletrajzi-lexikon","7":"first","8":"instock","9":"shipping-taxable","10":"product-type-simple"},"_links":{"self":[{"href":"https:\/\/uj.adatbank.ro\/lexikon\/wp-json\/wp\/v2\/product\/19553","targetHints":{"allow":["GET"]}}],"collection":[{"href":"https:\/\/uj.adatbank.ro\/lexikon\/wp-json\/wp\/v2\/product"}],"about":[{"href":"https:\/\/uj.adatbank.ro\/lexikon\/wp-json\/wp\/v2\/types\/product"}],"replies":[{"embeddable":true,"href":"https:\/\/uj.adatbank.ro\/lexikon\/wp-json\/wp\/v2\/comments?post=19553"}],"wp:attachment":[{"href":"https:\/\/uj.adatbank.ro\/lexikon\/wp-json\/wp\/v2\/media?parent=19553"}],"wp:term":[{"taxonomy":"product_brand","embeddable":true,"href":"https:\/\/uj.adatbank.ro\/lexikon\/wp-json\/wp\/v2\/product_brand?post=19553"},{"taxonomy":"product_cat","embeddable":true,"href":"https:\/\/uj.adatbank.ro\/lexikon\/wp-json\/wp\/v2\/product_cat?post=19553"},{"taxonomy":"product_tag","embeddable":true,"href":"https:\/\/uj.adatbank.ro\/lexikon\/wp-json\/wp\/v2\/product_tag?post=19553"}],"curies":[{"name":"wp","href":"https:\/\/api.w.org\/{rel}","templated":true}]}}