{"id":19554,"date":"2025-07-22T18:16:15","date_gmt":"2025-07-22T16:16:15","guid":{"rendered":"https:\/\/uj.adatbank.ro\/lexikon\/termek\/sadoveanu-paul-mihu\/"},"modified":"2025-07-22T18:16:15","modified_gmt":"2025-07-22T16:16:15","slug":"sadoveanu-paul-mihu","status":"publish","type":"product","link":"https:\/\/uj.adatbank.ro\/lexikon\/termek\/sadoveanu-paul-mihu\/","title":{"rendered":"SADOVEANU, Paul Mihu"},"content":{"rendered":"<p>Ia\u015fi, 1920. j\u00fal. 3., \u2020 Gyulafeh\u00e9rv\u00e1r, 1944. szept. 28.: tartal\u00e9kos hadnagy, M. Sadoveanu legkisebb fia, egyetemi hallgat\u00f3. \u2013 Tagja volt a 90. ezred 19. szakasz, 28. vad\u00e1sz z\u00e1szl\u00f3alj\u00e1nak, amely r\u00e9szt vett az Erd\u00e9ly felszabad\u00edt\u00e1s\u00e1\u00e9rt v\u00edvott harcokban, a Maroskece\u2013Hadr\u00e9v k\u00f6r\u00fcli harcokban s\u00falyosan megsebes\u00fclt \u00e9s Gyulafeh\u00e9rv\u00e1ron a k\u00f3rh\u00e1zban halt meg. \u2013 <strong>F. m.<\/strong>: Ca florile c\u00e2mpului (1944). <br \/><strong>Irod.:<\/strong> MMK.<\/br><\/p>\n","protected":false},"excerpt":{"rendered":"<p>Ia\u015fi, 1920. j\u00fal. 3., \u2020 Gyulafeh\u00e9rv\u00e1r, 1944. szept. 28.: tartal\u00e9kos hadnagy, M. Sadoveanu legkisebb fia, egyetemi hallgat\u00f3. \u2013 Tagja volt a 90. ezred 19. szakasz, 28. vad\u00e1sz z\u00e1szl\u00f3alj\u00e1nak, amely r\u00e9szt vett az Erd\u00e9ly felszabad\u00edt\u00e1s\u00e1\u00e9rt v\u00edvott harcokban, a Maroskece\u2013Hadr\u00e9v k\u00f6r\u00fcli harcokban s\u00falyosan megsebes\u00fclt \u00e9s Gyulafeh\u00e9rv\u00e1ron a k\u00f3rh\u00e1zban halt meg. \u2013 F. m.: Ca florile c\u00e2mpului (1944). [&hellip;]<\/p>\n","protected":false},"featured_media":0,"comment_status":"open","ping_status":"closed","template":"","meta":[],"product_brand":[],"product_cat":[137],"product_tag":[],"class_list":{"0":"post-19554","1":"product","2":"type-product","3":"status-publish","5":"product_cat-maros-megyei-eletrajzi-lexikon","7":"first","8":"instock","9":"shipping-taxable","10":"product-type-simple"},"_links":{"self":[{"href":"https:\/\/uj.adatbank.ro\/lexikon\/wp-json\/wp\/v2\/product\/19554","targetHints":{"allow":["GET"]}}],"collection":[{"href":"https:\/\/uj.adatbank.ro\/lexikon\/wp-json\/wp\/v2\/product"}],"about":[{"href":"https:\/\/uj.adatbank.ro\/lexikon\/wp-json\/wp\/v2\/types\/product"}],"replies":[{"embeddable":true,"href":"https:\/\/uj.adatbank.ro\/lexikon\/wp-json\/wp\/v2\/comments?post=19554"}],"wp:attachment":[{"href":"https:\/\/uj.adatbank.ro\/lexikon\/wp-json\/wp\/v2\/media?parent=19554"}],"wp:term":[{"taxonomy":"product_brand","embeddable":true,"href":"https:\/\/uj.adatbank.ro\/lexikon\/wp-json\/wp\/v2\/product_brand?post=19554"},{"taxonomy":"product_cat","embeddable":true,"href":"https:\/\/uj.adatbank.ro\/lexikon\/wp-json\/wp\/v2\/product_cat?post=19554"},{"taxonomy":"product_tag","embeddable":true,"href":"https:\/\/uj.adatbank.ro\/lexikon\/wp-json\/wp\/v2\/product_tag?post=19554"}],"curies":[{"name":"wp","href":"https:\/\/api.w.org\/{rel}","templated":true}]}}