{"id":19557,"date":"2025-07-22T18:16:20","date_gmt":"2025-07-22T16:16:20","guid":{"rendered":"https:\/\/uj.adatbank.ro\/lexikon\/termek\/safar-gyorgy-2\/"},"modified":"2025-07-22T18:16:20","modified_gmt":"2025-07-22T16:16:20","slug":"safar-gyorgy-2","status":"publish","type":"product","link":"https:\/\/uj.adatbank.ro\/lexikon\/termek\/safar-gyorgy-2\/","title":{"rendered":"S\u00c1F\u00c1R Gy\u00f6rgy"},"content":{"rendered":"<p>Radn\u00f3tf\u00e1i csal\u00e1d: c\u00edmerpecs\u00e9t \u00e9s lesz\u00e1rmaz\u00e1si adatok a gr. Teleki lev\u00e9lt\u00e1rban Marosv\u00e1s\u00e1rhelyt. Nemes birtokos Radn\u00f3tf\u00e1j\u00e1n (1715), Apafi Mih\u00e1lyt\u00f3l vette vagy b\u00e9relte a birtokot. M\u00e1ria Ter\u00e9zia idej\u00e9n a f\u0151korm\u00e1nysz\u00e9k int\u00e9zked\u00e9s\u00e9re vissza kellett szolg\u00e1ltatnia a kincst\u00e1rnak (1766). <br \/><strong>Irod.:<\/strong> Kelemen Lajos 2009; Kempelen.<\/br><\/p>\n","protected":false},"excerpt":{"rendered":"<p>Radn\u00f3tf\u00e1i csal\u00e1d: c\u00edmerpecs\u00e9t \u00e9s lesz\u00e1rmaz\u00e1si adatok a gr. Teleki lev\u00e9lt\u00e1rban Marosv\u00e1s\u00e1rhelyt. Nemes birtokos Radn\u00f3tf\u00e1j\u00e1n (1715), Apafi Mih\u00e1lyt\u00f3l vette vagy b\u00e9relte a birtokot. M\u00e1ria Ter\u00e9zia idej\u00e9n a f\u0151korm\u00e1nysz\u00e9k int\u00e9zked\u00e9s\u00e9re vissza kellett szolg\u00e1ltatnia a kincst\u00e1rnak (1766). Irod.: Kelemen Lajos 2009; Kempelen.<\/p>\n","protected":false},"featured_media":0,"comment_status":"open","ping_status":"closed","template":"","meta":[],"product_brand":[],"product_cat":[137],"product_tag":[],"class_list":{"0":"post-19557","1":"product","2":"type-product","3":"status-publish","5":"product_cat-maros-megyei-eletrajzi-lexikon","7":"first","8":"instock","9":"shipping-taxable","10":"product-type-simple"},"_links":{"self":[{"href":"https:\/\/uj.adatbank.ro\/lexikon\/wp-json\/wp\/v2\/product\/19557","targetHints":{"allow":["GET"]}}],"collection":[{"href":"https:\/\/uj.adatbank.ro\/lexikon\/wp-json\/wp\/v2\/product"}],"about":[{"href":"https:\/\/uj.adatbank.ro\/lexikon\/wp-json\/wp\/v2\/types\/product"}],"replies":[{"embeddable":true,"href":"https:\/\/uj.adatbank.ro\/lexikon\/wp-json\/wp\/v2\/comments?post=19557"}],"wp:attachment":[{"href":"https:\/\/uj.adatbank.ro\/lexikon\/wp-json\/wp\/v2\/media?parent=19557"}],"wp:term":[{"taxonomy":"product_brand","embeddable":true,"href":"https:\/\/uj.adatbank.ro\/lexikon\/wp-json\/wp\/v2\/product_brand?post=19557"},{"taxonomy":"product_cat","embeddable":true,"href":"https:\/\/uj.adatbank.ro\/lexikon\/wp-json\/wp\/v2\/product_cat?post=19557"},{"taxonomy":"product_tag","embeddable":true,"href":"https:\/\/uj.adatbank.ro\/lexikon\/wp-json\/wp\/v2\/product_tag?post=19557"}],"curies":[{"name":"wp","href":"https:\/\/api.w.org\/{rel}","templated":true}]}}