{"id":19558,"date":"2025-07-22T18:16:22","date_gmt":"2025-07-22T16:16:22","guid":{"rendered":"https:\/\/uj.adatbank.ro\/lexikon\/termek\/safari-peter\/"},"modified":"2025-07-22T18:16:22","modified_gmt":"2025-07-22T16:16:22","slug":"safari-peter","status":"publish","type":"product","link":"https:\/\/uj.adatbank.ro\/lexikon\/termek\/safari-peter\/","title":{"rendered":"S\u00c1F\u00c1RI P\u00e9ter"},"content":{"rendered":"<p>? \u2020?: birtokos. \u2013 A mez\u0151b\u00e1ndi\u00a0csal\u00e1d tagjak\u00e9nt kapott \u00fajabb adom\u00e1nylevelet B\u00e1thory G\u00e1bort\u00f3l, egy k\u00fari\u00e1ra Mez\u0151b\u00e1ndon (1609. m\u00e1j. 2.). <br \/><strong>Irod.:<\/strong> P\u00e1lmay.<\/br><\/p>\n","protected":false},"excerpt":{"rendered":"<p>? \u2020?: birtokos. \u2013 A mez\u0151b\u00e1ndi\u00a0csal\u00e1d tagjak\u00e9nt kapott \u00fajabb adom\u00e1nylevelet B\u00e1thory G\u00e1bort\u00f3l, egy k\u00fari\u00e1ra Mez\u0151b\u00e1ndon (1609. m\u00e1j. 2.). Irod.: P\u00e1lmay.<\/p>\n","protected":false},"featured_media":0,"comment_status":"open","ping_status":"closed","template":"","meta":[],"product_brand":[],"product_cat":[137],"product_tag":[],"class_list":{"0":"post-19558","1":"product","2":"type-product","3":"status-publish","5":"product_cat-maros-megyei-eletrajzi-lexikon","7":"first","8":"instock","9":"shipping-taxable","10":"product-type-simple"},"_links":{"self":[{"href":"https:\/\/uj.adatbank.ro\/lexikon\/wp-json\/wp\/v2\/product\/19558","targetHints":{"allow":["GET"]}}],"collection":[{"href":"https:\/\/uj.adatbank.ro\/lexikon\/wp-json\/wp\/v2\/product"}],"about":[{"href":"https:\/\/uj.adatbank.ro\/lexikon\/wp-json\/wp\/v2\/types\/product"}],"replies":[{"embeddable":true,"href":"https:\/\/uj.adatbank.ro\/lexikon\/wp-json\/wp\/v2\/comments?post=19558"}],"wp:attachment":[{"href":"https:\/\/uj.adatbank.ro\/lexikon\/wp-json\/wp\/v2\/media?parent=19558"}],"wp:term":[{"taxonomy":"product_brand","embeddable":true,"href":"https:\/\/uj.adatbank.ro\/lexikon\/wp-json\/wp\/v2\/product_brand?post=19558"},{"taxonomy":"product_cat","embeddable":true,"href":"https:\/\/uj.adatbank.ro\/lexikon\/wp-json\/wp\/v2\/product_cat?post=19558"},{"taxonomy":"product_tag","embeddable":true,"href":"https:\/\/uj.adatbank.ro\/lexikon\/wp-json\/wp\/v2\/product_tag?post=19558"}],"curies":[{"name":"wp","href":"https:\/\/api.w.org\/{rel}","templated":true}]}}