{"id":19559,"date":"2025-07-22T18:16:24","date_gmt":"2025-07-22T16:16:24","guid":{"rendered":"https:\/\/uj.adatbank.ro\/lexikon\/termek\/saffranek-kalman\/"},"modified":"2025-07-22T18:16:24","modified_gmt":"2025-07-22T16:16:24","slug":"saffranek-kalman","status":"publish","type":"product","link":"https:\/\/uj.adatbank.ro\/lexikon\/termek\/saffranek-kalman\/","title":{"rendered":"S\u00c1FFR\u00c1NEK K\u00e1lm\u00e1n"},"content":{"rendered":"<p>Mv., 1874., \u2020?: k\u00e9m\u00e9nysepr\u0151. \u2013 Apja s\u0151t nagyapja is k\u00e9m\u00e9nysepr\u0151 volt, \u00e9desapj\u00e1t\u00f3l vette \u00e1t a mesters\u00e9get (1897). V\u00e9gigharcolta az els\u0151 vh.-t, 3 \u00e9vet t\u00f6lt\u00f6tt orosz fogs\u00e1gban, mint \u0151rmester szerelt le t\u00f6bb kit\u00fcntet\u00e9ssel. <br \/><strong>Irod.:<\/strong> Sz\u00e9kelyf\u00f6ld \u00ed. k.<\/br><\/p>\n","protected":false},"excerpt":{"rendered":"<p>Mv., 1874., \u2020?: k\u00e9m\u00e9nysepr\u0151. \u2013 Apja s\u0151t nagyapja is k\u00e9m\u00e9nysepr\u0151 volt, \u00e9desapj\u00e1t\u00f3l vette \u00e1t a mesters\u00e9get (1897). V\u00e9gigharcolta az els\u0151 vh.-t, 3 \u00e9vet t\u00f6lt\u00f6tt orosz fogs\u00e1gban, mint \u0151rmester szerelt le t\u00f6bb kit\u00fcntet\u00e9ssel. Irod.: Sz\u00e9kelyf\u00f6ld \u00ed. k.<\/p>\n","protected":false},"featured_media":0,"comment_status":"open","ping_status":"closed","template":"","meta":[],"product_brand":[],"product_cat":[137],"product_tag":[],"class_list":{"0":"post-19559","1":"product","2":"type-product","3":"status-publish","5":"product_cat-maros-megyei-eletrajzi-lexikon","7":"first","8":"instock","9":"shipping-taxable","10":"product-type-simple"},"_links":{"self":[{"href":"https:\/\/uj.adatbank.ro\/lexikon\/wp-json\/wp\/v2\/product\/19559","targetHints":{"allow":["GET"]}}],"collection":[{"href":"https:\/\/uj.adatbank.ro\/lexikon\/wp-json\/wp\/v2\/product"}],"about":[{"href":"https:\/\/uj.adatbank.ro\/lexikon\/wp-json\/wp\/v2\/types\/product"}],"replies":[{"embeddable":true,"href":"https:\/\/uj.adatbank.ro\/lexikon\/wp-json\/wp\/v2\/comments?post=19559"}],"wp:attachment":[{"href":"https:\/\/uj.adatbank.ro\/lexikon\/wp-json\/wp\/v2\/media?parent=19559"}],"wp:term":[{"taxonomy":"product_brand","embeddable":true,"href":"https:\/\/uj.adatbank.ro\/lexikon\/wp-json\/wp\/v2\/product_brand?post=19559"},{"taxonomy":"product_cat","embeddable":true,"href":"https:\/\/uj.adatbank.ro\/lexikon\/wp-json\/wp\/v2\/product_cat?post=19559"},{"taxonomy":"product_tag","embeddable":true,"href":"https:\/\/uj.adatbank.ro\/lexikon\/wp-json\/wp\/v2\/product_tag?post=19559"}],"curies":[{"name":"wp","href":"https:\/\/api.w.org\/{rel}","templated":true}]}}