{"id":19566,"date":"2025-07-22T18:16:44","date_gmt":"2025-07-22T16:16:44","guid":{"rendered":"https:\/\/uj.adatbank.ro\/lexikon\/termek\/sala-mihaly-2\/"},"modified":"2025-07-22T18:16:44","modified_gmt":"2025-07-22T16:16:44","slug":"sala-mihaly-2","status":"publish","type":"product","link":"https:\/\/uj.adatbank.ro\/lexikon\/termek\/sala-mihaly-2\/","title":{"rendered":"SALA Mih\u00e1ly"},"content":{"rendered":"<p>? \u2020?: \u00edt\u00e9l\u0151mester. \u2013 Beiktat\u00e1sa Mv.-en volt (1795. j\u00fan. 25.), tisztelet\u00e9re a cancellist\u00e1k sz\u00e9p kom\u00e9di\u00e1t j\u00e1tszottak. <br \/><strong>Irod.:<\/strong> Enyedi: erd\u00e9lyi m. sz\u00ednj\u00e1tsz\u00e1s.<\/br><\/p>\n","protected":false},"excerpt":{"rendered":"<p>? \u2020?: \u00edt\u00e9l\u0151mester. \u2013 Beiktat\u00e1sa Mv.-en volt (1795. j\u00fan. 25.), tisztelet\u00e9re a cancellist\u00e1k sz\u00e9p kom\u00e9di\u00e1t j\u00e1tszottak. Irod.: Enyedi: erd\u00e9lyi m. sz\u00ednj\u00e1tsz\u00e1s.<\/p>\n","protected":false},"featured_media":0,"comment_status":"open","ping_status":"closed","template":"","meta":[],"product_brand":[],"product_cat":[137],"product_tag":[],"class_list":{"0":"post-19566","1":"product","2":"type-product","3":"status-publish","5":"product_cat-maros-megyei-eletrajzi-lexikon","7":"first","8":"instock","9":"shipping-taxable","10":"product-type-simple"},"_links":{"self":[{"href":"https:\/\/uj.adatbank.ro\/lexikon\/wp-json\/wp\/v2\/product\/19566","targetHints":{"allow":["GET"]}}],"collection":[{"href":"https:\/\/uj.adatbank.ro\/lexikon\/wp-json\/wp\/v2\/product"}],"about":[{"href":"https:\/\/uj.adatbank.ro\/lexikon\/wp-json\/wp\/v2\/types\/product"}],"replies":[{"embeddable":true,"href":"https:\/\/uj.adatbank.ro\/lexikon\/wp-json\/wp\/v2\/comments?post=19566"}],"wp:attachment":[{"href":"https:\/\/uj.adatbank.ro\/lexikon\/wp-json\/wp\/v2\/media?parent=19566"}],"wp:term":[{"taxonomy":"product_brand","embeddable":true,"href":"https:\/\/uj.adatbank.ro\/lexikon\/wp-json\/wp\/v2\/product_brand?post=19566"},{"taxonomy":"product_cat","embeddable":true,"href":"https:\/\/uj.adatbank.ro\/lexikon\/wp-json\/wp\/v2\/product_cat?post=19566"},{"taxonomy":"product_tag","embeddable":true,"href":"https:\/\/uj.adatbank.ro\/lexikon\/wp-json\/wp\/v2\/product_tag?post=19566"}],"curies":[{"name":"wp","href":"https:\/\/api.w.org\/{rel}","templated":true}]}}