{"id":19567,"date":"2025-07-22T18:16:48","date_gmt":"2025-07-22T16:16:48","guid":{"rendered":"https:\/\/uj.adatbank.ro\/lexikon\/termek\/sala-samuel-enlaki\/"},"modified":"2025-07-22T18:16:48","modified_gmt":"2025-07-22T16:16:48","slug":"sala-samuel-enlaki","status":"publish","type":"product","link":"https:\/\/uj.adatbank.ro\/lexikon\/termek\/sala-samuel-enlaki\/","title":{"rendered":"SALA S\u00e1muel, \u00e9nlaki"},"content":{"rendered":"<p>? \u2020?: \u00edt\u00e9l\u0151mester. \u2013 Feles\u00e9ge: szavai Alm\u00e1di K\u00e1rolina (1896? \u2013 Harcz\u00f3, 1864. \u00e1pr. 6). Gyermekeik: S. Karolina harcz\u00f3i G\u00e1lfalvi Imr\u00e9n\u00e9; S. Franciska P\u00e1ll Gyul\u00e1n\u00e9; S. Juli\u00e1nna. \u2013 Guberniumi tisztvisel\u0151, a Kir. T\u00e1bla \u00fcln\u00f6ke (1816), Az uralkod\u00f3 t\u00e1blai \u00edt\u00e9l\u0151mesterr\u00e9 nevezte ki (1833. dec. 27). Orsz\u00e1gos \u00edt\u00e9l\u0151mester. <br \/><strong>Irod.:<\/strong> Gy\u00e1szjelent\u0151; Id\u0151t\u00e1r 5\/3.<\/br><\/p>\n","protected":false},"excerpt":{"rendered":"<p>? \u2020?: \u00edt\u00e9l\u0151mester. \u2013 Feles\u00e9ge: szavai Alm\u00e1di K\u00e1rolina (1896? \u2013 Harcz\u00f3, 1864. \u00e1pr. 6). Gyermekeik: S. Karolina harcz\u00f3i G\u00e1lfalvi Imr\u00e9n\u00e9; S. Franciska P\u00e1ll Gyul\u00e1n\u00e9; S. Juli\u00e1nna. \u2013 Guberniumi tisztvisel\u0151, a Kir. T\u00e1bla \u00fcln\u00f6ke (1816), Az uralkod\u00f3 t\u00e1blai \u00edt\u00e9l\u0151mesterr\u00e9 nevezte ki (1833. dec. 27). Orsz\u00e1gos \u00edt\u00e9l\u0151mester. Irod.: Gy\u00e1szjelent\u0151; Id\u0151t\u00e1r 5\/3.<\/p>\n","protected":false},"featured_media":0,"comment_status":"open","ping_status":"closed","template":"","meta":[],"product_brand":[],"product_cat":[137],"product_tag":[],"class_list":{"0":"post-19567","1":"product","2":"type-product","3":"status-publish","5":"product_cat-maros-megyei-eletrajzi-lexikon","7":"first","8":"instock","9":"shipping-taxable","10":"product-type-simple"},"_links":{"self":[{"href":"https:\/\/uj.adatbank.ro\/lexikon\/wp-json\/wp\/v2\/product\/19567","targetHints":{"allow":["GET"]}}],"collection":[{"href":"https:\/\/uj.adatbank.ro\/lexikon\/wp-json\/wp\/v2\/product"}],"about":[{"href":"https:\/\/uj.adatbank.ro\/lexikon\/wp-json\/wp\/v2\/types\/product"}],"replies":[{"embeddable":true,"href":"https:\/\/uj.adatbank.ro\/lexikon\/wp-json\/wp\/v2\/comments?post=19567"}],"wp:attachment":[{"href":"https:\/\/uj.adatbank.ro\/lexikon\/wp-json\/wp\/v2\/media?parent=19567"}],"wp:term":[{"taxonomy":"product_brand","embeddable":true,"href":"https:\/\/uj.adatbank.ro\/lexikon\/wp-json\/wp\/v2\/product_brand?post=19567"},{"taxonomy":"product_cat","embeddable":true,"href":"https:\/\/uj.adatbank.ro\/lexikon\/wp-json\/wp\/v2\/product_cat?post=19567"},{"taxonomy":"product_tag","embeddable":true,"href":"https:\/\/uj.adatbank.ro\/lexikon\/wp-json\/wp\/v2\/product_tag?post=19567"}],"curies":[{"name":"wp","href":"https:\/\/api.w.org\/{rel}","templated":true}]}}