{"id":19569,"date":"2025-07-22T18:16:52","date_gmt":"2025-07-22T16:16:52","guid":{"rendered":"https:\/\/uj.adatbank.ro\/lexikon\/termek\/salagean-alexandru\/"},"modified":"2025-07-22T18:16:52","modified_gmt":"2025-07-22T16:16:52","slug":"salagean-alexandru","status":"publish","type":"product","link":"https:\/\/uj.adatbank.ro\/lexikon\/termek\/salagean-alexandru\/","title":{"rendered":"S\u0102L\u0102GEAN, Alexandru"},"content":{"rendered":"<p>Idecspatak?, \u2020?: ort. pap. \u2013 Idecspatakon lelk\u00e9szk\u00e9nt szolg\u00e1lt. Szolg\u00e1lata idej\u00e9ben kezdt\u00e9k \u00e9p\u00edteni a par\u00f3kia \u00e9p\u00fclet\u00e9t, \u00e9s ikonoszt\u00e1zt \u00e1ll\u00edtottak (1973\u2013); helyettes pap volt Erd\u0151idecsben (1973\u201374). <br \/><strong>Irod.:<\/strong> Reghin, Protopopiat.<\/br><\/p>\n","protected":false},"excerpt":{"rendered":"<p>Idecspatak?, \u2020?: ort. pap. \u2013 Idecspatakon lelk\u00e9szk\u00e9nt szolg\u00e1lt. Szolg\u00e1lata idej\u00e9ben kezdt\u00e9k \u00e9p\u00edteni a par\u00f3kia \u00e9p\u00fclet\u00e9t, \u00e9s ikonoszt\u00e1zt \u00e1ll\u00edtottak (1973\u2013); helyettes pap volt Erd\u0151idecsben (1973\u201374). Irod.: Reghin, Protopopiat.<\/p>\n","protected":false},"featured_media":0,"comment_status":"open","ping_status":"closed","template":"","meta":[],"product_brand":[],"product_cat":[137],"product_tag":[],"class_list":{"0":"post-19569","1":"product","2":"type-product","3":"status-publish","5":"product_cat-maros-megyei-eletrajzi-lexikon","7":"first","8":"instock","9":"shipping-taxable","10":"product-type-simple"},"_links":{"self":[{"href":"https:\/\/uj.adatbank.ro\/lexikon\/wp-json\/wp\/v2\/product\/19569","targetHints":{"allow":["GET"]}}],"collection":[{"href":"https:\/\/uj.adatbank.ro\/lexikon\/wp-json\/wp\/v2\/product"}],"about":[{"href":"https:\/\/uj.adatbank.ro\/lexikon\/wp-json\/wp\/v2\/types\/product"}],"replies":[{"embeddable":true,"href":"https:\/\/uj.adatbank.ro\/lexikon\/wp-json\/wp\/v2\/comments?post=19569"}],"wp:attachment":[{"href":"https:\/\/uj.adatbank.ro\/lexikon\/wp-json\/wp\/v2\/media?parent=19569"}],"wp:term":[{"taxonomy":"product_brand","embeddable":true,"href":"https:\/\/uj.adatbank.ro\/lexikon\/wp-json\/wp\/v2\/product_brand?post=19569"},{"taxonomy":"product_cat","embeddable":true,"href":"https:\/\/uj.adatbank.ro\/lexikon\/wp-json\/wp\/v2\/product_cat?post=19569"},{"taxonomy":"product_tag","embeddable":true,"href":"https:\/\/uj.adatbank.ro\/lexikon\/wp-json\/wp\/v2\/product_tag?post=19569"}],"curies":[{"name":"wp","href":"https:\/\/api.w.org\/{rel}","templated":true}]}}