{"id":19570,"date":"2025-07-22T18:16:54","date_gmt":"2025-07-22T16:16:54","guid":{"rendered":"https:\/\/uj.adatbank.ro\/lexikon\/termek\/salagean-dumitru\/"},"modified":"2025-07-22T18:16:54","modified_gmt":"2025-07-22T16:16:54","slug":"salagean-dumitru","status":"publish","type":"product","link":"https:\/\/uj.adatbank.ro\/lexikon\/termek\/salagean-dumitru\/","title":{"rendered":"S\u0102L\u0102GEAN, Dumitru"},"content":{"rendered":"<p>Csehtelke, 1913., \u2020? 2002. m\u00e1rc. 22.: g. k. pap, monsenior, p\u00e1pai prel\u00e1tus. \u2013 Antikommunista harcos, M\u00e1ramarosszigeten volt b\u00f6rt\u00f6mben 5 \u00e9vet. <br \/><strong>Irod.:<\/strong> C.l. (2002. m\u00e1rc. 23.; Iloaie.<\/br><\/p>\n","protected":false},"excerpt":{"rendered":"<p>Csehtelke, 1913., \u2020? 2002. m\u00e1rc. 22.: g. k. pap, monsenior, p\u00e1pai prel\u00e1tus. \u2013 Antikommunista harcos, M\u00e1ramarosszigeten volt b\u00f6rt\u00f6mben 5 \u00e9vet. Irod.: C.l. (2002. m\u00e1rc. 23.; Iloaie.<\/p>\n","protected":false},"featured_media":0,"comment_status":"open","ping_status":"closed","template":"","meta":[],"product_brand":[],"product_cat":[137],"product_tag":[],"class_list":{"0":"post-19570","1":"product","2":"type-product","3":"status-publish","5":"product_cat-maros-megyei-eletrajzi-lexikon","7":"first","8":"instock","9":"shipping-taxable","10":"product-type-simple"},"_links":{"self":[{"href":"https:\/\/uj.adatbank.ro\/lexikon\/wp-json\/wp\/v2\/product\/19570","targetHints":{"allow":["GET"]}}],"collection":[{"href":"https:\/\/uj.adatbank.ro\/lexikon\/wp-json\/wp\/v2\/product"}],"about":[{"href":"https:\/\/uj.adatbank.ro\/lexikon\/wp-json\/wp\/v2\/types\/product"}],"replies":[{"embeddable":true,"href":"https:\/\/uj.adatbank.ro\/lexikon\/wp-json\/wp\/v2\/comments?post=19570"}],"wp:attachment":[{"href":"https:\/\/uj.adatbank.ro\/lexikon\/wp-json\/wp\/v2\/media?parent=19570"}],"wp:term":[{"taxonomy":"product_brand","embeddable":true,"href":"https:\/\/uj.adatbank.ro\/lexikon\/wp-json\/wp\/v2\/product_brand?post=19570"},{"taxonomy":"product_cat","embeddable":true,"href":"https:\/\/uj.adatbank.ro\/lexikon\/wp-json\/wp\/v2\/product_cat?post=19570"},{"taxonomy":"product_tag","embeddable":true,"href":"https:\/\/uj.adatbank.ro\/lexikon\/wp-json\/wp\/v2\/product_tag?post=19570"}],"curies":[{"name":"wp","href":"https:\/\/api.w.org\/{rel}","templated":true}]}}