{"id":19571,"date":"2025-07-22T18:16:55","date_gmt":"2025-07-22T16:16:55","guid":{"rendered":"https:\/\/uj.adatbank.ro\/lexikon\/termek\/salagean-ioan\/"},"modified":"2025-07-22T18:16:55","modified_gmt":"2025-07-22T16:16:55","slug":"salagean-ioan","status":"publish","type":"product","link":"https:\/\/uj.adatbank.ro\/lexikon\/termek\/salagean-ioan\/","title":{"rendered":"S\u0102L\u0102GEAN, Ioan"},"content":{"rendered":"<p>Idecspatak, 1877. dec. 16., \u2020 Mv., 1956. m\u00e1rc. 30.: ort. pap, tb. esperes, szen\u00e1tor, liber\u00e1lis megyei tan\u00e1csos. Elemi iskol\u00e1it sz\u00fcl\u0151faluj\u00e1ban, a gimn\u00e1ziumot Nasz\u00f3don, a teol\u00f3gi\u00e1t Szebenben (1904) v\u00e9gezte, ahol papp\u00e1 szentelt\u00e9k.\u00a0Sz\u00fcl\u0151faluj\u00e1ban szolg\u00e1lt 40 \u00e9vig (1904\u20131914). Tagja volt a r\u00e9geni esperesi sz\u00e9knek (1915\u2013). A h\u00e1bor\u00fa kit\u00f6r\u00e9sekor a hat\u00f3s\u00e1gok felf\u00fcggesztett\u00e9k \u00e1ll\u00e1s\u00e1b\u00f3l (1914\u201318). Helyettes pl\u00e9b\u00e1nos Sz\u00e1szr\u00e9genben (1923\u201324), ekkor kapta meg a tb. esperes c\u00edmet; m\u00e9g helyettes\u00edtett R\u00e9genben (1946\u201347), nyugd\u00edjazt\u00e1k (1947). Tev\u00e9keny tagja volt az Astr\u00e1nak (1907\u2013). R\u00e9szt vett a k\u00f6z\u00e9letben is: tagja volt a RNP Maros megyei bizotts\u00e1gnak, szen\u00e1tor a rom\u00e1n parlamentben liber\u00e1lis sz\u00ednekben (1933\u2013), ebben a min\u0151s\u00e9g\u00e9ben t\u00f6bb k\u00f6rnyez\u0151 falu kult\u00farotthon\u00e1nak felavat\u00e1s\u00e1n vett r\u00e9szt. <strong>Kit\u00fcntet\u00e9sei:<\/strong> Vulturul Ro\u015fu Lovagrend; R\u0103splata Muncii pentru Biseric\u0103 \u00c9rdemrend III. fokozata. Sz\u00fcl\u0151faluj\u00e1ban k\u00e9nyszerlakhelyen volt (1951\u2013). <br \/><strong>Irod.:<\/strong> Id\u0151t\u00e1r 3; Regh. Cult. 7.; Reghin, Protopopiat.<\/br><\/p>\n","protected":false},"excerpt":{"rendered":"<p>Idecspatak, 1877. dec. 16., \u2020 Mv., 1956. m\u00e1rc. 30.: ort. pap, tb. esperes, szen\u00e1tor, liber\u00e1lis megyei tan\u00e1csos. Elemi iskol\u00e1it sz\u00fcl\u0151faluj\u00e1ban, a gimn\u00e1ziumot Nasz\u00f3don, a teol\u00f3gi\u00e1t Szebenben (1904) v\u00e9gezte, ahol papp\u00e1 szentelt\u00e9k.\u00a0Sz\u00fcl\u0151faluj\u00e1ban szolg\u00e1lt 40 \u00e9vig (1904\u20131914). Tagja volt a r\u00e9geni esperesi sz\u00e9knek (1915\u2013). A h\u00e1bor\u00fa kit\u00f6r\u00e9sekor a hat\u00f3s\u00e1gok felf\u00fcggesztett\u00e9k \u00e1ll\u00e1s\u00e1b\u00f3l (1914\u201318). Helyettes pl\u00e9b\u00e1nos Sz\u00e1szr\u00e9genben (1923\u201324), ekkor [&hellip;]<\/p>\n","protected":false},"featured_media":0,"comment_status":"open","ping_status":"closed","template":"","meta":[],"product_brand":[],"product_cat":[137],"product_tag":[],"class_list":{"0":"post-19571","1":"product","2":"type-product","3":"status-publish","5":"product_cat-maros-megyei-eletrajzi-lexikon","7":"first","8":"instock","9":"shipping-taxable","10":"product-type-simple"},"_links":{"self":[{"href":"https:\/\/uj.adatbank.ro\/lexikon\/wp-json\/wp\/v2\/product\/19571","targetHints":{"allow":["GET"]}}],"collection":[{"href":"https:\/\/uj.adatbank.ro\/lexikon\/wp-json\/wp\/v2\/product"}],"about":[{"href":"https:\/\/uj.adatbank.ro\/lexikon\/wp-json\/wp\/v2\/types\/product"}],"replies":[{"embeddable":true,"href":"https:\/\/uj.adatbank.ro\/lexikon\/wp-json\/wp\/v2\/comments?post=19571"}],"wp:attachment":[{"href":"https:\/\/uj.adatbank.ro\/lexikon\/wp-json\/wp\/v2\/media?parent=19571"}],"wp:term":[{"taxonomy":"product_brand","embeddable":true,"href":"https:\/\/uj.adatbank.ro\/lexikon\/wp-json\/wp\/v2\/product_brand?post=19571"},{"taxonomy":"product_cat","embeddable":true,"href":"https:\/\/uj.adatbank.ro\/lexikon\/wp-json\/wp\/v2\/product_cat?post=19571"},{"taxonomy":"product_tag","embeddable":true,"href":"https:\/\/uj.adatbank.ro\/lexikon\/wp-json\/wp\/v2\/product_tag?post=19571"}],"curies":[{"name":"wp","href":"https:\/\/api.w.org\/{rel}","templated":true}]}}