{"id":19572,"date":"2025-07-22T18:16:57","date_gmt":"2025-07-22T16:16:57","guid":{"rendered":"https:\/\/uj.adatbank.ro\/lexikon\/termek\/salageanu-nicolae-%c2%a7\/"},"modified":"2025-07-22T18:16:57","modified_gmt":"2025-07-22T16:16:57","slug":"salageanu-nicolae-%c2%a7","status":"publish","type":"product","link":"https:\/\/uj.adatbank.ro\/lexikon\/termek\/salageanu-nicolae-%c2%a7\/","title":{"rendered":"S\u0102L\u0102GEANU, Nicolae, \u00a7"},"content":{"rendered":"<p>Idecspatak, 1907. dec. 12., \u2020 Buc., 1988. dec. 25.: botanikus, egyetemi tan\u00e1r. \u2013 Tanult Sz\u00e1szr\u00e9genben, majd a Papiu Ilarian L\u00edceumban (1926), az egyetemet Buk.-ben v\u00e9gezte a Term\u00e9szettudom\u00e1nyi Karon; doktor\u00e1lt (19339. A RTA levelez\u0151 (1948. nov. 1.), majd rendes tagja (1963. m\u00e1rc. 21.). Mint tan\u00e1rseg\u00e9d kezdte egyetemi p\u00e1ly\u00e1j\u00e1t (1938), azt\u00e1n adjunktus, el\u0151ad\u00f3tan\u00e1r \u00e9s prof. a buk-i egyetem Term\u00e9szettudom\u00e1nyi Kar\u00e1n; prorektor (1953\u201357), rektor; k\u00e9pvisel\u0151 (1953\u201357); a Traian S\u0103vulescu Biol\u00f3giai Int\u00e9zet igazgat\u00f3ja. T\u00f6bb mint 70 tudom\u00e1nyos dolgozat szerz\u0151je, f\u0151szerkeszt\u0151je az Ocrotirea Naturii foly\u00f3iratnak. Tagja \u00e9s eln\u00f6ke a Term\u00e9szettudom\u00e1nyi \u00e9s F\u00f6ldrajzi T\u00e1rsas\u00e1gnak (1949); eln\u00f6ke a Term\u00e9szeti \u00d6r\u00f6ks\u00e9get V\u00e9d\u0151 T\u00e1rsas\u00e1gnak. \u2013 <strong>F. m.<\/strong>: Circula\u0163ia substan\u0163elor \u00een corpul plantei. (Buc., 1966.); Fotosinteza. (Buc., 1972, 1981); <strong>t\u00e1rssz.:<\/strong> Fiziologia plantelor (Buc., 1964.); Monumente ale naturii \u00een Rom\u00e2nia (Pop Emillel; Buc., 1965); Nature Reserves \u00een Romania (Pop Emillel; Buc., 1965); Fiziologia plantelor (P\u00e9terfi Istv\u00e1nnal; Buc., 1972.); Fotosinteza. (Atanasiu, Luciannal; Buc., 1981); <strong>szerk.:<\/strong> Prima consf\u0103tuire de fiziologie vegetal\u0103 din R.P.R. (Buc., 1962); Emil Racovi\u0163\u0103. Opere alese (szerk. m\u00e1sokkal; Buc., 1964). <br \/><strong>Irod.:<\/strong> DS\u20132000; Istoria biologiei \u00een date (Buc., 1996); Liceul \u201eAl. Papiu Ilarian\u201d: La 75 de ani. (1994); Ocrotirea Naturii. Tom 12, nr. 1, 1968, p. 95\u201396: foto.; Personalit\u0103\u0163i ale \u015ftiin\u0163ei. Mic dic\u0163ionar. (1977); Personalit\u0103\u0163i rom\u00e2ne\u015fti ale \u015ftiin\u0163elor naturii \u015fi tehnicii (1982); Scurt\u0103 istorie a crea\u0163iei \u015ftiin\u0163ifice \u015fi tehnice rom\u00e2ne\u015fti (1981); Todea.<\/br><\/p>\n","protected":false},"excerpt":{"rendered":"<p>Idecspatak, 1907. dec. 12., \u2020 Buc., 1988. dec. 25.: botanikus, egyetemi tan\u00e1r. \u2013 Tanult Sz\u00e1szr\u00e9genben, majd a Papiu Ilarian L\u00edceumban (1926), az egyetemet Buk.-ben v\u00e9gezte a Term\u00e9szettudom\u00e1nyi Karon; doktor\u00e1lt (19339. A RTA levelez\u0151 (1948. nov. 1.), majd rendes tagja (1963. m\u00e1rc. 21.). Mint tan\u00e1rseg\u00e9d kezdte egyetemi p\u00e1ly\u00e1j\u00e1t (1938), azt\u00e1n adjunktus, el\u0151ad\u00f3tan\u00e1r \u00e9s prof. a buk-i [&hellip;]<\/p>\n","protected":false},"featured_media":0,"comment_status":"open","ping_status":"closed","template":"","meta":[],"product_brand":[],"product_cat":[137],"product_tag":[],"class_list":{"0":"post-19572","1":"product","2":"type-product","3":"status-publish","5":"product_cat-maros-megyei-eletrajzi-lexikon","7":"first","8":"instock","9":"shipping-taxable","10":"product-type-simple"},"_links":{"self":[{"href":"https:\/\/uj.adatbank.ro\/lexikon\/wp-json\/wp\/v2\/product\/19572","targetHints":{"allow":["GET"]}}],"collection":[{"href":"https:\/\/uj.adatbank.ro\/lexikon\/wp-json\/wp\/v2\/product"}],"about":[{"href":"https:\/\/uj.adatbank.ro\/lexikon\/wp-json\/wp\/v2\/types\/product"}],"replies":[{"embeddable":true,"href":"https:\/\/uj.adatbank.ro\/lexikon\/wp-json\/wp\/v2\/comments?post=19572"}],"wp:attachment":[{"href":"https:\/\/uj.adatbank.ro\/lexikon\/wp-json\/wp\/v2\/media?parent=19572"}],"wp:term":[{"taxonomy":"product_brand","embeddable":true,"href":"https:\/\/uj.adatbank.ro\/lexikon\/wp-json\/wp\/v2\/product_brand?post=19572"},{"taxonomy":"product_cat","embeddable":true,"href":"https:\/\/uj.adatbank.ro\/lexikon\/wp-json\/wp\/v2\/product_cat?post=19572"},{"taxonomy":"product_tag","embeddable":true,"href":"https:\/\/uj.adatbank.ro\/lexikon\/wp-json\/wp\/v2\/product_tag?post=19572"}],"curies":[{"name":"wp","href":"https:\/\/api.w.org\/{rel}","templated":true}]}}