{"id":19573,"date":"2025-07-22T18:16:58","date_gmt":"2025-07-22T16:16:58","guid":{"rendered":"https:\/\/uj.adatbank.ro\/lexikon\/termek\/salamon-bela\/"},"modified":"2025-07-22T18:16:58","modified_gmt":"2025-07-22T16:16:58","slug":"salamon-bela","status":"publish","type":"product","link":"https:\/\/uj.adatbank.ro\/lexikon\/termek\/salamon-bela\/","title":{"rendered":"SALAMON B\u00e9la"},"content":{"rendered":"<p>Meggyes, 1889., \u2020\u00a0Auschwitz, 1944.: term\u00e9ny- \u00e9s magkeresked\u0151. \u2013 Iskol\u00e1i elv\u00e9gz\u00e9se ut\u00e1n keresked\u0151 lett, Ny\u00e1r\u00e1dg\u00e1lfalv\u00e1n nyitott \u00fczletet, majd Mv.-en term\u00e9ny- \u00e9s magkeresked\u00e9ssel foglalkozott (1920\u2013), \u00fczlet\u00e9ben 4 alkalmazottat foglalkoztatott. Mv.-r\u0151l a feles\u00e9g\u00e9vel (1890) egy\u00fctt deport\u00e1lt\u00e1k (1944. m\u00e1j. 29.). <br \/><strong>Irod.:<\/strong> Mv. zsid\u00f3s\u00e1ga; Sz\u00e9kelyf\u00f6ld \u00ed. k.<\/br><\/p>\n","protected":false},"excerpt":{"rendered":"<p>Meggyes, 1889., \u2020\u00a0Auschwitz, 1944.: term\u00e9ny- \u00e9s magkeresked\u0151. \u2013 Iskol\u00e1i elv\u00e9gz\u00e9se ut\u00e1n keresked\u0151 lett, Ny\u00e1r\u00e1dg\u00e1lfalv\u00e1n nyitott \u00fczletet, majd Mv.-en term\u00e9ny- \u00e9s magkeresked\u00e9ssel foglalkozott (1920\u2013), \u00fczlet\u00e9ben 4 alkalmazottat foglalkoztatott. Mv.-r\u0151l a feles\u00e9g\u00e9vel (1890) egy\u00fctt deport\u00e1lt\u00e1k (1944. m\u00e1j. 29.). Irod.: Mv. zsid\u00f3s\u00e1ga; Sz\u00e9kelyf\u00f6ld \u00ed. k.<\/p>\n","protected":false},"featured_media":0,"comment_status":"open","ping_status":"closed","template":"","meta":[],"product_brand":[],"product_cat":[137],"product_tag":[],"class_list":{"0":"post-19573","1":"product","2":"type-product","3":"status-publish","5":"product_cat-maros-megyei-eletrajzi-lexikon","7":"first","8":"instock","9":"shipping-taxable","10":"product-type-simple"},"_links":{"self":[{"href":"https:\/\/uj.adatbank.ro\/lexikon\/wp-json\/wp\/v2\/product\/19573","targetHints":{"allow":["GET"]}}],"collection":[{"href":"https:\/\/uj.adatbank.ro\/lexikon\/wp-json\/wp\/v2\/product"}],"about":[{"href":"https:\/\/uj.adatbank.ro\/lexikon\/wp-json\/wp\/v2\/types\/product"}],"replies":[{"embeddable":true,"href":"https:\/\/uj.adatbank.ro\/lexikon\/wp-json\/wp\/v2\/comments?post=19573"}],"wp:attachment":[{"href":"https:\/\/uj.adatbank.ro\/lexikon\/wp-json\/wp\/v2\/media?parent=19573"}],"wp:term":[{"taxonomy":"product_brand","embeddable":true,"href":"https:\/\/uj.adatbank.ro\/lexikon\/wp-json\/wp\/v2\/product_brand?post=19573"},{"taxonomy":"product_cat","embeddable":true,"href":"https:\/\/uj.adatbank.ro\/lexikon\/wp-json\/wp\/v2\/product_cat?post=19573"},{"taxonomy":"product_tag","embeddable":true,"href":"https:\/\/uj.adatbank.ro\/lexikon\/wp-json\/wp\/v2\/product_tag?post=19573"}],"curies":[{"name":"wp","href":"https:\/\/api.w.org\/{rel}","templated":true}]}}