{"id":19574,"date":"2025-07-22T18:17:00","date_gmt":"2025-07-22T16:17:00","guid":{"rendered":"https:\/\/uj.adatbank.ro\/lexikon\/termek\/salamon-endre\/"},"modified":"2025-07-22T18:17:00","modified_gmt":"2025-07-22T16:17:00","slug":"salamon-endre","status":"publish","type":"product","link":"https:\/\/uj.adatbank.ro\/lexikon\/termek\/salamon-endre\/","title":{"rendered":"SALAMON Endre"},"content":{"rendered":"<p>Ny\u00e1r\u00e1dremete, 1791. febr. 3., \u2020 Nagyv\u00e1rad, 1869. j\u00fal. 10.: r.k. kanonok. \u2013 Tanulm\u00e1nyair\u00f3l keveset ismer\u00fcnk. Kv.-on a Kir\u00e1lyi Gimn.-ban tanult (1807). Papi p\u00e1lyafut\u00e1s\u00e1t Zilahon pl\u00e9b\u00e1nosk\u00e9nt kezdte (1821\u20131843), majd V\u00e1rad-\u00dajv\u00e1rosba ker\u00fclt alesperesk\u00e9nt (1843\u2013). Mivel r\u00e9szt vett az1848\u201349-es szabads\u00e1gharcban, beb\u00f6rt\u00f6n\u00f6zt\u00e9k az aradi v\u00e1rban, ahonnan nem ismerj\u00fck szabadul\u00e1sa pontos idej\u00e9t, val\u00f3sz\u00edn\u0171leg 1858 el\u0151tt szabadult, mert ett\u0151l az \u00e9vt\u0151l lett Pecesz\u0151l\u0151s (Bihar) pl\u00e9b\u00e1nosa. Ott \u00fcnnepelte aranymis\u00e9j\u00e9t (1864). A kiegyez\u00e9skor Ferenc J\u00f3zsef cs\u00e1sz\u00e1r Nagyv\u00e1radon c\u00edmzetes kanonokk\u00e1 nevezte ki (1867. nov. 10). Hal\u00e1la el\u0151tt 4000 forintot adom\u00e1nyozott sz\u00fcl\u0151faluj\u00e1nak. Eml\u00e9k\u00e9re, Lakatos J\u00e1nos remetei pl\u00e9b\u00e1nos kezdem\u00e9nyez\u00e9s\u00e9re, az egyh\u00e1zk\u00f6zs\u00e9g k\u0151keresztet \u00e1ll\u00edttatott a templom ker\u00edt\u00e9se el\u00e9. <br \/><strong>Irod.:<\/strong> Eremitu\u2013Ny\u00e1r\u00e1dremete; Ny\u00e1r\u00e1dremete.<\/br><\/p>\n","protected":false},"excerpt":{"rendered":"<p>Ny\u00e1r\u00e1dremete, 1791. febr. 3., \u2020 Nagyv\u00e1rad, 1869. j\u00fal. 10.: r.k. kanonok. \u2013 Tanulm\u00e1nyair\u00f3l keveset ismer\u00fcnk. Kv.-on a Kir\u00e1lyi Gimn.-ban tanult (1807). Papi p\u00e1lyafut\u00e1s\u00e1t Zilahon pl\u00e9b\u00e1nosk\u00e9nt kezdte (1821\u20131843), majd V\u00e1rad-\u00dajv\u00e1rosba ker\u00fclt alesperesk\u00e9nt (1843\u2013). Mivel r\u00e9szt vett az1848\u201349-es szabads\u00e1gharcban, beb\u00f6rt\u00f6n\u00f6zt\u00e9k az aradi v\u00e1rban, ahonnan nem ismerj\u00fck szabadul\u00e1sa pontos idej\u00e9t, val\u00f3sz\u00edn\u0171leg 1858 el\u0151tt szabadult, mert ett\u0151l az \u00e9vt\u0151l [&hellip;]<\/p>\n","protected":false},"featured_media":0,"comment_status":"open","ping_status":"closed","template":"","meta":[],"product_brand":[],"product_cat":[137],"product_tag":[],"class_list":{"0":"post-19574","1":"product","2":"type-product","3":"status-publish","5":"product_cat-maros-megyei-eletrajzi-lexikon","7":"first","8":"instock","9":"shipping-taxable","10":"product-type-simple"},"_links":{"self":[{"href":"https:\/\/uj.adatbank.ro\/lexikon\/wp-json\/wp\/v2\/product\/19574","targetHints":{"allow":["GET"]}}],"collection":[{"href":"https:\/\/uj.adatbank.ro\/lexikon\/wp-json\/wp\/v2\/product"}],"about":[{"href":"https:\/\/uj.adatbank.ro\/lexikon\/wp-json\/wp\/v2\/types\/product"}],"replies":[{"embeddable":true,"href":"https:\/\/uj.adatbank.ro\/lexikon\/wp-json\/wp\/v2\/comments?post=19574"}],"wp:attachment":[{"href":"https:\/\/uj.adatbank.ro\/lexikon\/wp-json\/wp\/v2\/media?parent=19574"}],"wp:term":[{"taxonomy":"product_brand","embeddable":true,"href":"https:\/\/uj.adatbank.ro\/lexikon\/wp-json\/wp\/v2\/product_brand?post=19574"},{"taxonomy":"product_cat","embeddable":true,"href":"https:\/\/uj.adatbank.ro\/lexikon\/wp-json\/wp\/v2\/product_cat?post=19574"},{"taxonomy":"product_tag","embeddable":true,"href":"https:\/\/uj.adatbank.ro\/lexikon\/wp-json\/wp\/v2\/product_tag?post=19574"}],"curies":[{"name":"wp","href":"https:\/\/api.w.org\/{rel}","templated":true}]}}