{"id":19575,"date":"2025-07-22T18:17:02","date_gmt":"2025-07-22T16:17:02","guid":{"rendered":"https:\/\/uj.adatbank.ro\/lexikon\/termek\/salamon-erno-%c2%a7\/"},"modified":"2025-07-22T18:17:02","modified_gmt":"2025-07-22T16:17:02","slug":"salamon-erno-%c2%a7","status":"publish","type":"product","link":"https:\/\/uj.adatbank.ro\/lexikon\/termek\/salamon-erno-%c2%a7\/","title":{"rendered":"SALAMON Ern\u0151, \u00a7"},"content":{"rendered":"<p>Gyergy\u00f3szentmikl\u00f3s, 1912. m\u00e1j. 15., \u2020 Sztara Mihajlovka (Szovjetuni\u00f3), 1943. febr. 27.: \u00edr\u00f3, k\u00f6lt\u0151, \u00fajs\u00e1g\u00edr\u00f3. \u2013 S. Imre \u00e9s Charap Szer\u00e9na fia. Feles\u00e9ge: Kohn Ilona, tan\u00edt\u00f3n\u0151. \u2013 Apja fatelepi tisztvisel\u0151 volt, de mivel a csal\u00e1d leszeg\u00e9nyedett, m\u00e1r tizen\u00e9vesen fatelepi munk\u00e1s lett. K\u00f6z\u00e9piskol\u00e1it Gyergy\u00f3szentmikl\u00f3son v\u00e9gezte. Mv.-en gimn. \u00e9retts\u00e9git tett, a kv.-i egy.-en jogot hallgatott (1930\u201332). Visszak\u00f6lt\u00f6z\u00f6tt Gyergy\u00f3szentmikl\u00f3sra (1932), ott rom\u00e1n nyelvleck\u00e9ket adott, sokat ford\u00edtott a rom\u00e1n irodalomb\u00f3l. Kv.-on kapcsol\u00f3dott be az illeg\u00e1lis kommunista mozgalomba, akkori verseiben hirdette az oszt\u00e1lyharcot. A Maros menti fatelepen, ahol a h\u00faszas \u00e9vekben t\u00f6bbsz\u00f6r is sztr\u00e1jkoltak, v\u00e1lt a szeg\u00e9nyek k\u00f6lt\u0151j\u00e9v\u00e9. A Maros menti fatelepen sztr\u00e1jkok szervez\u00e9s\u00e9ben vett r\u00e9szt. A Brass\u00f3i Lapok riportere (1933), hivatalnok, napsz\u00e1mos, \u00f3raad\u00f3. Els\u0151 versei a Brass\u00f3i Lapokban \u00e9s a Korunk-ban jelentek meg. A Korunk terjeszt\u0151jek\u00e9nt bej\u00e1rta Erd\u00e9lyt (1936\u2013); Mv.-en telepedett le (1937). S\u00e9nyi L\u00e1szl\u00f3 a KZST titk\u00e1rhelyettesek\u00e9nt foglalkoztatta; a Korunk (1937\u2013), a Reggeli \u00dajs\u00e1g szerk. (1939\u201340). Ezekben az \u00e9vekben t\u00f6bb k\u00f6tete jelent meg. A II. b\u00e9csi d\u00f6nt\u00e9s (1940. aug. 30.) ut\u00e1n cukorgy\u00e1ri munk\u00e1s volt. Feles\u00e9g\u00e9vel egy\u00fctt kiutas\u00edtott\u00e1k Mv.-r\u0151l \u201ea t\u00e1rsadalomra n\u00e9zve k\u00e1ros elemk\u00e9nt\u201d (1941 v\u00e9g\u00e9n). \u00c9rdek\u00e9ben S\u00e9nyi L\u00e1szl\u00f3 a mv.-i rend\u0151rkapit\u00e1nyhoz \u00e9s a bel\u00fcgyminiszt\u00e9riumhoz, br. Schell Istv\u00e1nhoz folyamodott a kiutas\u00edt\u00e1s megsemmis\u00edt\u00e9s\u00e9\u00e9rt (1941. dec. 6.). Az \u00e1kosfalvi intern\u00e1l\u00f3t\u00e1borban raboskodott, k\u00ednozt\u00e1k (1941\u2013, ma az \u00e9p\u00fcletben \u00e1ltal\u00e1nos iskola m\u0171k\u00f6dik az 1\u20134. oszt\u00e1lyosok sz\u00e1m\u00e1ra). Munkaszolg\u00e1latosk\u00e9nt kivitt\u00e9k a keleti frontra (1942\u2013), ahol egy ukr\u00e1n faluban t\u00edfuszban megbetegedett; olasz katon\u00e1k l\u0151tt\u00e9k agyon. K\u00f6lt\u0151i nyelv\u00e9ben \u00faj realizmus bontakozott ki. Bar\u00e1ts\u00e1g f\u0171zte J\u00f3zsa B\u00e9l\u00e1hoz, Brassai Viktorhoz, Jancs\u00f3 Adrienhez, de becs\u00fclte k\u00f6lt\u00e9szet\u00e9t M\u00f3ricz Zsigmond, Illy\u00e9s Gyula, D\u00e9ry Tibor is. A Korunk k\u00f6r\u00e9hez tartozott, majd annak megsz\u0171n\u00e9s\u00e9vel a Magyar Nemzet, Kelet N\u00e9pe \u00e9s a Magyar Csillag k\u00f6z\u00f6lte n\u00e9h\u00e1ny vers\u00e9t. K\u00f6lt\u00e9szet\u00e9re Ady, Kass\u00e1k, J\u00f3zsef Attila, a m. n\u00e9pdal hatott. Saj\u00e1tos hang\u00fa verseiben az erd\u00e9lyi t\u00e1jat \u00e9s az erd\u00e9lyi munk\u00e1ssorsot \u00f6r\u00f6k\u00edtette meg. Hal\u00e1l\u00e1nak 25. \u00e9vfordul\u00f3j\u00e1n eml\u00e9k\u00e9t a D\u00e1nos Mikl\u00f3s szerkeszt\u00e9s\u00e9ben megjelent Hal\u00e1l\u0171z\u0151 (Buk, 1968) c. k\u00f6tet id\u00e9zte fel, melyben kort\u00e1rsak eml\u00e9keztek r\u00e1. Nev\u00e9t felvette iskol\u00e1ja, a gyergy\u00f3szentmikl\u00f3si l\u00edceum. Feles\u00e9ge, Ilonka a hagyat\u00e9k\u00e1b\u00f3l t\u00f6bb kisebb munk\u00e1t megjelentetett: B\u00e1bj\u00e1t\u00e9k (Igaz Sz\u00f3, 1958\/2); S\u00fcss fel engem csillagom a nagy \u00fatra (S.E. ukrajnai napl\u00f3ja. Utunk 1961\/25); Hangverseny az Egeres rakt\u00e1rban (reg\u00e9nyr\u00e9szlet, Igaz Sz\u00f3 1959\/2); Telepi n\u00e9p (sz\u00ednpadi k\u00f6ltem\u00e9ny, Igaz Sz\u00f3 1962\/8). Sim\u00f3 G\u00e9z\u00e1hoz, Ga\u00e1l G\u00e1borhoz, Asztalos Istv\u00e1nhoz \u00edrt leveleit az Utunk k\u00f6z\u00f6lte (1951\/16\u201317; 1969 \/33; 1970\/10). Izs\u00e1k M\u00e1rton szobr\u00e1szm\u0171v\u00e9sz maszkot \u00e9s szobrot k\u00e9sz\u00edtett r\u00f3la. \u2013 <strong><strong>F. m.<\/strong><\/strong>: Gy\u00f6ny\u00f6r\u0171 sors (versek; Mv., 1937); Szeg\u00e9nyek k\u00fcsz\u00f6b\u00e9n (\u00daj versek; Mv., 1938; versek; Bp., 1938); \u00c9nek a szolg\u00e1k sors\u00e1r\u00f3l (sz\u00ednpadi k\u00f6lt.; Mv., 1938); Szeg\u00e9ny ember fi\u00e1nak (h\u00e1trahagyott versek; Bp., 1945); Gy\u00f6ny\u00f6r\u0171 sors. (v\u00e1l. versek; \u00f6ssze\u00e1ll. Abaf\u00e1y Guszt\u00e1v, Bonyh\u00e1ti Ir\u00e9n, Szeml\u00e9r Ferenc; Buk., 1948); V\u00e1logatott versek. (kiad. Keresztesi \u00c9va, Marosi P\u00e9ter, \u00e9letrajz K\u00e9ri J\u00f3zsef; Buk., 1955); Dal ut\u00f3doknak (versek., ut\u00f3sz\u00f3 Marosi P\u00e9ter; Buk., 1961; C\u00eentec pentru urma\u015fi, v\u00e1log., el\u0151sz\u00f3 Sz\u00e1sz J\u00e1nos; ford. Virgil Teodorescu, Veronica Porumbacu, Haralambie Theodorescu; Buc., 1965); Mind\u00adm\u00e1ig b\u00e9k\u00e9tlen\u00fcl (m\u0171ford\u00edt\u00e1sok, napl\u00f3; kiad. Becsky Andor, bev. P\u00e1ndi P\u00e1l; Bp., 1966); \u00d6sszegy\u0171jt\u00f6tt versek: Sz\u00ednpadi k\u00f6ltem\u00e9nyek. M\u0171ford\u00edt\u00e1sok (szerk., bibliog. Bonyh\u00e1ti Jol\u00e1n; Buk., 1966); S. E. legszebb versei. (v\u00e1l., el\u0151sz\u00f3 K. Jakab Antal; Buk., 1967); Gy\u00f6ny\u00f6r\u0171 sors (versek; ut\u00f3sz\u00f3 P\u00e1sk\u00e1ndi G\u00e9za; Buk., 1972); Pilda copacului de rezonan\u0163\u0103 (Buc., 1978); Napver\u00e9s egy s\u00edrk\u00f6v\u00f6n. (versek; v\u00e1l. Kardos Istv\u00e1n; Bp., 1984), <strong>antol\u00f3g.:<\/strong> Versekben t\u00fcnd\u00f6kl\u0151 Erd\u00e9ly (Kv., 1941); 57 vers (Buk., 1957); <strong>ford.:<\/strong> Pilda copacului de rezonan\u0163\u0103 (ford. Paul Drumaru; Buc., 1978). <br \/><strong>Irod.:<\/strong> Balogh Edg\u00e1r 1974; Balot\u0103; Csehi Gyula: A szenved\u00e9ly \u00e9s a tudatoss\u00e1g k\u00f6lt\u0151je (Cs. Gy.: Munk\u00e1soszt\u00e1ly \u00e9s irodalom. Buk., 1973); D\u00e1nos Mikl\u00f3s: J\u00f3bar\u00e1tom volt\u00e1l, \u00e9let (\u00daj \u00c9let, 3. sz., 1968); Domokos 1978; Eml\u00e9kez\u00e9s S. E.-re (V.Z., 1958. febr. 23.); Hal\u00e1l\u0171z\u0151. Kort\u00e1rsak S. E.-r\u0151l (Buk., 1968), Izs\u00e1k J\u00f3zsef: S. E. eszm\u00e9nyei (Igaz Sz\u00f3, 1967); Katona-Szab\u00f3; M\u00e1ln\u00e1si; Maros \u2013 m\u0171eml\u00e9kek; Marosi Barna: Harminc esztend\u0151vel ut\u00e1na (Igaz Sz\u00f3, 1972); Marosi Ildik\u00f3: Maszk \u00e9s szobor (\u00daj \u00c9let, 3. sz., 1968); Marosi P\u00e9ter: S. E. a k\u00f6lt\u0151 \u00e9s a versek gy\u00f6ny\u00f6r\u0171 sorsa (Buk., 1969, 1972); Marosi-KZST; M\u00c9L; MIIB; S. E. (rom\u00e1n, h\u00e9ber, n\u00e9met, m., szerb, ukr\u00e1n nyelven; d\u00edszkiad\u00e1s; Buk., 1971); Molter K\u00e1roly: S. E. \u00faj versei \u00e9s versford\u00edt\u00e1sai (Erd\u00e9lyi Helikon 1939\/10); Mv. t\u00f6rt.2; R\u00e9thy\u2013V\u00e1czy; RMIL; S\u00e9nyi L\u00e1szl\u00f3: Eml\u00e9kez\u00e9s Salamon Ern\u0151r\u0151l (Szabad Sz\u00f3, 1945. febr. 21.); Spielmann J\u00f3zsef: S. E. k\u00f6lt\u00e9szete (Utunk 1950\/4); Sz\u00e9kely J\u00f3zsef: Arany a h\u00e1tizs\u00e1kban (Szabad Sz\u00f3, 1945. m\u00e1rc. 22.); \u00daM\u00c9L; Valentiny 1938.<\/br><\/p>\n","protected":false},"excerpt":{"rendered":"<p>Gyergy\u00f3szentmikl\u00f3s, 1912. m\u00e1j. 15., \u2020 Sztara Mihajlovka (Szovjetuni\u00f3), 1943. febr. 27.: \u00edr\u00f3, k\u00f6lt\u0151, \u00fajs\u00e1g\u00edr\u00f3. \u2013 S. Imre \u00e9s Charap Szer\u00e9na fia. Feles\u00e9ge: Kohn Ilona, tan\u00edt\u00f3n\u0151. \u2013 Apja fatelepi tisztvisel\u0151 volt, de mivel a csal\u00e1d leszeg\u00e9nyedett, m\u00e1r tizen\u00e9vesen fatelepi munk\u00e1s lett. K\u00f6z\u00e9piskol\u00e1it Gyergy\u00f3szentmikl\u00f3son v\u00e9gezte. Mv.-en gimn. \u00e9retts\u00e9git tett, a kv.-i egy.-en jogot hallgatott (1930\u201332). Visszak\u00f6lt\u00f6z\u00f6tt Gyergy\u00f3szentmikl\u00f3sra [&hellip;]<\/p>\n","protected":false},"featured_media":0,"comment_status":"open","ping_status":"closed","template":"","meta":[],"product_brand":[],"product_cat":[137],"product_tag":[],"class_list":{"0":"post-19575","1":"product","2":"type-product","3":"status-publish","5":"product_cat-maros-megyei-eletrajzi-lexikon","7":"first","8":"instock","9":"shipping-taxable","10":"product-type-simple"},"_links":{"self":[{"href":"https:\/\/uj.adatbank.ro\/lexikon\/wp-json\/wp\/v2\/product\/19575","targetHints":{"allow":["GET"]}}],"collection":[{"href":"https:\/\/uj.adatbank.ro\/lexikon\/wp-json\/wp\/v2\/product"}],"about":[{"href":"https:\/\/uj.adatbank.ro\/lexikon\/wp-json\/wp\/v2\/types\/product"}],"replies":[{"embeddable":true,"href":"https:\/\/uj.adatbank.ro\/lexikon\/wp-json\/wp\/v2\/comments?post=19575"}],"wp:attachment":[{"href":"https:\/\/uj.adatbank.ro\/lexikon\/wp-json\/wp\/v2\/media?parent=19575"}],"wp:term":[{"taxonomy":"product_brand","embeddable":true,"href":"https:\/\/uj.adatbank.ro\/lexikon\/wp-json\/wp\/v2\/product_brand?post=19575"},{"taxonomy":"product_cat","embeddable":true,"href":"https:\/\/uj.adatbank.ro\/lexikon\/wp-json\/wp\/v2\/product_cat?post=19575"},{"taxonomy":"product_tag","embeddable":true,"href":"https:\/\/uj.adatbank.ro\/lexikon\/wp-json\/wp\/v2\/product_tag?post=19575"}],"curies":[{"name":"wp","href":"https:\/\/api.w.org\/{rel}","templated":true}]}}