{"id":19577,"date":"2025-07-22T18:17:05","date_gmt":"2025-07-22T16:17:05","guid":{"rendered":"https:\/\/uj.adatbank.ro\/lexikon\/termek\/salamon-janos\/"},"modified":"2025-07-22T18:17:05","modified_gmt":"2025-07-22T16:17:05","slug":"salamon-janos","status":"publish","type":"product","link":"https:\/\/uj.adatbank.ro\/lexikon\/termek\/salamon-janos\/","title":{"rendered":"SALAMON J\u00e1nos"},"content":{"rendered":"<p>? \u2020?: zen\u00e9sz. \u2013 Bet\u00e9rnek Mv.-re a ny\u00e1rut\u00f3n hazat\u00e9r\u0151 cig\u00e1nyzen\u00e9szek: S. J. \u00e9s fia Vilmos, Bunk\u00f3 Vince (1877. szept.). <br \/><strong>Irod.:<\/strong> Id\u0151t\u00e1r 5\/3.<\/br><\/p>\n","protected":false},"excerpt":{"rendered":"<p>? \u2020?: zen\u00e9sz. \u2013 Bet\u00e9rnek Mv.-re a ny\u00e1rut\u00f3n hazat\u00e9r\u0151 cig\u00e1nyzen\u00e9szek: S. J. \u00e9s fia Vilmos, Bunk\u00f3 Vince (1877. szept.). Irod.: Id\u0151t\u00e1r 5\/3.<\/p>\n","protected":false},"featured_media":0,"comment_status":"open","ping_status":"closed","template":"","meta":[],"product_brand":[],"product_cat":[137],"product_tag":[],"class_list":{"0":"post-19577","1":"product","2":"type-product","3":"status-publish","5":"product_cat-maros-megyei-eletrajzi-lexikon","7":"first","8":"instock","9":"shipping-taxable","10":"product-type-simple"},"_links":{"self":[{"href":"https:\/\/uj.adatbank.ro\/lexikon\/wp-json\/wp\/v2\/product\/19577","targetHints":{"allow":["GET"]}}],"collection":[{"href":"https:\/\/uj.adatbank.ro\/lexikon\/wp-json\/wp\/v2\/product"}],"about":[{"href":"https:\/\/uj.adatbank.ro\/lexikon\/wp-json\/wp\/v2\/types\/product"}],"replies":[{"embeddable":true,"href":"https:\/\/uj.adatbank.ro\/lexikon\/wp-json\/wp\/v2\/comments?post=19577"}],"wp:attachment":[{"href":"https:\/\/uj.adatbank.ro\/lexikon\/wp-json\/wp\/v2\/media?parent=19577"}],"wp:term":[{"taxonomy":"product_brand","embeddable":true,"href":"https:\/\/uj.adatbank.ro\/lexikon\/wp-json\/wp\/v2\/product_brand?post=19577"},{"taxonomy":"product_cat","embeddable":true,"href":"https:\/\/uj.adatbank.ro\/lexikon\/wp-json\/wp\/v2\/product_cat?post=19577"},{"taxonomy":"product_tag","embeddable":true,"href":"https:\/\/uj.adatbank.ro\/lexikon\/wp-json\/wp\/v2\/product_tag?post=19577"}],"curies":[{"name":"wp","href":"https:\/\/api.w.org\/{rel}","templated":true}]}}