{"id":19578,"date":"2025-07-22T18:17:07","date_gmt":"2025-07-22T16:17:07","guid":{"rendered":"https:\/\/uj.adatbank.ro\/lexikon\/termek\/salamon-jozsef\/"},"modified":"2025-07-22T18:17:07","modified_gmt":"2025-07-22T16:17:07","slug":"salamon-jozsef","status":"publish","type":"product","link":"https:\/\/uj.adatbank.ro\/lexikon\/termek\/salamon-jozsef\/","title":{"rendered":"SALAMON J\u00f3zsef"},"content":{"rendered":"<p>Zilah, 1790 aug. 30, \u2020 Zilah 1871. m\u00e1rc 19: ref. lelk\u00e9sz. \u2013 Gr\u00f3f Teleki S\u00e1muelt\u0151l k\u00e9rt 1000 forint adom\u00e1nnyal tette le az \u00faj iskola alapj\u00e1t Zilahon (1816) \u2013. <strong><strong>F. m.<\/strong><\/strong>: Halotti besz\u00e9dek gr\u00f3f Teleki S\u00e1muel felett \/ Elmondott\u00e1k: \u2026Salamon J\u00f3zsef. (Kv., 1825). De statu Ecclesiae Evangelico-Reformatae in Transilvania: Commentatio theologico-historica, quam pro summis in theologia honoribus inter sacra secularia celeberrimae Academiae Georgiae Augustae\u2026 (Claudiopoli-Lipsiae, 1840). <strong>szerk.:<\/strong> Erd\u00e9lyi pr\u00e9dik\u00e1tori t\u00e1r (Kv., 1836\u20131837) <br \/><strong>Irod.:<\/strong> F\u00fcl\u00f6p\u2013Ferencz; Maros megyei m. t\u00f6rt. 5; Pall\u00f3s; Szinnyei J.<\/br><\/p>\n","protected":false},"excerpt":{"rendered":"<p>Zilah, 1790 aug. 30, \u2020 Zilah 1871. m\u00e1rc 19: ref. lelk\u00e9sz. \u2013 Gr\u00f3f Teleki S\u00e1muelt\u0151l k\u00e9rt 1000 forint adom\u00e1nnyal tette le az \u00faj iskola alapj\u00e1t Zilahon (1816) \u2013. F. m.: Halotti besz\u00e9dek gr\u00f3f Teleki S\u00e1muel felett \/ Elmondott\u00e1k: \u2026Salamon J\u00f3zsef. (Kv., 1825). De statu Ecclesiae Evangelico-Reformatae in Transilvania: Commentatio theologico-historica, quam pro summis in theologia [&hellip;]<\/p>\n","protected":false},"featured_media":0,"comment_status":"open","ping_status":"closed","template":"","meta":[],"product_brand":[],"product_cat":[137],"product_tag":[],"class_list":{"0":"post-19578","1":"product","2":"type-product","3":"status-publish","5":"product_cat-maros-megyei-eletrajzi-lexikon","7":"first","8":"instock","9":"shipping-taxable","10":"product-type-simple"},"_links":{"self":[{"href":"https:\/\/uj.adatbank.ro\/lexikon\/wp-json\/wp\/v2\/product\/19578","targetHints":{"allow":["GET"]}}],"collection":[{"href":"https:\/\/uj.adatbank.ro\/lexikon\/wp-json\/wp\/v2\/product"}],"about":[{"href":"https:\/\/uj.adatbank.ro\/lexikon\/wp-json\/wp\/v2\/types\/product"}],"replies":[{"embeddable":true,"href":"https:\/\/uj.adatbank.ro\/lexikon\/wp-json\/wp\/v2\/comments?post=19578"}],"wp:attachment":[{"href":"https:\/\/uj.adatbank.ro\/lexikon\/wp-json\/wp\/v2\/media?parent=19578"}],"wp:term":[{"taxonomy":"product_brand","embeddable":true,"href":"https:\/\/uj.adatbank.ro\/lexikon\/wp-json\/wp\/v2\/product_brand?post=19578"},{"taxonomy":"product_cat","embeddable":true,"href":"https:\/\/uj.adatbank.ro\/lexikon\/wp-json\/wp\/v2\/product_cat?post=19578"},{"taxonomy":"product_tag","embeddable":true,"href":"https:\/\/uj.adatbank.ro\/lexikon\/wp-json\/wp\/v2\/product_tag?post=19578"}],"curies":[{"name":"wp","href":"https:\/\/api.w.org\/{rel}","templated":true}]}}