{"id":19579,"date":"2025-07-22T18:17:10","date_gmt":"2025-07-22T16:17:10","guid":{"rendered":"https:\/\/uj.adatbank.ro\/lexikon\/termek\/salamon-jozsef-2\/"},"modified":"2025-07-22T18:17:10","modified_gmt":"2025-07-22T16:17:10","slug":"salamon-jozsef-2","status":"publish","type":"product","link":"https:\/\/uj.adatbank.ro\/lexikon\/termek\/salamon-jozsef-2\/","title":{"rendered":"SALAMON J\u00f3zsef"},"content":{"rendered":"<p>1801. aug. 4., \u2020\u00a01849. m\u00e1rc. 6.: r. k. pap. \u2013 Pl\u00e9b\u00e1nos Cs\u00edksomly\u00f3n, Nagyerny\u00e9n (1827), Eheden (1839), Ny\u00e1r\u00e1dk\u00f6szv\u00e9nyesen (1842), Mikh\u00e1z\u00e1n hal\u00e1l\u00e1ig. <br \/><strong>Irod.:<\/strong> Ferenczi S\u00e1ndor 2009; Maros megyei m. t\u00f6rt. 5.<\/br><\/p>\n","protected":false},"excerpt":{"rendered":"<p>1801. aug. 4., \u2020\u00a01849. m\u00e1rc. 6.: r. k. pap. \u2013 Pl\u00e9b\u00e1nos Cs\u00edksomly\u00f3n, Nagyerny\u00e9n (1827), Eheden (1839), Ny\u00e1r\u00e1dk\u00f6szv\u00e9nyesen (1842), Mikh\u00e1z\u00e1n hal\u00e1l\u00e1ig. Irod.: Ferenczi S\u00e1ndor 2009; Maros megyei m. t\u00f6rt. 5.<\/p>\n","protected":false},"featured_media":0,"comment_status":"open","ping_status":"closed","template":"","meta":[],"product_brand":[],"product_cat":[137],"product_tag":[],"class_list":{"0":"post-19579","1":"product","2":"type-product","3":"status-publish","5":"product_cat-maros-megyei-eletrajzi-lexikon","7":"first","8":"instock","9":"shipping-taxable","10":"product-type-simple"},"_links":{"self":[{"href":"https:\/\/uj.adatbank.ro\/lexikon\/wp-json\/wp\/v2\/product\/19579","targetHints":{"allow":["GET"]}}],"collection":[{"href":"https:\/\/uj.adatbank.ro\/lexikon\/wp-json\/wp\/v2\/product"}],"about":[{"href":"https:\/\/uj.adatbank.ro\/lexikon\/wp-json\/wp\/v2\/types\/product"}],"replies":[{"embeddable":true,"href":"https:\/\/uj.adatbank.ro\/lexikon\/wp-json\/wp\/v2\/comments?post=19579"}],"wp:attachment":[{"href":"https:\/\/uj.adatbank.ro\/lexikon\/wp-json\/wp\/v2\/media?parent=19579"}],"wp:term":[{"taxonomy":"product_brand","embeddable":true,"href":"https:\/\/uj.adatbank.ro\/lexikon\/wp-json\/wp\/v2\/product_brand?post=19579"},{"taxonomy":"product_cat","embeddable":true,"href":"https:\/\/uj.adatbank.ro\/lexikon\/wp-json\/wp\/v2\/product_cat?post=19579"},{"taxonomy":"product_tag","embeddable":true,"href":"https:\/\/uj.adatbank.ro\/lexikon\/wp-json\/wp\/v2\/product_tag?post=19579"}],"curies":[{"name":"wp","href":"https:\/\/api.w.org\/{rel}","templated":true}]}}