{"id":19580,"date":"2025-07-22T18:17:11","date_gmt":"2025-07-22T16:17:11","guid":{"rendered":"https:\/\/uj.adatbank.ro\/lexikon\/termek\/salamon-jozsef-3\/"},"modified":"2025-07-22T18:17:11","modified_gmt":"2025-07-22T16:17:11","slug":"salamon-jozsef-3","status":"publish","type":"product","link":"https:\/\/uj.adatbank.ro\/lexikon\/termek\/salamon-jozsef-3\/","title":{"rendered":"SALAMON J\u00f3zsef"},"content":{"rendered":"<p>Abaf\u00e1ja, 1831., \u2020\u00a0Kv., 1896. szept. 20.: orvosdoktor, gyakorl\u00f3orvos \u00e9s Kv. tiszteleti f\u0151orvosa. \u2013 K\u00f6z\u00e9piskolai tanulm\u00e1nyait a kv.-i piarista gimn\u00e1ziumban v\u00e9gezte s a szabads\u00e1gharc ut\u00e1n a pesti egyetem orvoshallgat\u00f3ja volt. A 60-as \u00e9vekben hosszabb ideig a kv-i Karolina-k\u00f3rh\u00e1zn\u00e1l asszisztens; k\u00e9s\u0151bb a kv.-i volt Orvos-seb\u00e9szi Tanint\u00e9zetn\u00e9l, azut\u00e1n pedig a jogakad\u00e9mi\u00e1n\u00e1l tartott mint helyettes tan\u00e1r el\u0151ad\u00e1sokat a t\u00f6rv\u00e9nysz\u00e9ki orvostanb\u00f3l \u00e9s k\u00f6zeg\u00e9szs\u00e9gtanb\u00f3l; k\u00e9s\u0151bb a keleti vas\u00fat alkalmazottainak is: a seb\u00e9szeti k\u00f3rh\u00e1z \u00e9s a k\u00f3rbonctan vezet\u0151je, v\u00e9g\u00fcl a kv.-i orsz\u00e1gos nemzeti sz\u00ednh\u00e1z rendes orvosa, a r\u00f3m. kat. egyh\u00e1zk\u00f6zs\u00e9g iskolasz\u00e9ki tagja, az Iparos Ifjak \u00d6nk\u00e9pz\u0151- \u00e9s Betegseg\u00e9lyz\u0151-Egylete \u00e9s a Tornaint\u00e9zet orvosa \u00e9s u. ott a tornatan\u00e1r-vizsg\u00e1l\u00f3bizotts\u00e1g tagja volt. Cikkei jelentek meg a kv.-i Orvos-Term\u00e9szettudom\u00e1nyi \u00c9rtes\u00edt\u0151ben, a Keletben,az Ellenz\u00e9kben. \u2013 <strong>F. m.<\/strong>: Kolozsv\u00e1r n\u00e9pesed\u00e9s\u00e9nek akad\u00e1lyai \u00e9s javaslatok ezek elh\u00e1r\u00edt\u00e1s\u00e1ra. (Kv., 1880); Milyen leveg\u0151ben alszunk \u00e9s milyenben kellene aludni, hogy eg\u00e9szs\u00e9g\u00fcnkre, nem pedig betegs\u00e9g\u00fcnkre szolg\u00e1ljon. A dr. Oidtmann hasont\u00e1rgy\u00fa (22 kiad\u00e1st \u00e9rt) r\u00f6pirata f\u00f6lhaszn\u00e1l\u00e1s\u00e1val. (Kv., 1882). <br \/><strong>Irod.:<\/strong> Gy\u0151ry; Pall\u00f3s Albert: Marostorda v\u00e1rmegye \u00e9s Mv. n\u00e9poktat\u00e1si int\u00e9zeteinek t\u00f6rt\u00e9nete (Mv., 1896); Szinnyei; Szinnyei J; Todea.<\/br><\/p>\n","protected":false},"excerpt":{"rendered":"<p>Abaf\u00e1ja, 1831., \u2020\u00a0Kv., 1896. szept. 20.: orvosdoktor, gyakorl\u00f3orvos \u00e9s Kv. tiszteleti f\u0151orvosa. \u2013 K\u00f6z\u00e9piskolai tanulm\u00e1nyait a kv.-i piarista gimn\u00e1ziumban v\u00e9gezte s a szabads\u00e1gharc ut\u00e1n a pesti egyetem orvoshallgat\u00f3ja volt. A 60-as \u00e9vekben hosszabb ideig a kv-i Karolina-k\u00f3rh\u00e1zn\u00e1l asszisztens; k\u00e9s\u0151bb a kv.-i volt Orvos-seb\u00e9szi Tanint\u00e9zetn\u00e9l, azut\u00e1n pedig a jogakad\u00e9mi\u00e1n\u00e1l tartott mint helyettes tan\u00e1r el\u0151ad\u00e1sokat a t\u00f6rv\u00e9nysz\u00e9ki [&hellip;]<\/p>\n","protected":false},"featured_media":0,"comment_status":"open","ping_status":"closed","template":"","meta":[],"product_brand":[],"product_cat":[137],"product_tag":[],"class_list":{"0":"post-19580","1":"product","2":"type-product","3":"status-publish","5":"product_cat-maros-megyei-eletrajzi-lexikon","7":"first","8":"instock","9":"shipping-taxable","10":"product-type-simple"},"_links":{"self":[{"href":"https:\/\/uj.adatbank.ro\/lexikon\/wp-json\/wp\/v2\/product\/19580","targetHints":{"allow":["GET"]}}],"collection":[{"href":"https:\/\/uj.adatbank.ro\/lexikon\/wp-json\/wp\/v2\/product"}],"about":[{"href":"https:\/\/uj.adatbank.ro\/lexikon\/wp-json\/wp\/v2\/types\/product"}],"replies":[{"embeddable":true,"href":"https:\/\/uj.adatbank.ro\/lexikon\/wp-json\/wp\/v2\/comments?post=19580"}],"wp:attachment":[{"href":"https:\/\/uj.adatbank.ro\/lexikon\/wp-json\/wp\/v2\/media?parent=19580"}],"wp:term":[{"taxonomy":"product_brand","embeddable":true,"href":"https:\/\/uj.adatbank.ro\/lexikon\/wp-json\/wp\/v2\/product_brand?post=19580"},{"taxonomy":"product_cat","embeddable":true,"href":"https:\/\/uj.adatbank.ro\/lexikon\/wp-json\/wp\/v2\/product_cat?post=19580"},{"taxonomy":"product_tag","embeddable":true,"href":"https:\/\/uj.adatbank.ro\/lexikon\/wp-json\/wp\/v2\/product_tag?post=19580"}],"curies":[{"name":"wp","href":"https:\/\/api.w.org\/{rel}","templated":true}]}}