{"id":19581,"date":"2025-07-22T18:17:13","date_gmt":"2025-07-22T16:17:13","guid":{"rendered":"https:\/\/uj.adatbank.ro\/lexikon\/termek\/salamon-kalman\/"},"modified":"2025-07-22T18:17:13","modified_gmt":"2025-07-22T16:17:13","slug":"salamon-kalman","status":"publish","type":"product","link":"https:\/\/uj.adatbank.ro\/lexikon\/termek\/salamon-kalman\/","title":{"rendered":"SALAMON K\u00e1lm\u00e1n"},"content":{"rendered":"<p>Mv., 1900. \u2020 Mv.?: zen\u00e9sz, \u00edr\u00f3, cig\u00e1nypr\u00edm\u00e1s, pedag\u00f3gus. \u2013 Erd\u00e9lyi pr\u00edm\u00e1skir\u00e1lynak nevezt\u00e9k. Mv. vend\u00e9gl\u0151iben j\u00e1tszott pl. a Maros \u00e9tteremben. \u00c1ll\u00edt\u00f3lag minden magyar n\u00f3t\u00e1t el tudott j\u00e1tszani heged\u0171j\u00e9n Ruha Istv\u00e1n heged\u0171m\u0171v\u00e9sz gyakran j\u00f6tt Mv.-re, ilyenkor a Maros vend\u00e9gl\u0151ben vacsor\u00e1zott. Ha k\u00e9rte, Salamon K\u00e1lm\u00e1n m\u00e9ly tisztelettel \u00e1tadta heged\u0171j\u00e9t \u00e9s Ruha Pista m\u00e1sodszor is koncertezett. Zenekart alak\u00edtott, bej\u00e1rta Erd\u00e9ly nagyobb v\u00e1rosait (Kv.,Temesv\u00e1r, Arad, stb.). Megszervezte a Filharm\u00f3nia 84 tag\u00fa zenekar\u00e1t, megalap\u00edtotta a 100 tag\u00fa N\u00e9pi Egy\u00fcttest (1958). <br \/><strong>Irod.:<\/strong> Mv. R\u00e1di\u00f3.<\/br><\/p>\n","protected":false},"excerpt":{"rendered":"<p>Mv., 1900. \u2020 Mv.?: zen\u00e9sz, \u00edr\u00f3, cig\u00e1nypr\u00edm\u00e1s, pedag\u00f3gus. \u2013 Erd\u00e9lyi pr\u00edm\u00e1skir\u00e1lynak nevezt\u00e9k. Mv. vend\u00e9gl\u0151iben j\u00e1tszott pl. a Maros \u00e9tteremben. \u00c1ll\u00edt\u00f3lag minden magyar n\u00f3t\u00e1t el tudott j\u00e1tszani heged\u0171j\u00e9n Ruha Istv\u00e1n heged\u0171m\u0171v\u00e9sz gyakran j\u00f6tt Mv.-re, ilyenkor a Maros vend\u00e9gl\u0151ben vacsor\u00e1zott. Ha k\u00e9rte, Salamon K\u00e1lm\u00e1n m\u00e9ly tisztelettel \u00e1tadta heged\u0171j\u00e9t \u00e9s Ruha Pista m\u00e1sodszor is koncertezett. Zenekart alak\u00edtott, bej\u00e1rta [&hellip;]<\/p>\n","protected":false},"featured_media":0,"comment_status":"open","ping_status":"closed","template":"","meta":[],"product_brand":[],"product_cat":[137],"product_tag":[],"class_list":{"0":"post-19581","1":"product","2":"type-product","3":"status-publish","5":"product_cat-maros-megyei-eletrajzi-lexikon","7":"first","8":"instock","9":"shipping-taxable","10":"product-type-simple"},"_links":{"self":[{"href":"https:\/\/uj.adatbank.ro\/lexikon\/wp-json\/wp\/v2\/product\/19581","targetHints":{"allow":["GET"]}}],"collection":[{"href":"https:\/\/uj.adatbank.ro\/lexikon\/wp-json\/wp\/v2\/product"}],"about":[{"href":"https:\/\/uj.adatbank.ro\/lexikon\/wp-json\/wp\/v2\/types\/product"}],"replies":[{"embeddable":true,"href":"https:\/\/uj.adatbank.ro\/lexikon\/wp-json\/wp\/v2\/comments?post=19581"}],"wp:attachment":[{"href":"https:\/\/uj.adatbank.ro\/lexikon\/wp-json\/wp\/v2\/media?parent=19581"}],"wp:term":[{"taxonomy":"product_brand","embeddable":true,"href":"https:\/\/uj.adatbank.ro\/lexikon\/wp-json\/wp\/v2\/product_brand?post=19581"},{"taxonomy":"product_cat","embeddable":true,"href":"https:\/\/uj.adatbank.ro\/lexikon\/wp-json\/wp\/v2\/product_cat?post=19581"},{"taxonomy":"product_tag","embeddable":true,"href":"https:\/\/uj.adatbank.ro\/lexikon\/wp-json\/wp\/v2\/product_tag?post=19581"}],"curies":[{"name":"wp","href":"https:\/\/api.w.org\/{rel}","templated":true}]}}