{"id":19583,"date":"2025-07-22T18:17:16","date_gmt":"2025-07-22T16:17:16","guid":{"rendered":"https:\/\/uj.adatbank.ro\/lexikon\/termek\/salamon-lajos-2\/"},"modified":"2025-07-22T18:17:16","modified_gmt":"2025-07-22T16:17:16","slug":"salamon-lajos-2","status":"publish","type":"product","link":"https:\/\/uj.adatbank.ro\/lexikon\/termek\/salamon-lajos-2\/","title":{"rendered":"SALAMON Lajos"},"content":{"rendered":"<p>Cs\u00edkp\u00e1lfalva, 1903. nov. 25., \u2020\u00a0Sz\u0151kefalva, 1992. szept. 12.: r. k. pap. \u2013 Cs\u00edkszered\u00e1ban, Gyulafeh\u00e9rv\u00e1ron tanult, papp\u00e1 szentelt\u00e9k (1927. j\u00fan. 11.). K\u00e1pl\u00e1n Torj\u00e1n, K\u00e9zdiszentl\u00e9leken, lelkip\u00e1sztor Gyergy\u00f3b\u00e9k\u00e1son. Pl\u00e9b\u00e1nos Sz\u0151kefalv\u00e1n (1932), Kily\u00e9nfalv\u00e1n (1980\u201388). <br \/><strong>Irod.:<\/strong> Ferenczi S\u00e1ndor 2009.<\/br><\/p>\n","protected":false},"excerpt":{"rendered":"<p>Cs\u00edkp\u00e1lfalva, 1903. nov. 25., \u2020\u00a0Sz\u0151kefalva, 1992. szept. 12.: r. k. pap. \u2013 Cs\u00edkszered\u00e1ban, Gyulafeh\u00e9rv\u00e1ron tanult, papp\u00e1 szentelt\u00e9k (1927. j\u00fan. 11.). K\u00e1pl\u00e1n Torj\u00e1n, K\u00e9zdiszentl\u00e9leken, lelkip\u00e1sztor Gyergy\u00f3b\u00e9k\u00e1son. Pl\u00e9b\u00e1nos Sz\u0151kefalv\u00e1n (1932), Kily\u00e9nfalv\u00e1n (1980\u201388). Irod.: Ferenczi S\u00e1ndor 2009.<\/p>\n","protected":false},"featured_media":0,"comment_status":"open","ping_status":"closed","template":"","meta":[],"product_brand":[],"product_cat":[137],"product_tag":[],"class_list":{"0":"post-19583","1":"product","2":"type-product","3":"status-publish","5":"product_cat-maros-megyei-eletrajzi-lexikon","7":"first","8":"instock","9":"shipping-taxable","10":"product-type-simple"},"_links":{"self":[{"href":"https:\/\/uj.adatbank.ro\/lexikon\/wp-json\/wp\/v2\/product\/19583","targetHints":{"allow":["GET"]}}],"collection":[{"href":"https:\/\/uj.adatbank.ro\/lexikon\/wp-json\/wp\/v2\/product"}],"about":[{"href":"https:\/\/uj.adatbank.ro\/lexikon\/wp-json\/wp\/v2\/types\/product"}],"replies":[{"embeddable":true,"href":"https:\/\/uj.adatbank.ro\/lexikon\/wp-json\/wp\/v2\/comments?post=19583"}],"wp:attachment":[{"href":"https:\/\/uj.adatbank.ro\/lexikon\/wp-json\/wp\/v2\/media?parent=19583"}],"wp:term":[{"taxonomy":"product_brand","embeddable":true,"href":"https:\/\/uj.adatbank.ro\/lexikon\/wp-json\/wp\/v2\/product_brand?post=19583"},{"taxonomy":"product_cat","embeddable":true,"href":"https:\/\/uj.adatbank.ro\/lexikon\/wp-json\/wp\/v2\/product_cat?post=19583"},{"taxonomy":"product_tag","embeddable":true,"href":"https:\/\/uj.adatbank.ro\/lexikon\/wp-json\/wp\/v2\/product_tag?post=19583"}],"curies":[{"name":"wp","href":"https:\/\/api.w.org\/{rel}","templated":true}]}}