{"id":19585,"date":"2025-07-22T18:17:18","date_gmt":"2025-07-22T16:17:18","guid":{"rendered":"https:\/\/uj.adatbank.ro\/lexikon\/termek\/salamon-lazar\/"},"modified":"2025-07-22T18:17:18","modified_gmt":"2025-07-22T16:17:18","slug":"salamon-lazar","status":"publish","type":"product","link":"https:\/\/uj.adatbank.ro\/lexikon\/termek\/salamon-lazar\/","title":{"rendered":"SALAMON L\u00e1z\u00e1r"},"content":{"rendered":"<p>? \u2020 G\u00f6rg\u00e9nyszentimre, 1936: keresked\u0151. \u2013 Feles\u00e9ge: Schwarcz Frida. \u2013 Iskol\u00e1i elv\u00e9gz\u00e9se ut\u00e1n mint keresked\u0151 tev\u00e9kenykedett G\u00f6rg\u00e9nyszentimr\u00e9n. R\u00e9szt vett az els\u0151 vh.-ban. Hal\u00e1la ut\u00e1n \u00f6zvegye, Schwarcz Frida vezette az \u00fczletet. <br \/><strong>Irod.:<\/strong> Sz\u00e9kelyf\u00f6ld \u00ed. k.<\/br><\/p>\n","protected":false},"excerpt":{"rendered":"<p>? \u2020 G\u00f6rg\u00e9nyszentimre, 1936: keresked\u0151. \u2013 Feles\u00e9ge: Schwarcz Frida. \u2013 Iskol\u00e1i elv\u00e9gz\u00e9se ut\u00e1n mint keresked\u0151 tev\u00e9kenykedett G\u00f6rg\u00e9nyszentimr\u00e9n. R\u00e9szt vett az els\u0151 vh.-ban. Hal\u00e1la ut\u00e1n \u00f6zvegye, Schwarcz Frida vezette az \u00fczletet. Irod.: Sz\u00e9kelyf\u00f6ld \u00ed. k.<\/p>\n","protected":false},"featured_media":0,"comment_status":"open","ping_status":"closed","template":"","meta":[],"product_brand":[],"product_cat":[137],"product_tag":[],"class_list":{"0":"post-19585","1":"product","2":"type-product","3":"status-publish","5":"product_cat-maros-megyei-eletrajzi-lexikon","7":"first","8":"instock","9":"shipping-taxable","10":"product-type-simple"},"_links":{"self":[{"href":"https:\/\/uj.adatbank.ro\/lexikon\/wp-json\/wp\/v2\/product\/19585","targetHints":{"allow":["GET"]}}],"collection":[{"href":"https:\/\/uj.adatbank.ro\/lexikon\/wp-json\/wp\/v2\/product"}],"about":[{"href":"https:\/\/uj.adatbank.ro\/lexikon\/wp-json\/wp\/v2\/types\/product"}],"replies":[{"embeddable":true,"href":"https:\/\/uj.adatbank.ro\/lexikon\/wp-json\/wp\/v2\/comments?post=19585"}],"wp:attachment":[{"href":"https:\/\/uj.adatbank.ro\/lexikon\/wp-json\/wp\/v2\/media?parent=19585"}],"wp:term":[{"taxonomy":"product_brand","embeddable":true,"href":"https:\/\/uj.adatbank.ro\/lexikon\/wp-json\/wp\/v2\/product_brand?post=19585"},{"taxonomy":"product_cat","embeddable":true,"href":"https:\/\/uj.adatbank.ro\/lexikon\/wp-json\/wp\/v2\/product_cat?post=19585"},{"taxonomy":"product_tag","embeddable":true,"href":"https:\/\/uj.adatbank.ro\/lexikon\/wp-json\/wp\/v2\/product_tag?post=19585"}],"curies":[{"name":"wp","href":"https:\/\/api.w.org\/{rel}","templated":true}]}}