{"id":19587,"date":"2025-07-22T18:17:22","date_gmt":"2025-07-22T16:17:22","guid":{"rendered":"https:\/\/uj.adatbank.ro\/lexikon\/termek\/salamon-szilveszter-istvan-r-p-sylvester\/"},"modified":"2025-07-22T18:17:22","modified_gmt":"2025-07-22T16:17:22","slug":"salamon-szilveszter-istvan-r-p-sylvester","status":"publish","type":"product","link":"https:\/\/uj.adatbank.ro\/lexikon\/termek\/salamon-szilveszter-istvan-r-p-sylvester\/","title":{"rendered":"SALAMON Szilveszter Istv\u00e1n, R. P., Sylvester"},"content":{"rendered":"<p>Cs\u00edkp\u00e1lfalva, 1835. okt. 15., \u2020\u00a0Mv., 1868. dec. 16. \u2013 A mv.-i ferences bar\u00e1tok egykori temploma alatt l\u00e9v\u0151 kript\u00e1ban nyugszik: ferences szerzetes. \u2013 Be\u00f6lt\u00f6z\u00f6tt (1855. okt. 4.), felszentelt\u00e9k (1860). <br \/><strong>Irod.:<\/strong> Gy\u00f6rgy: A ferencrendiek; Mv.-i \u00f6rm\u00e9nyek; Pantheon.<\/br><\/p>\n","protected":false},"excerpt":{"rendered":"<p>Cs\u00edkp\u00e1lfalva, 1835. okt. 15., \u2020\u00a0Mv., 1868. dec. 16. \u2013 A mv.-i ferences bar\u00e1tok egykori temploma alatt l\u00e9v\u0151 kript\u00e1ban nyugszik: ferences szerzetes. \u2013 Be\u00f6lt\u00f6z\u00f6tt (1855. okt. 4.), felszentelt\u00e9k (1860). Irod.: Gy\u00f6rgy: A ferencrendiek; Mv.-i \u00f6rm\u00e9nyek; Pantheon.<\/p>\n","protected":false},"featured_media":0,"comment_status":"open","ping_status":"closed","template":"","meta":[],"product_brand":[],"product_cat":[137],"product_tag":[],"class_list":{"0":"post-19587","1":"product","2":"type-product","3":"status-publish","5":"product_cat-maros-megyei-eletrajzi-lexikon","7":"first","8":"instock","9":"shipping-taxable","10":"product-type-simple"},"_links":{"self":[{"href":"https:\/\/uj.adatbank.ro\/lexikon\/wp-json\/wp\/v2\/product\/19587","targetHints":{"allow":["GET"]}}],"collection":[{"href":"https:\/\/uj.adatbank.ro\/lexikon\/wp-json\/wp\/v2\/product"}],"about":[{"href":"https:\/\/uj.adatbank.ro\/lexikon\/wp-json\/wp\/v2\/types\/product"}],"replies":[{"embeddable":true,"href":"https:\/\/uj.adatbank.ro\/lexikon\/wp-json\/wp\/v2\/comments?post=19587"}],"wp:attachment":[{"href":"https:\/\/uj.adatbank.ro\/lexikon\/wp-json\/wp\/v2\/media?parent=19587"}],"wp:term":[{"taxonomy":"product_brand","embeddable":true,"href":"https:\/\/uj.adatbank.ro\/lexikon\/wp-json\/wp\/v2\/product_brand?post=19587"},{"taxonomy":"product_cat","embeddable":true,"href":"https:\/\/uj.adatbank.ro\/lexikon\/wp-json\/wp\/v2\/product_cat?post=19587"},{"taxonomy":"product_tag","embeddable":true,"href":"https:\/\/uj.adatbank.ro\/lexikon\/wp-json\/wp\/v2\/product_tag?post=19587"}],"curies":[{"name":"wp","href":"https:\/\/api.w.org\/{rel}","templated":true}]}}