{"id":19588,"date":"2025-07-22T18:17:24","date_gmt":"2025-07-22T16:17:24","guid":{"rendered":"https:\/\/uj.adatbank.ro\/lexikon\/termek\/salamon-tibor\/"},"modified":"2025-07-22T18:17:24","modified_gmt":"2025-07-22T16:17:24","slug":"salamon-tibor","status":"publish","type":"product","link":"https:\/\/uj.adatbank.ro\/lexikon\/termek\/salamon-tibor\/","title":{"rendered":"SALAMON Tibor"},"content":{"rendered":"<p>1926., \u2020?: orvos. \u2013 A MOGYI \u00c1ltal\u00e1nos Orvosi Kar\u00e1n v\u00e9gzett (1951). Az Igazs\u00e1g\u00fcgyi Orvostani Tansz\u00e9ken gyakornok, majd tan\u00e1rseg\u00e9d (1952), a K\u00f3rbonctani Int\u00e9zetben dolgozott (1947\u201354.). A MOGYI T\u00f6rv\u00e9nysz\u00e9ki Orvastan\u00e1n dolgozott. \u2013 <strong>F. m.<\/strong>: <strong>t\u00e1rssz.:<\/strong> T\u00f6rv\u00e9nysz\u00e9ki orvostani jegyzet (Mv., 1951, 1954). <br \/><strong>Irod.:<\/strong> Barab\u00e1s\u2013P\u00e9ter M.\u2013P\u00e9ter H.M.; Genersich; MMK.<\/br><\/p>\n","protected":false},"excerpt":{"rendered":"<p>1926., \u2020?: orvos. \u2013 A MOGYI \u00c1ltal\u00e1nos Orvosi Kar\u00e1n v\u00e9gzett (1951). Az Igazs\u00e1g\u00fcgyi Orvostani Tansz\u00e9ken gyakornok, majd tan\u00e1rseg\u00e9d (1952), a K\u00f3rbonctani Int\u00e9zetben dolgozott (1947\u201354.). A MOGYI T\u00f6rv\u00e9nysz\u00e9ki Orvastan\u00e1n dolgozott. \u2013 F. m.: t\u00e1rssz.: T\u00f6rv\u00e9nysz\u00e9ki orvostani jegyzet (Mv., 1951, 1954). Irod.: Barab\u00e1s\u2013P\u00e9ter M.\u2013P\u00e9ter H.M.; Genersich; MMK.<\/p>\n","protected":false},"featured_media":0,"comment_status":"open","ping_status":"closed","template":"","meta":[],"product_brand":[],"product_cat":[137],"product_tag":[],"class_list":{"0":"post-19588","1":"product","2":"type-product","3":"status-publish","5":"product_cat-maros-megyei-eletrajzi-lexikon","7":"first","8":"instock","9":"shipping-taxable","10":"product-type-simple"},"_links":{"self":[{"href":"https:\/\/uj.adatbank.ro\/lexikon\/wp-json\/wp\/v2\/product\/19588","targetHints":{"allow":["GET"]}}],"collection":[{"href":"https:\/\/uj.adatbank.ro\/lexikon\/wp-json\/wp\/v2\/product"}],"about":[{"href":"https:\/\/uj.adatbank.ro\/lexikon\/wp-json\/wp\/v2\/types\/product"}],"replies":[{"embeddable":true,"href":"https:\/\/uj.adatbank.ro\/lexikon\/wp-json\/wp\/v2\/comments?post=19588"}],"wp:attachment":[{"href":"https:\/\/uj.adatbank.ro\/lexikon\/wp-json\/wp\/v2\/media?parent=19588"}],"wp:term":[{"taxonomy":"product_brand","embeddable":true,"href":"https:\/\/uj.adatbank.ro\/lexikon\/wp-json\/wp\/v2\/product_brand?post=19588"},{"taxonomy":"product_cat","embeddable":true,"href":"https:\/\/uj.adatbank.ro\/lexikon\/wp-json\/wp\/v2\/product_cat?post=19588"},{"taxonomy":"product_tag","embeddable":true,"href":"https:\/\/uj.adatbank.ro\/lexikon\/wp-json\/wp\/v2\/product_tag?post=19588"}],"curies":[{"name":"wp","href":"https:\/\/api.w.org\/{rel}","templated":true}]}}