{"id":19589,"date":"2025-07-22T18:17:26","date_gmt":"2025-07-22T16:17:26","guid":{"rendered":"https:\/\/uj.adatbank.ro\/lexikon\/termek\/salanky-karoly-%c2%a7-salanki-karoly\/"},"modified":"2025-07-22T18:17:26","modified_gmt":"2025-07-22T16:17:26","slug":"salanky-karoly-%c2%a7-salanki-karoly","status":"publish","type":"product","link":"https:\/\/uj.adatbank.ro\/lexikon\/termek\/salanky-karoly-%c2%a7-salanki-karoly\/","title":{"rendered":"SAL\u00c1NKY K\u00e1roly, \u00a7 Sal\u00e1nki K\u00e1roly"},"content":{"rendered":"<p>? \u2020\u00a01915\u201318?: sportol\u00f3, z\u00e1szl\u00f3s. \u2013 S. K\u00e1roly \u00e9s Dim\u00e9ny Kata (1846? \u2013 Mv., 1882. m\u00e1rc. 24.). Fi\u00fak: K\u00e1roly. \u2013 Mv.-en futball j\u00e1t\u00e9kos, int\u00e9z\u0151 \u00e9s atl\u00e9ta (1910 \u2013 k.). A vh.-ban halt meg. <br \/><strong>Irod.:<\/strong> Gy\u00e1szjelent\u0151; Illy\u00e9s; Kl\u00f3sz 2005.<\/br><\/p>\n","protected":false},"excerpt":{"rendered":"<p>? \u2020\u00a01915\u201318?: sportol\u00f3, z\u00e1szl\u00f3s. \u2013 S. K\u00e1roly \u00e9s Dim\u00e9ny Kata (1846? \u2013 Mv., 1882. m\u00e1rc. 24.). Fi\u00fak: K\u00e1roly. \u2013 Mv.-en futball j\u00e1t\u00e9kos, int\u00e9z\u0151 \u00e9s atl\u00e9ta (1910 \u2013 k.). A vh.-ban halt meg. Irod.: Gy\u00e1szjelent\u0151; Illy\u00e9s; Kl\u00f3sz 2005.<\/p>\n","protected":false},"featured_media":0,"comment_status":"open","ping_status":"closed","template":"","meta":[],"product_brand":[],"product_cat":[137],"product_tag":[],"class_list":{"0":"post-19589","1":"product","2":"type-product","3":"status-publish","5":"product_cat-maros-megyei-eletrajzi-lexikon","7":"first","8":"instock","9":"shipping-taxable","10":"product-type-simple"},"_links":{"self":[{"href":"https:\/\/uj.adatbank.ro\/lexikon\/wp-json\/wp\/v2\/product\/19589","targetHints":{"allow":["GET"]}}],"collection":[{"href":"https:\/\/uj.adatbank.ro\/lexikon\/wp-json\/wp\/v2\/product"}],"about":[{"href":"https:\/\/uj.adatbank.ro\/lexikon\/wp-json\/wp\/v2\/types\/product"}],"replies":[{"embeddable":true,"href":"https:\/\/uj.adatbank.ro\/lexikon\/wp-json\/wp\/v2\/comments?post=19589"}],"wp:attachment":[{"href":"https:\/\/uj.adatbank.ro\/lexikon\/wp-json\/wp\/v2\/media?parent=19589"}],"wp:term":[{"taxonomy":"product_brand","embeddable":true,"href":"https:\/\/uj.adatbank.ro\/lexikon\/wp-json\/wp\/v2\/product_brand?post=19589"},{"taxonomy":"product_cat","embeddable":true,"href":"https:\/\/uj.adatbank.ro\/lexikon\/wp-json\/wp\/v2\/product_cat?post=19589"},{"taxonomy":"product_tag","embeddable":true,"href":"https:\/\/uj.adatbank.ro\/lexikon\/wp-json\/wp\/v2\/product_tag?post=19589"}],"curies":[{"name":"wp","href":"https:\/\/api.w.org\/{rel}","templated":true}]}}