{"id":1959,"date":"2025-06-28T11:59:14","date_gmt":"2025-06-28T09:59:14","guid":{"rendered":"https:\/\/uj.adatbank.ro\/lexikon\/termek\/balazs-4\/"},"modified":"2025-06-28T11:59:14","modified_gmt":"2025-06-28T09:59:14","slug":"balazs-4","status":"publish","type":"product","link":"https:\/\/uj.adatbank.ro\/lexikon\/termek\/balazs-4\/","title":{"rendered":"BAL\u00c1ZS"},"content":{"rendered":"<p>? \u2020\u00a0? : r. k. pap. \u2013 Dics\u0151szentm\u00e1rton pl\u00e9b\u00e1niatemplom pl\u00e9b\u00e1nosa (1466). <br \/><strong>Irod.:<\/strong> L\u00e9sty\u00e1n \u2013 templomok 2.<\/br><\/p>\n","protected":false},"excerpt":{"rendered":"<p>? \u2020\u00a0? : r. k. pap. \u2013 Dics\u0151szentm\u00e1rton pl\u00e9b\u00e1niatemplom pl\u00e9b\u00e1nosa (1466). Irod.: L\u00e9sty\u00e1n \u2013 templomok 2.<\/p>\n","protected":false},"featured_media":0,"comment_status":"open","ping_status":"closed","template":"","meta":[],"product_brand":[],"product_cat":[137],"product_tag":[],"class_list":{"0":"post-1959","1":"product","2":"type-product","3":"status-publish","5":"product_cat-maros-megyei-eletrajzi-lexikon","7":"first","8":"instock","9":"shipping-taxable","10":"product-type-simple"},"_links":{"self":[{"href":"https:\/\/uj.adatbank.ro\/lexikon\/wp-json\/wp\/v2\/product\/1959","targetHints":{"allow":["GET"]}}],"collection":[{"href":"https:\/\/uj.adatbank.ro\/lexikon\/wp-json\/wp\/v2\/product"}],"about":[{"href":"https:\/\/uj.adatbank.ro\/lexikon\/wp-json\/wp\/v2\/types\/product"}],"replies":[{"embeddable":true,"href":"https:\/\/uj.adatbank.ro\/lexikon\/wp-json\/wp\/v2\/comments?post=1959"}],"wp:attachment":[{"href":"https:\/\/uj.adatbank.ro\/lexikon\/wp-json\/wp\/v2\/media?parent=1959"}],"wp:term":[{"taxonomy":"product_brand","embeddable":true,"href":"https:\/\/uj.adatbank.ro\/lexikon\/wp-json\/wp\/v2\/product_brand?post=1959"},{"taxonomy":"product_cat","embeddable":true,"href":"https:\/\/uj.adatbank.ro\/lexikon\/wp-json\/wp\/v2\/product_cat?post=1959"},{"taxonomy":"product_tag","embeddable":true,"href":"https:\/\/uj.adatbank.ro\/lexikon\/wp-json\/wp\/v2\/product_tag?post=1959"}],"curies":[{"name":"wp","href":"https:\/\/api.w.org\/{rel}","templated":true}]}}