{"id":19590,"date":"2025-07-22T18:17:27","date_gmt":"2025-07-22T16:17:27","guid":{"rendered":"https:\/\/uj.adatbank.ro\/lexikon\/termek\/salat-antal\/"},"modified":"2025-07-22T18:17:27","modified_gmt":"2025-07-22T16:17:27","slug":"salat-antal","status":"publish","type":"product","link":"https:\/\/uj.adatbank.ro\/lexikon\/termek\/salat-antal\/","title":{"rendered":"SALAT Antal"},"content":{"rendered":"<p>Mikh\u00e1za, 1892., \u2020?: gazd\u00e1lkod\u00f3. \u2013 \u00c9desapj\u00e1t\u00f3l tanult gazd\u00e1lkodni, majd \u00f6n\u00e1ll\u00f3 lett Jedden. Az els\u0151 vh.-ban a 23. vad\u00e1szz\u00e1szl\u00f3aljban a szerb, olasz \u00e9s az orosz fronton harcolt, mint t\u00f6rzs\u0151rmester szerelt le. K\u00e9tszer az I. \u00e9s II. ez\u00fcst, a bronz, k\u00e9tcs\u00edkos seb. \u00e9. \u00e9s a K\u00e1roly Csapatkereszt kit\u00fcntetettje. <br \/><strong>Irod.:<\/strong> Sz\u00e9kelyf\u00f6ld \u00ed. k.<\/br><\/p>\n","protected":false},"excerpt":{"rendered":"<p>Mikh\u00e1za, 1892., \u2020?: gazd\u00e1lkod\u00f3. \u2013 \u00c9desapj\u00e1t\u00f3l tanult gazd\u00e1lkodni, majd \u00f6n\u00e1ll\u00f3 lett Jedden. Az els\u0151 vh.-ban a 23. vad\u00e1szz\u00e1szl\u00f3aljban a szerb, olasz \u00e9s az orosz fronton harcolt, mint t\u00f6rzs\u0151rmester szerelt le. K\u00e9tszer az I. \u00e9s II. ez\u00fcst, a bronz, k\u00e9tcs\u00edkos seb. \u00e9. \u00e9s a K\u00e1roly Csapatkereszt kit\u00fcntetettje. Irod.: Sz\u00e9kelyf\u00f6ld \u00ed. k.<\/p>\n","protected":false},"featured_media":0,"comment_status":"open","ping_status":"closed","template":"","meta":[],"product_brand":[],"product_cat":[137],"product_tag":[],"class_list":{"0":"post-19590","1":"product","2":"type-product","3":"status-publish","5":"product_cat-maros-megyei-eletrajzi-lexikon","7":"first","8":"instock","9":"shipping-taxable","10":"product-type-simple"},"_links":{"self":[{"href":"https:\/\/uj.adatbank.ro\/lexikon\/wp-json\/wp\/v2\/product\/19590","targetHints":{"allow":["GET"]}}],"collection":[{"href":"https:\/\/uj.adatbank.ro\/lexikon\/wp-json\/wp\/v2\/product"}],"about":[{"href":"https:\/\/uj.adatbank.ro\/lexikon\/wp-json\/wp\/v2\/types\/product"}],"replies":[{"embeddable":true,"href":"https:\/\/uj.adatbank.ro\/lexikon\/wp-json\/wp\/v2\/comments?post=19590"}],"wp:attachment":[{"href":"https:\/\/uj.adatbank.ro\/lexikon\/wp-json\/wp\/v2\/media?parent=19590"}],"wp:term":[{"taxonomy":"product_brand","embeddable":true,"href":"https:\/\/uj.adatbank.ro\/lexikon\/wp-json\/wp\/v2\/product_brand?post=19590"},{"taxonomy":"product_cat","embeddable":true,"href":"https:\/\/uj.adatbank.ro\/lexikon\/wp-json\/wp\/v2\/product_cat?post=19590"},{"taxonomy":"product_tag","embeddable":true,"href":"https:\/\/uj.adatbank.ro\/lexikon\/wp-json\/wp\/v2\/product_tag?post=19590"}],"curies":[{"name":"wp","href":"https:\/\/api.w.org\/{rel}","templated":true}]}}