{"id":19591,"date":"2025-07-22T18:17:29","date_gmt":"2025-07-22T16:17:29","guid":{"rendered":"https:\/\/uj.adatbank.ro\/lexikon\/termek\/salat-denes\/"},"modified":"2025-07-22T18:17:29","modified_gmt":"2025-07-22T16:17:29","slug":"salat-denes","status":"publish","type":"product","link":"https:\/\/uj.adatbank.ro\/lexikon\/termek\/salat-denes\/","title":{"rendered":"SALAT D\u00e9nes"},"content":{"rendered":"<p>Mikh\u00e1za, 1908.,\u00a0\u2020?: szab\u00f3mester, gazd\u00e1lkod\u00f3. \u2013 Iskol\u00e1i elv\u00e9gz\u00e9se ut\u00e1n a szab\u00f3ipart tanulta, majd a sz\u00fcl\u0151i h\u00e1zn\u00e1l a gazd\u00e1lkod\u00e1st is elsaj\u00e1t\u00edtotta, \u00f6n\u00e1ll\u00f3 szab\u00f3mester (1933\u2013) sz\u00fcl\u0151faluj\u00e1ban. <br \/><strong>Irod.:<\/strong> Sz\u00e9kelyf\u00f6ld \u00ed. k.<\/br><\/p>\n","protected":false},"excerpt":{"rendered":"<p>Mikh\u00e1za, 1908.,\u00a0\u2020?: szab\u00f3mester, gazd\u00e1lkod\u00f3. \u2013 Iskol\u00e1i elv\u00e9gz\u00e9se ut\u00e1n a szab\u00f3ipart tanulta, majd a sz\u00fcl\u0151i h\u00e1zn\u00e1l a gazd\u00e1lkod\u00e1st is elsaj\u00e1t\u00edtotta, \u00f6n\u00e1ll\u00f3 szab\u00f3mester (1933\u2013) sz\u00fcl\u0151faluj\u00e1ban. Irod.: Sz\u00e9kelyf\u00f6ld \u00ed. k.<\/p>\n","protected":false},"featured_media":0,"comment_status":"open","ping_status":"closed","template":"","meta":[],"product_brand":[],"product_cat":[137],"product_tag":[],"class_list":{"0":"post-19591","1":"product","2":"type-product","3":"status-publish","5":"product_cat-maros-megyei-eletrajzi-lexikon","7":"first","8":"instock","9":"shipping-taxable","10":"product-type-simple"},"_links":{"self":[{"href":"https:\/\/uj.adatbank.ro\/lexikon\/wp-json\/wp\/v2\/product\/19591","targetHints":{"allow":["GET"]}}],"collection":[{"href":"https:\/\/uj.adatbank.ro\/lexikon\/wp-json\/wp\/v2\/product"}],"about":[{"href":"https:\/\/uj.adatbank.ro\/lexikon\/wp-json\/wp\/v2\/types\/product"}],"replies":[{"embeddable":true,"href":"https:\/\/uj.adatbank.ro\/lexikon\/wp-json\/wp\/v2\/comments?post=19591"}],"wp:attachment":[{"href":"https:\/\/uj.adatbank.ro\/lexikon\/wp-json\/wp\/v2\/media?parent=19591"}],"wp:term":[{"taxonomy":"product_brand","embeddable":true,"href":"https:\/\/uj.adatbank.ro\/lexikon\/wp-json\/wp\/v2\/product_brand?post=19591"},{"taxonomy":"product_cat","embeddable":true,"href":"https:\/\/uj.adatbank.ro\/lexikon\/wp-json\/wp\/v2\/product_cat?post=19591"},{"taxonomy":"product_tag","embeddable":true,"href":"https:\/\/uj.adatbank.ro\/lexikon\/wp-json\/wp\/v2\/product_tag?post=19591"}],"curies":[{"name":"wp","href":"https:\/\/api.w.org\/{rel}","templated":true}]}}