{"id":19596,"date":"2025-07-22T18:17:43","date_gmt":"2025-07-22T16:17:43","guid":{"rendered":"https:\/\/uj.adatbank.ro\/lexikon\/termek\/salati-ferenc-salat-ferenc\/"},"modified":"2025-07-22T18:17:43","modified_gmt":"2025-07-22T16:17:43","slug":"salati-ferenc-salat-ferenc","status":"publish","type":"product","link":"https:\/\/uj.adatbank.ro\/lexikon\/termek\/salati-ferenc-salat-ferenc\/","title":{"rendered":"SALATI Ferenc, Salat Ferenc"},"content":{"rendered":"<p>Bar\u00f3t, 1890. m\u00e1j. 17., \u2020\u00a0Sz\u00e1szr\u00e9gen, 1966. aug. 24. Bar\u00f3ton temett\u00e9k: r. k. pl\u00e9b\u00e1nos, tb. kanonok. \u2013 Apja f\u00f6ldm\u0171ves. Sz\u00e9kelyudvarhelyen \u00e9retts\u00e9gizett azut\u00e1n B\u00e9csben a P\u00e1zm\u00e1neumban tanult (1909\u201313), ahol papp\u00e1 szentelt\u00e9k (1913. j\u00fan. 13.). K\u00e1pl\u00e1n Brass\u00f3ban, Csat\u00f3szegen (1915), Gyergy\u00f3alfaluban (1916), majd lelkip\u00e1sztor \u00e9s t\u00e1bori lelk\u00e9sz Hajd\u00fan\u00e1n\u00e1son (1917) Gyergy\u00f3alfaluban (1918), Sz\u00e9kelylengyelfalv\u00e1n (1922), pl\u00e9b\u00e1nos Sz\u00e1szr\u00e9genben (1945\u201366), fogvatart\u00e1si ideje (1947. dec. 31.\u20131948. \u00e1pr. 28.). <br \/><strong>Irod.:<\/strong> Ferenczi S\u00e1ndor 2009; Ferenczi S\u00e1ndor 2012; Maros-k\u00fck\u00fcll\u0151i f\u0151esp.; Szab\u00f3\u2013Simon\u2013Sz\u00f6gi.<\/br><\/p>\n","protected":false},"excerpt":{"rendered":"<p>Bar\u00f3t, 1890. m\u00e1j. 17., \u2020\u00a0Sz\u00e1szr\u00e9gen, 1966. aug. 24. Bar\u00f3ton temett\u00e9k: r. k. pl\u00e9b\u00e1nos, tb. kanonok. \u2013 Apja f\u00f6ldm\u0171ves. Sz\u00e9kelyudvarhelyen \u00e9retts\u00e9gizett azut\u00e1n B\u00e9csben a P\u00e1zm\u00e1neumban tanult (1909\u201313), ahol papp\u00e1 szentelt\u00e9k (1913. j\u00fan. 13.). K\u00e1pl\u00e1n Brass\u00f3ban, Csat\u00f3szegen (1915), Gyergy\u00f3alfaluban (1916), majd lelkip\u00e1sztor \u00e9s t\u00e1bori lelk\u00e9sz Hajd\u00fan\u00e1n\u00e1son (1917) Gyergy\u00f3alfaluban (1918), Sz\u00e9kelylengyelfalv\u00e1n (1922), pl\u00e9b\u00e1nos Sz\u00e1szr\u00e9genben (1945\u201366), fogvatart\u00e1si ideje (1947. [&hellip;]<\/p>\n","protected":false},"featured_media":0,"comment_status":"open","ping_status":"closed","template":"","meta":[],"product_brand":[],"product_cat":[137],"product_tag":[],"class_list":{"0":"post-19596","1":"product","2":"type-product","3":"status-publish","5":"product_cat-maros-megyei-eletrajzi-lexikon","7":"first","8":"instock","9":"shipping-taxable","10":"product-type-simple"},"_links":{"self":[{"href":"https:\/\/uj.adatbank.ro\/lexikon\/wp-json\/wp\/v2\/product\/19596","targetHints":{"allow":["GET"]}}],"collection":[{"href":"https:\/\/uj.adatbank.ro\/lexikon\/wp-json\/wp\/v2\/product"}],"about":[{"href":"https:\/\/uj.adatbank.ro\/lexikon\/wp-json\/wp\/v2\/types\/product"}],"replies":[{"embeddable":true,"href":"https:\/\/uj.adatbank.ro\/lexikon\/wp-json\/wp\/v2\/comments?post=19596"}],"wp:attachment":[{"href":"https:\/\/uj.adatbank.ro\/lexikon\/wp-json\/wp\/v2\/media?parent=19596"}],"wp:term":[{"taxonomy":"product_brand","embeddable":true,"href":"https:\/\/uj.adatbank.ro\/lexikon\/wp-json\/wp\/v2\/product_brand?post=19596"},{"taxonomy":"product_cat","embeddable":true,"href":"https:\/\/uj.adatbank.ro\/lexikon\/wp-json\/wp\/v2\/product_cat?post=19596"},{"taxonomy":"product_tag","embeddable":true,"href":"https:\/\/uj.adatbank.ro\/lexikon\/wp-json\/wp\/v2\/product_tag?post=19596"}],"curies":[{"name":"wp","href":"https:\/\/api.w.org\/{rel}","templated":true}]}}