{"id":19598,"date":"2025-07-22T18:17:49","date_gmt":"2025-07-22T16:17:49","guid":{"rendered":"https:\/\/uj.adatbank.ro\/lexikon\/termek\/salca-alexandru\/"},"modified":"2025-07-22T18:17:49","modified_gmt":"2025-07-22T16:17:49","slug":"salca-alexandru","status":"publish","type":"product","link":"https:\/\/uj.adatbank.ro\/lexikon\/termek\/salca-alexandru\/","title":{"rendered":"SALC\u0102, Alexandru"},"content":{"rendered":"<p>G\u00f6rg\u00e9nykakucs, 1922., \u2020 Brass\u00f3, 2001. \u00e1pr. 27.: munk\u00e1s, antikommunista harcos. \u2013 Brass\u00f3ban v\u00e9gezte a Regele Ferdinand Ipari Iskol\u00e1t, \u00e9s p\u00e1rhuzamosan eszterg\u00e1lyosk\u00e9nt dolgozott a Dumitru Voinea F\u00e9mipari \u00dczemben, elsaj\u00e1t\u00edtotta a fegyvergy\u00e1rt\u00e1si szakm\u00e1t. Bekapcsol\u00f3dott a l\u00e9gion\u00e1rius mozgalomba. A h\u00e1bor\u00fa ut\u00e1n az antikommunista mozgalom tagja lett, ez\u00e9rt t\u00f6bb \u00fajs\u00e1gban fasiszt\u00e1nak nevezt\u00e9k, \u00e9s \u00fcld\u00f6zni kezdt\u00e9k (Sc\u00e2nteia, Drum Nou). K\u00e9nytelen volt elhagyni a munkahely\u00e9t, H\u00e9tfaluban \u00e9s k\u00f6rny\u00e9k\u00e9n b\u00fajk\u00e1lt, majd Sz\u00e1szr\u00e9genben \u00e1llapodott meg, ahol felv\u00e1s\u00e1rolta az \u00e9lelmiszereket, \u00e9s Brass\u00f3ban eladta \u0151ket (1945\u2013). Ism\u00e9t felvette a kapcsolatot a l\u00e9gion\u00e1riusokkal \u00e9s antikommunista \u00f6sszej\u00f6veteleken vett r\u00e9szt. A rom\u00e1n fejedelems\u00e9gek egyes\u00fcl\u00e9s\u00e9nek \u00e9vfordul\u00f3j\u00e1n megszervezett egy utcai felvonul\u00e1st \u00e9s m\u0171v\u00e9szi m\u0171sort a Kult\u00farh\u00e1zban (1946. jan. 24.). Letart\u00f3ztatt\u00e1k, de apja v\u00e1lts\u00e1gd\u00edj fej\u00e9ben kiszabad\u00edtotta (1946. dec.). Visszat\u00e9rt Brass\u00f3ba, ahol egy aut\u00f3jav\u00edt\u00f3ban dolgozott. A Securitate felfedte a l\u00e9gion\u00e1rius szervezetet. Letart\u00f3ztatt\u00e1k (1948. nov. 20.), h\u00e1rom \u00e9v b\u00f6rt\u00f6nre \u00edt\u00e9lt\u00e9k, amit kiszabadul\u00e1sa el\u0151tt m\u00e9g 60 h\u00f3nappal megtoldottak. Meg\u00edrta visszaeml\u00e9kez\u00e9seit. \u2013 <strong>F. m.<\/strong>: D\u0103ruit cu suferi\u0163\u0103; \u00cen veghe printre sfin\u0163i; Canalul, Rezisten\u0163a \u00een mun\u0163i \u015fi \u00een ora\u015ful Bra\u015fov 1944\u20131948. Kiszabadul\u00e1sa ut\u00e1n (1954. m\u00e1j. 5.) megn\u0151s\u00fclt, \u00e9s H\u00e9tfaluban (Brass\u00f3) telepedett meg. A magyaro.-i esem\u00e9nyek ideje alatt \u00fajb\u00f3l szervezkedni kezdett, ism\u00e9t letart\u00f3ztatt\u00e1k (1956. nov. 15.), \u00e9s 20 \u00e9v k\u00e9nyszermunk\u00e1ra \u00edt\u00e9lt\u00e9k, amelyb\u0151l nyolcat t\u00f6lt\u00f6tt le. Ism\u00e9t Brass\u00f3ban telepedett le, ahol munk\u00e1sk\u00e9nt dolgozott. <br \/><strong>Irod.:<\/strong> Regh. Cult. (10., 2010).<\/br><\/p>\n","protected":false},"excerpt":{"rendered":"<p>G\u00f6rg\u00e9nykakucs, 1922., \u2020 Brass\u00f3, 2001. \u00e1pr. 27.: munk\u00e1s, antikommunista harcos. \u2013 Brass\u00f3ban v\u00e9gezte a Regele Ferdinand Ipari Iskol\u00e1t, \u00e9s p\u00e1rhuzamosan eszterg\u00e1lyosk\u00e9nt dolgozott a Dumitru Voinea F\u00e9mipari \u00dczemben, elsaj\u00e1t\u00edtotta a fegyvergy\u00e1rt\u00e1si szakm\u00e1t. Bekapcsol\u00f3dott a l\u00e9gion\u00e1rius mozgalomba. A h\u00e1bor\u00fa ut\u00e1n az antikommunista mozgalom tagja lett, ez\u00e9rt t\u00f6bb \u00fajs\u00e1gban fasiszt\u00e1nak nevezt\u00e9k, \u00e9s \u00fcld\u00f6zni kezdt\u00e9k (Sc\u00e2nteia, Drum Nou). K\u00e9nytelen [&hellip;]<\/p>\n","protected":false},"featured_media":0,"comment_status":"open","ping_status":"closed","template":"","meta":[],"product_brand":[],"product_cat":[137],"product_tag":[],"class_list":{"0":"post-19598","1":"product","2":"type-product","3":"status-publish","5":"product_cat-maros-megyei-eletrajzi-lexikon","7":"first","8":"instock","9":"shipping-taxable","10":"product-type-simple"},"_links":{"self":[{"href":"https:\/\/uj.adatbank.ro\/lexikon\/wp-json\/wp\/v2\/product\/19598","targetHints":{"allow":["GET"]}}],"collection":[{"href":"https:\/\/uj.adatbank.ro\/lexikon\/wp-json\/wp\/v2\/product"}],"about":[{"href":"https:\/\/uj.adatbank.ro\/lexikon\/wp-json\/wp\/v2\/types\/product"}],"replies":[{"embeddable":true,"href":"https:\/\/uj.adatbank.ro\/lexikon\/wp-json\/wp\/v2\/comments?post=19598"}],"wp:attachment":[{"href":"https:\/\/uj.adatbank.ro\/lexikon\/wp-json\/wp\/v2\/media?parent=19598"}],"wp:term":[{"taxonomy":"product_brand","embeddable":true,"href":"https:\/\/uj.adatbank.ro\/lexikon\/wp-json\/wp\/v2\/product_brand?post=19598"},{"taxonomy":"product_cat","embeddable":true,"href":"https:\/\/uj.adatbank.ro\/lexikon\/wp-json\/wp\/v2\/product_cat?post=19598"},{"taxonomy":"product_tag","embeddable":true,"href":"https:\/\/uj.adatbank.ro\/lexikon\/wp-json\/wp\/v2\/product_tag?post=19598"}],"curies":[{"name":"wp","href":"https:\/\/api.w.org\/{rel}","templated":true}]}}