{"id":19599,"date":"2025-07-22T18:17:51","date_gmt":"2025-07-22T16:17:51","guid":{"rendered":"https:\/\/uj.adatbank.ro\/lexikon\/termek\/salcher-pal\/"},"modified":"2025-07-22T18:17:51","modified_gmt":"2025-07-22T16:17:51","slug":"salcher-pal","status":"publish","type":"product","link":"https:\/\/uj.adatbank.ro\/lexikon\/termek\/salcher-pal\/","title":{"rendered":"SALCHER P\u00e1l"},"content":{"rendered":"<p>Mv.? \u2020?: f\u0151hadnagy. \u2013 A Honv\u00e9delmi Miniszt\u00e9rium kinevezte a mv.-i Katonai Alre\u00e1liskola tan\u00e1r\u00e1nak (1909. aug. 2.). <br \/><strong>Irod.:<\/strong> Id\u0151t\u00e1r 5\/3.<\/br><\/p>\n","protected":false},"excerpt":{"rendered":"<p>Mv.? \u2020?: f\u0151hadnagy. \u2013 A Honv\u00e9delmi Miniszt\u00e9rium kinevezte a mv.-i Katonai Alre\u00e1liskola tan\u00e1r\u00e1nak (1909. aug. 2.). Irod.: Id\u0151t\u00e1r 5\/3.<\/p>\n","protected":false},"featured_media":0,"comment_status":"open","ping_status":"closed","template":"","meta":[],"product_brand":[],"product_cat":[137],"product_tag":[],"class_list":{"0":"post-19599","1":"product","2":"type-product","3":"status-publish","5":"product_cat-maros-megyei-eletrajzi-lexikon","7":"first","8":"instock","9":"shipping-taxable","10":"product-type-simple"},"_links":{"self":[{"href":"https:\/\/uj.adatbank.ro\/lexikon\/wp-json\/wp\/v2\/product\/19599","targetHints":{"allow":["GET"]}}],"collection":[{"href":"https:\/\/uj.adatbank.ro\/lexikon\/wp-json\/wp\/v2\/product"}],"about":[{"href":"https:\/\/uj.adatbank.ro\/lexikon\/wp-json\/wp\/v2\/types\/product"}],"replies":[{"embeddable":true,"href":"https:\/\/uj.adatbank.ro\/lexikon\/wp-json\/wp\/v2\/comments?post=19599"}],"wp:attachment":[{"href":"https:\/\/uj.adatbank.ro\/lexikon\/wp-json\/wp\/v2\/media?parent=19599"}],"wp:term":[{"taxonomy":"product_brand","embeddable":true,"href":"https:\/\/uj.adatbank.ro\/lexikon\/wp-json\/wp\/v2\/product_brand?post=19599"},{"taxonomy":"product_cat","embeddable":true,"href":"https:\/\/uj.adatbank.ro\/lexikon\/wp-json\/wp\/v2\/product_cat?post=19599"},{"taxonomy":"product_tag","embeddable":true,"href":"https:\/\/uj.adatbank.ro\/lexikon\/wp-json\/wp\/v2\/product_tag?post=19599"}],"curies":[{"name":"wp","href":"https:\/\/api.w.org\/{rel}","templated":true}]}}