{"id":19602,"date":"2025-07-22T18:18:00","date_gmt":"2025-07-22T16:18:00","guid":{"rendered":"https:\/\/uj.adatbank.ro\/lexikon\/termek\/salcudeanu-vasile\/"},"modified":"2025-07-22T18:18:00","modified_gmt":"2025-07-22T16:18:00","slug":"salcudeanu-vasile","status":"publish","type":"product","link":"https:\/\/uj.adatbank.ro\/lexikon\/termek\/salcudeanu-vasile\/","title":{"rendered":"S\u0102LCUDEANU, Vasile"},"content":{"rendered":"<p>Gerendkereszt\u00far, 1934. jan. 15., \u2020\u00a01995.: matematika tan\u00e1r. \u2013 A kv.-i BBTE matematika kar\u00e1n szerzett tan\u00e1ri oklevelet. Az Aranyosgy\u00e9resi L\u00edceumban tan\u00e1r, majd a tordai Sodronygy\u00e1rban analitikai programvezet\u0151, m\u0171helyf\u0151n\u00f6k, Kv.-on a Sinteron v\u00e1llalat sz\u00e1m\u00edt\u00f3k\u00f6zpontj\u00e1nak f\u0151n\u00f6ke. A Nemzeti Parasztp\u00e1rt vezet\u0151s\u00e9gi tagja, Kolozs megye tan\u00e1cs\u00e1nak aleln\u00f6ke (1993\u201396), prefektus (1999\u20132000). \u2013 <strong>F. m.<\/strong>: Culegere de probleme de geometrie analitica (s.l, s.a.). <br \/><strong>Irod.:<\/strong> Clujeni ai sec. XX; Todea.<\/br><\/p>\n","protected":false},"excerpt":{"rendered":"<p>Gerendkereszt\u00far, 1934. jan. 15., \u2020\u00a01995.: matematika tan\u00e1r. \u2013 A kv.-i BBTE matematika kar\u00e1n szerzett tan\u00e1ri oklevelet. Az Aranyosgy\u00e9resi L\u00edceumban tan\u00e1r, majd a tordai Sodronygy\u00e1rban analitikai programvezet\u0151, m\u0171helyf\u0151n\u00f6k, Kv.-on a Sinteron v\u00e1llalat sz\u00e1m\u00edt\u00f3k\u00f6zpontj\u00e1nak f\u0151n\u00f6ke. A Nemzeti Parasztp\u00e1rt vezet\u0151s\u00e9gi tagja, Kolozs megye tan\u00e1cs\u00e1nak aleln\u00f6ke (1993\u201396), prefektus (1999\u20132000). \u2013 F. m.: Culegere de probleme de geometrie analitica (s.l, [&hellip;]<\/p>\n","protected":false},"featured_media":0,"comment_status":"open","ping_status":"closed","template":"","meta":[],"product_brand":[],"product_cat":[137],"product_tag":[],"class_list":{"0":"post-19602","1":"product","2":"type-product","3":"status-publish","5":"product_cat-maros-megyei-eletrajzi-lexikon","7":"first","8":"instock","9":"shipping-taxable","10":"product-type-simple"},"_links":{"self":[{"href":"https:\/\/uj.adatbank.ro\/lexikon\/wp-json\/wp\/v2\/product\/19602","targetHints":{"allow":["GET"]}}],"collection":[{"href":"https:\/\/uj.adatbank.ro\/lexikon\/wp-json\/wp\/v2\/product"}],"about":[{"href":"https:\/\/uj.adatbank.ro\/lexikon\/wp-json\/wp\/v2\/types\/product"}],"replies":[{"embeddable":true,"href":"https:\/\/uj.adatbank.ro\/lexikon\/wp-json\/wp\/v2\/comments?post=19602"}],"wp:attachment":[{"href":"https:\/\/uj.adatbank.ro\/lexikon\/wp-json\/wp\/v2\/media?parent=19602"}],"wp:term":[{"taxonomy":"product_brand","embeddable":true,"href":"https:\/\/uj.adatbank.ro\/lexikon\/wp-json\/wp\/v2\/product_brand?post=19602"},{"taxonomy":"product_cat","embeddable":true,"href":"https:\/\/uj.adatbank.ro\/lexikon\/wp-json\/wp\/v2\/product_cat?post=19602"},{"taxonomy":"product_tag","embeddable":true,"href":"https:\/\/uj.adatbank.ro\/lexikon\/wp-json\/wp\/v2\/product_tag?post=19602"}],"curies":[{"name":"wp","href":"https:\/\/api.w.org\/{rel}","templated":true}]}}