{"id":19605,"date":"2025-07-22T18:18:05","date_gmt":"2025-07-22T16:18:05","guid":{"rendered":"https:\/\/uj.adatbank.ro\/lexikon\/termek\/sallak-janos\/"},"modified":"2025-07-22T18:18:05","modified_gmt":"2025-07-22T16:18:05","slug":"sallak-janos","status":"publish","type":"product","link":"https:\/\/uj.adatbank.ro\/lexikon\/termek\/sallak-janos\/","title":{"rendered":"SALLAK J\u00e1nos"},"content":{"rendered":"<p>Vajdakamar\u00e1s, 1930. febr. 5., \u2020 Sepsiszentgy\u00f6rgy, 1998. j\u00fan. 23.: lelk\u00e9sz. \u2013 Tanult a kv.-i Protest\u00e1ns Teol\u00f3gi\u00e1n (1954). Lelkip\u00e1sztor volt Uzdiszentp\u00e9teren (1954\u201355), Tancson (1955\u2013). <br \/><strong>Irod.:<\/strong> MMK.<\/br><\/p>\n","protected":false},"excerpt":{"rendered":"<p>Vajdakamar\u00e1s, 1930. febr. 5., \u2020 Sepsiszentgy\u00f6rgy, 1998. j\u00fan. 23.: lelk\u00e9sz. \u2013 Tanult a kv.-i Protest\u00e1ns Teol\u00f3gi\u00e1n (1954). Lelkip\u00e1sztor volt Uzdiszentp\u00e9teren (1954\u201355), Tancson (1955\u2013). Irod.: MMK.<\/p>\n","protected":false},"featured_media":0,"comment_status":"open","ping_status":"closed","template":"","meta":[],"product_brand":[],"product_cat":[137],"product_tag":[],"class_list":{"0":"post-19605","1":"product","2":"type-product","3":"status-publish","5":"product_cat-maros-megyei-eletrajzi-lexikon","7":"first","8":"instock","9":"shipping-taxable","10":"product-type-simple"},"_links":{"self":[{"href":"https:\/\/uj.adatbank.ro\/lexikon\/wp-json\/wp\/v2\/product\/19605","targetHints":{"allow":["GET"]}}],"collection":[{"href":"https:\/\/uj.adatbank.ro\/lexikon\/wp-json\/wp\/v2\/product"}],"about":[{"href":"https:\/\/uj.adatbank.ro\/lexikon\/wp-json\/wp\/v2\/types\/product"}],"replies":[{"embeddable":true,"href":"https:\/\/uj.adatbank.ro\/lexikon\/wp-json\/wp\/v2\/comments?post=19605"}],"wp:attachment":[{"href":"https:\/\/uj.adatbank.ro\/lexikon\/wp-json\/wp\/v2\/media?parent=19605"}],"wp:term":[{"taxonomy":"product_brand","embeddable":true,"href":"https:\/\/uj.adatbank.ro\/lexikon\/wp-json\/wp\/v2\/product_brand?post=19605"},{"taxonomy":"product_cat","embeddable":true,"href":"https:\/\/uj.adatbank.ro\/lexikon\/wp-json\/wp\/v2\/product_cat?post=19605"},{"taxonomy":"product_tag","embeddable":true,"href":"https:\/\/uj.adatbank.ro\/lexikon\/wp-json\/wp\/v2\/product_tag?post=19605"}],"curies":[{"name":"wp","href":"https:\/\/api.w.org\/{rel}","templated":true}]}}