{"id":19606,"date":"2025-07-22T18:18:08","date_gmt":"2025-07-22T16:18:08","guid":{"rendered":"https:\/\/uj.adatbank.ro\/lexikon\/termek\/sallo-cassian-janosr-p\/"},"modified":"2025-07-22T18:18:08","modified_gmt":"2025-07-22T16:18:08","slug":"sallo-cassian-janosr-p","status":"publish","type":"product","link":"https:\/\/uj.adatbank.ro\/lexikon\/termek\/sallo-cassian-janosr-p\/","title":{"rendered":"SALL\u00d3 Cassian J\u00e1nos,R. P."},"content":{"rendered":"<p>Zs\u00f6g\u00f6d, 1737.\u2020\u00a0Mv., 1793. aug. 19. A mv.-i ferences bar\u00e1tok egykori temploma alatt l\u00e9v\u0151 kript\u00e1ban nyugszik: szerzetes. Be\u00f6lt\u00f6z\u00f6tt (1759. nov. 12.), felszentelt\u00e9k (1765. m\u00e1rc. 25.). <br \/><strong>Irod.:<\/strong> Gy\u00f6rgy: A ferencrendiek; Pantheon.<\/br><\/p>\n","protected":false},"excerpt":{"rendered":"<p>Zs\u00f6g\u00f6d, 1737.\u2020\u00a0Mv., 1793. aug. 19. A mv.-i ferences bar\u00e1tok egykori temploma alatt l\u00e9v\u0151 kript\u00e1ban nyugszik: szerzetes. Be\u00f6lt\u00f6z\u00f6tt (1759. nov. 12.), felszentelt\u00e9k (1765. m\u00e1rc. 25.). Irod.: Gy\u00f6rgy: A ferencrendiek; Pantheon.<\/p>\n","protected":false},"featured_media":0,"comment_status":"open","ping_status":"closed","template":"","meta":[],"product_brand":[],"product_cat":[137],"product_tag":[],"class_list":{"0":"post-19606","1":"product","2":"type-product","3":"status-publish","5":"product_cat-maros-megyei-eletrajzi-lexikon","7":"first","8":"instock","9":"shipping-taxable","10":"product-type-simple"},"_links":{"self":[{"href":"https:\/\/uj.adatbank.ro\/lexikon\/wp-json\/wp\/v2\/product\/19606","targetHints":{"allow":["GET"]}}],"collection":[{"href":"https:\/\/uj.adatbank.ro\/lexikon\/wp-json\/wp\/v2\/product"}],"about":[{"href":"https:\/\/uj.adatbank.ro\/lexikon\/wp-json\/wp\/v2\/types\/product"}],"replies":[{"embeddable":true,"href":"https:\/\/uj.adatbank.ro\/lexikon\/wp-json\/wp\/v2\/comments?post=19606"}],"wp:attachment":[{"href":"https:\/\/uj.adatbank.ro\/lexikon\/wp-json\/wp\/v2\/media?parent=19606"}],"wp:term":[{"taxonomy":"product_brand","embeddable":true,"href":"https:\/\/uj.adatbank.ro\/lexikon\/wp-json\/wp\/v2\/product_brand?post=19606"},{"taxonomy":"product_cat","embeddable":true,"href":"https:\/\/uj.adatbank.ro\/lexikon\/wp-json\/wp\/v2\/product_cat?post=19606"},{"taxonomy":"product_tag","embeddable":true,"href":"https:\/\/uj.adatbank.ro\/lexikon\/wp-json\/wp\/v2\/product_tag?post=19606"}],"curies":[{"name":"wp","href":"https:\/\/api.w.org\/{rel}","templated":true}]}}