{"id":19607,"date":"2025-07-22T18:18:10","date_gmt":"2025-07-22T16:18:10","guid":{"rendered":"https:\/\/uj.adatbank.ro\/lexikon\/termek\/sallo-gyorgy\/"},"modified":"2025-07-22T18:18:10","modified_gmt":"2025-07-22T16:18:10","slug":"sallo-gyorgy","status":"publish","type":"product","link":"https:\/\/uj.adatbank.ro\/lexikon\/termek\/sallo-gyorgy\/","title":{"rendered":"SALL\u00d3 Gy\u00f6rgy"},"content":{"rendered":"<p>Cs\u00edkszereda, 1929. \u00e1pr. 23., Mv., 2016. febr. 15.: orvos. \u2013 Feles\u00e9ge: L\u0151rincz Erzs\u00e9bet (1935 Szov\u00e1ta \u2013 2004. febr. 15.) f\u0151gy\u00f3gyszer\u00e9sz. Gyermekeik: Gy\u00f6rgy (1962) m\u00e9rn\u00f6k, Germ\u00e1n Sall\u00f3 M\u00e1rta (1966), orvos, tan\u00e1r a MOGYI-n. \u2013 Tanult a MOGYI-n (1955). Szov\u00e1t\u00e1n dolgozott mint balneol\u00f3gus f\u0151orvos (1955\u20131992). Hozz\u00e1j\u00e1rult Szov\u00e1ta f\u00fcrd\u0151v\u00e1ros fejl\u0151d\u00e9s\u00e9hez, a sz\u00e1llodarendszer ki\u00e9p\u00edt\u00e9s\u00e9hez (1975\u201382). Tanulm\u00e1ny\u00e1t k\u00f6z\u00f6lte a Studii Balneol. Fizioter (1962). <br \/><strong>Irod.:<\/strong> RMKK.<\/br><\/p>\n","protected":false},"excerpt":{"rendered":"<p>Cs\u00edkszereda, 1929. \u00e1pr. 23., Mv., 2016. febr. 15.: orvos. \u2013 Feles\u00e9ge: L\u0151rincz Erzs\u00e9bet (1935 Szov\u00e1ta \u2013 2004. febr. 15.) f\u0151gy\u00f3gyszer\u00e9sz. Gyermekeik: Gy\u00f6rgy (1962) m\u00e9rn\u00f6k, Germ\u00e1n Sall\u00f3 M\u00e1rta (1966), orvos, tan\u00e1r a MOGYI-n. \u2013 Tanult a MOGYI-n (1955). Szov\u00e1t\u00e1n dolgozott mint balneol\u00f3gus f\u0151orvos (1955\u20131992). Hozz\u00e1j\u00e1rult Szov\u00e1ta f\u00fcrd\u0151v\u00e1ros fejl\u0151d\u00e9s\u00e9hez, a sz\u00e1llodarendszer ki\u00e9p\u00edt\u00e9s\u00e9hez (1975\u201382). Tanulm\u00e1ny\u00e1t k\u00f6z\u00f6lte a Studii [&hellip;]<\/p>\n","protected":false},"featured_media":0,"comment_status":"open","ping_status":"closed","template":"","meta":[],"product_brand":[],"product_cat":[137],"product_tag":[],"class_list":{"0":"post-19607","1":"product","2":"type-product","3":"status-publish","5":"product_cat-maros-megyei-eletrajzi-lexikon","7":"first","8":"instock","9":"shipping-taxable","10":"product-type-simple"},"_links":{"self":[{"href":"https:\/\/uj.adatbank.ro\/lexikon\/wp-json\/wp\/v2\/product\/19607","targetHints":{"allow":["GET"]}}],"collection":[{"href":"https:\/\/uj.adatbank.ro\/lexikon\/wp-json\/wp\/v2\/product"}],"about":[{"href":"https:\/\/uj.adatbank.ro\/lexikon\/wp-json\/wp\/v2\/types\/product"}],"replies":[{"embeddable":true,"href":"https:\/\/uj.adatbank.ro\/lexikon\/wp-json\/wp\/v2\/comments?post=19607"}],"wp:attachment":[{"href":"https:\/\/uj.adatbank.ro\/lexikon\/wp-json\/wp\/v2\/media?parent=19607"}],"wp:term":[{"taxonomy":"product_brand","embeddable":true,"href":"https:\/\/uj.adatbank.ro\/lexikon\/wp-json\/wp\/v2\/product_brand?post=19607"},{"taxonomy":"product_cat","embeddable":true,"href":"https:\/\/uj.adatbank.ro\/lexikon\/wp-json\/wp\/v2\/product_cat?post=19607"},{"taxonomy":"product_tag","embeddable":true,"href":"https:\/\/uj.adatbank.ro\/lexikon\/wp-json\/wp\/v2\/product_tag?post=19607"}],"curies":[{"name":"wp","href":"https:\/\/api.w.org\/{rel}","templated":true}]}}