{"id":19609,"date":"2025-07-22T18:18:13","date_gmt":"2025-07-22T16:18:13","guid":{"rendered":"https:\/\/uj.adatbank.ro\/lexikon\/termek\/salmen-august\/"},"modified":"2025-07-22T18:18:13","modified_gmt":"2025-07-22T16:18:13","slug":"salmen-august","status":"publish","type":"product","link":"https:\/\/uj.adatbank.ro\/lexikon\/termek\/salmen-august\/","title":{"rendered":"SALMEN August"},"content":{"rendered":"<p>Segesv\u00e1r, 1869. nov. 29., \u2020?: gy\u00f3gyszer\u00e9sz. \u2013 Grazban v\u00e9gezte az egyetemet (1888\u20131890) kapott gy\u00f3gyszer\u00e9sz diplom\u00e1t (1891)., majd Segesv\u00e1ron dolgozott az Oroszl\u00e1nhoz c\u00edmzett gy\u00f3gyszert\u00e1r (alap\u00edtva1872-ban) tulajdonosak\u00e9nt (1909\u201349). Az Erd\u00e9lyi megy\u00e9k gy\u00f3gyszer\u00e9sz test\u00fclet\u00e9nek titk\u00e1ra (1920), majd az Erd\u00e9lyi \u00e9s B\u00e1n\u00e1ti Gy\u00f3gyszer\u00e9szek Sz\u00f6vets\u00e9ge aleln\u00f6ke (1922\u201330) <br \/><strong>Irod.:<\/strong> Pan\u0103; P\u00e9ter H. M., Szab\u00f3\u2013Simon\u2013Sz\u00f6gi.<\/br><\/p>\n","protected":false},"excerpt":{"rendered":"<p>Segesv\u00e1r, 1869. nov. 29., \u2020?: gy\u00f3gyszer\u00e9sz. \u2013 Grazban v\u00e9gezte az egyetemet (1888\u20131890) kapott gy\u00f3gyszer\u00e9sz diplom\u00e1t (1891)., majd Segesv\u00e1ron dolgozott az Oroszl\u00e1nhoz c\u00edmzett gy\u00f3gyszert\u00e1r (alap\u00edtva1872-ban) tulajdonosak\u00e9nt (1909\u201349). Az Erd\u00e9lyi megy\u00e9k gy\u00f3gyszer\u00e9sz test\u00fclet\u00e9nek titk\u00e1ra (1920), majd az Erd\u00e9lyi \u00e9s B\u00e1n\u00e1ti Gy\u00f3gyszer\u00e9szek Sz\u00f6vets\u00e9ge aleln\u00f6ke (1922\u201330) Irod.: Pan\u0103; P\u00e9ter H. M., Szab\u00f3\u2013Simon\u2013Sz\u00f6gi.<\/p>\n","protected":false},"featured_media":0,"comment_status":"open","ping_status":"closed","template":"","meta":[],"product_brand":[],"product_cat":[137],"product_tag":[],"class_list":{"0":"post-19609","1":"product","2":"type-product","3":"status-publish","5":"product_cat-maros-megyei-eletrajzi-lexikon","7":"first","8":"instock","9":"shipping-taxable","10":"product-type-simple"},"_links":{"self":[{"href":"https:\/\/uj.adatbank.ro\/lexikon\/wp-json\/wp\/v2\/product\/19609","targetHints":{"allow":["GET"]}}],"collection":[{"href":"https:\/\/uj.adatbank.ro\/lexikon\/wp-json\/wp\/v2\/product"}],"about":[{"href":"https:\/\/uj.adatbank.ro\/lexikon\/wp-json\/wp\/v2\/types\/product"}],"replies":[{"embeddable":true,"href":"https:\/\/uj.adatbank.ro\/lexikon\/wp-json\/wp\/v2\/comments?post=19609"}],"wp:attachment":[{"href":"https:\/\/uj.adatbank.ro\/lexikon\/wp-json\/wp\/v2\/media?parent=19609"}],"wp:term":[{"taxonomy":"product_brand","embeddable":true,"href":"https:\/\/uj.adatbank.ro\/lexikon\/wp-json\/wp\/v2\/product_brand?post=19609"},{"taxonomy":"product_cat","embeddable":true,"href":"https:\/\/uj.adatbank.ro\/lexikon\/wp-json\/wp\/v2\/product_cat?post=19609"},{"taxonomy":"product_tag","embeddable":true,"href":"https:\/\/uj.adatbank.ro\/lexikon\/wp-json\/wp\/v2\/product_tag?post=19609"}],"curies":[{"name":"wp","href":"https:\/\/api.w.org\/{rel}","templated":true}]}}