{"id":19610,"date":"2025-07-22T18:18:15","date_gmt":"2025-07-22T16:18:15","guid":{"rendered":"https:\/\/uj.adatbank.ro\/lexikon\/termek\/saltelechi-vasile\/"},"modified":"2025-07-22T18:18:15","modified_gmt":"2025-07-22T16:18:15","slug":"saltelechi-vasile","status":"publish","type":"product","link":"https:\/\/uj.adatbank.ro\/lexikon\/termek\/saltelechi-vasile\/","title":{"rendered":"SALTELECHI, Vasile"},"content":{"rendered":"<p>? \u2020?: g. kat. pap. \u2013 B\u00e1rdoson volt lelk\u00e9sz, a g. kat esperes helyn\u00f6ke lett (1899). Mv.-re ker\u00fclt, esperesk\u00e9nt a k\u0151templomban szolg\u00e1lt (1899\u20131909). <br \/><strong>Irod.:<\/strong> Id\u0151t\u00e1r 2; \u015eincan 2006.<\/br><\/p>\n","protected":false},"excerpt":{"rendered":"<p>? \u2020?: g. kat. pap. \u2013 B\u00e1rdoson volt lelk\u00e9sz, a g. kat esperes helyn\u00f6ke lett (1899). Mv.-re ker\u00fclt, esperesk\u00e9nt a k\u0151templomban szolg\u00e1lt (1899\u20131909). Irod.: Id\u0151t\u00e1r 2; \u015eincan 2006.<\/p>\n","protected":false},"featured_media":0,"comment_status":"open","ping_status":"closed","template":"","meta":[],"product_brand":[],"product_cat":[137],"product_tag":[],"class_list":{"0":"post-19610","1":"product","2":"type-product","3":"status-publish","5":"product_cat-maros-megyei-eletrajzi-lexikon","7":"first","8":"instock","9":"shipping-taxable","10":"product-type-simple"},"_links":{"self":[{"href":"https:\/\/uj.adatbank.ro\/lexikon\/wp-json\/wp\/v2\/product\/19610","targetHints":{"allow":["GET"]}}],"collection":[{"href":"https:\/\/uj.adatbank.ro\/lexikon\/wp-json\/wp\/v2\/product"}],"about":[{"href":"https:\/\/uj.adatbank.ro\/lexikon\/wp-json\/wp\/v2\/types\/product"}],"replies":[{"embeddable":true,"href":"https:\/\/uj.adatbank.ro\/lexikon\/wp-json\/wp\/v2\/comments?post=19610"}],"wp:attachment":[{"href":"https:\/\/uj.adatbank.ro\/lexikon\/wp-json\/wp\/v2\/media?parent=19610"}],"wp:term":[{"taxonomy":"product_brand","embeddable":true,"href":"https:\/\/uj.adatbank.ro\/lexikon\/wp-json\/wp\/v2\/product_brand?post=19610"},{"taxonomy":"product_cat","embeddable":true,"href":"https:\/\/uj.adatbank.ro\/lexikon\/wp-json\/wp\/v2\/product_cat?post=19610"},{"taxonomy":"product_tag","embeddable":true,"href":"https:\/\/uj.adatbank.ro\/lexikon\/wp-json\/wp\/v2\/product_tag?post=19610"}],"curies":[{"name":"wp","href":"https:\/\/api.w.org\/{rel}","templated":true}]}}